{"id":1142,"date":"2020-06-17T20:08:32","date_gmt":"2020-06-17T18:08:32","guid":{"rendered":"https:\/\/vedafrance.com\/autres-produits\/"},"modified":"2022-06-22T18:45:22","modified_gmt":"2022-06-22T16:45:22","slug":"other-products","status":"publish","type":"page","link":"https:\/\/vedafrance.com\/en\/other-products\/","title":{"rendered":"Other products"},"content":{"rendered":"<p>[et_pb_section fb_built=&#8221;1&#8243; _builder_version=&#8221;4.4.8&#8243;][et_pb_row _builder_version=&#8221;4.4.8&#8243;][et_pb_column type=&#8221;4_4&#8243; _builder_version=&#8221;4.4.8&#8243;][et_pb_text _builder_version=&#8221;4.4.8&#8243;]<\/p>\n<h1>AUTRES PRODUITS<\/h1>\n<p>&nbsp;<\/p>\n<div class=\"breadcrumb\">Vous \u00eates ici : <a href=\"\/\">Accueil<\/a> | Nos produits | <span>Autres produits<\/span><\/div>\n<p>[\/et_pb_text][\/et_pb_column][\/et_pb_row][\/et_pb_section][et_pb_section fb_built=&#8221;1&#8243; _builder_version=&#8221;4.4.8&#8243; custom_margin=&#8221;0px||0px||false|false&#8221; custom_padding=&#8221;0px||0px||false|false&#8221;][et_pb_row column_structure=&#8221;1_3,1_3,1_3&#8243; use_custom_gutter=&#8221;on&#8221; _builder_version=&#8221;4.4.8&#8243; background_enable_color=&#8221;off&#8221; width=&#8221;100%&#8221; max_width=&#8221;100%&#8221; height=&#8221;500px&#8221; custom_margin=&#8221;0px|0px|0px|0px|false|false&#8221; custom_padding=&#8221;0px|0px|0px|0px|false|false&#8221; border_width_top=&#8221;1px&#8221; border_color_top=&#8221;#000000&#8243;][et_pb_column type=&#8221;1_3&#8243; _builder_version=&#8221;4.4.8&#8243; background_color=&#8221;#f1f1f1&#8243; background_image=&#8221;https:\/\/vedafrance.com\/wp-content\/uploads\/2020\/07\/JDH-5.02-Modele-2020.png&#8221; background_size=&#8221;contain&#8221; background_position=&#8221;bottom_right&#8221; custom_padding=&#8221;2%|2%|2%|2%|false|false&#8221; custom_css_main_element=&#8221;height:100%;||background-size: 60%;||margin-right:0px;&#8221; border_width_right=&#8221;1px&#8221; border_color_right=&#8221;#000000&#8243;][et_pb_text _builder_version=&#8221;4.4.8&#8243; text_font=&#8221;|700|||||||&#8221; text_font_size=&#8221;26px&#8221; header_font=&#8221;|700|||||||&#8221; header_font_size=&#8221;26px&#8221;]<\/p>\n<h2 style=\"font-size: 26px; font-weight:600;\">JDH 5.02<\/h2>\n<p>[\/et_pb_text][et_pb_text _builder_version=&#8221;4.4.8&#8243; text_font=&#8221;|300|||||||&#8221; text_text_color=&#8221;#000000&#8243; text_font_size=&#8221;16px&#8221; text_line_height=&#8221;2em&#8221; header_font=&#8221;|300|||||||&#8221; header_text_color=&#8221;#000000&#8243; header_font_size=&#8221;16px&#8221; header_line_height=&#8221;2em&#8221;]Joint de dilatation de sol standard pour ext\u00e9rieur et int\u00e9rieur constitu\u00e9 de corni\u00e8res en aluminium pr\u00e9-perc\u00e9es et d\u2019un insert souple central interchangeable permettant d\u2019absorber les mouvements de dilatation. [\/et_pb_text][et_pb_button button_text=&#8221;En savoir plus&#8221; _builder_version=&#8221;4.4.8&#8243; custom_button=&#8221;on&#8221; button_text_size=&#8221;14px&#8221; button_text_color=&#8221;#000000&#8243; button_bg_color=&#8221;#ffffff&#8221; button_border_width=&#8221;2px&#8221; button_border_color=&#8221;#ffffff&#8221; button_font=&#8221;|700||on|||||&#8221; button_use_icon=&#8221;off&#8221; button_text_color__hover_enabled=&#8221;on|hover&#8221; button_text_color__hover=&#8221;#ffffff&#8221; button_bg_color__hover_enabled=&#8221;on|hover&#8221; button_bg_color__hover=&#8221;#000000&#8243; button_bg_enable_color__hover=&#8221;on&#8221; button_border_color__hover_enabled=&#8221;on|hover&#8221; button_border_color__hover=&#8221;#000000&#8243;][\/et_pb_button][\/et_pb_column][et_pb_column type=&#8221;1_3&#8243; _builder_version=&#8221;4.4.8&#8243; background_color=&#8221;#ffffff&#8221; background_image=&#8221;https:\/\/vedafrance.com\/wp-content\/uploads\/2020\/07\/JDH-5.02-Modele-2020.png&#8221; background_size=&#8221;contain&#8221; background_position=&#8221;bottom_right&#8221; custom_padding=&#8221;2%|2%|2%|2%|false|false&#8221; custom_css_main_element=&#8221;height:100%;||background-size: 60%;||margin-right:0px;&#8221; border_width_right=&#8221;1px&#8221; border_color_right=&#8221;#000000&#8243;][et_pb_text _builder_version=&#8221;4.4.8&#8243; text_font=&#8221;|700|||||||&#8221; text_font_size=&#8221;26px&#8221; header_font=&#8221;|700|||||||&#8221; header_font_size=&#8221;26px&#8221;]<\/p>\n<h2 style=\"font-size: 26px; font-weight:600;\">JDH 5.02<\/h2>\n<p>[\/et_pb_text][et_pb_text _builder_version=&#8221;4.4.8&#8243; text_font=&#8221;|300|||||||&#8221; text_text_color=&#8221;#000000&#8243; text_font_size=&#8221;16px&#8221; text_line_height=&#8221;2em&#8221; header_font=&#8221;|300|||||||&#8221; header_text_color=&#8221;#000000&#8243; header_font_size=&#8221;16px&#8221; header_line_height=&#8221;2em&#8221;]Joint de dilatation de sol standard pour ext\u00e9rieur et int\u00e9rieur constitu\u00e9 de corni\u00e8res en aluminium pr\u00e9-perc\u00e9es et d\u2019un insert souple central interchangeable permettant d\u2019absorber les mouvements de dilatation. [\/et_pb_text][et_pb_button button_text=&#8221;En savoir plus&#8221; _builder_version=&#8221;4.4.8&#8243; custom_button=&#8221;on&#8221; button_text_size=&#8221;14px&#8221; button_text_color=&#8221;#000000&#8243; button_bg_color=&#8221;#f1f1f1&#8243; button_border_width=&#8221;2px&#8221; button_border_color=&#8221;#ffffff&#8221; button_font=&#8221;|700||on|||||&#8221; button_use_icon=&#8221;off&#8221; button_text_color__hover_enabled=&#8221;on|hover&#8221; button_text_color__hover=&#8221;#ffffff&#8221; button_bg_color__hover_enabled=&#8221;on|hover&#8221; button_bg_color__hover=&#8221;#000000&#8243; button_bg_enable_color__hover=&#8221;on&#8221; button_border_color__hover_enabled=&#8221;on|hover&#8221; button_border_color__hover=&#8221;#000000&#8243;][\/et_pb_button][\/et_pb_column][et_pb_column type=&#8221;1_3&#8243; _builder_version=&#8221;4.4.8&#8243; background_color=&#8221;#f1f1f1&#8243; background_image=&#8221;https:\/\/vedafrance.com\/wp-content\/uploads\/2020\/07\/JDH-5.02-Modele-2020.png&#8221; background_size=&#8221;contain&#8221; background_position=&#8221;bottom_right&#8221; custom_padding=&#8221;2%|2%|2%|2%|false|false&#8221; custom_css_main_element=&#8221;height:100%;||background-size: 60%;||margin-right:0px;&#8221; border_width_right=&#8221;1px&#8221; border_color_right=&#8221;#000000&#8243;][et_pb_text _builder_version=&#8221;4.4.8&#8243; text_font=&#8221;|700|||||||&#8221; text_font_size=&#8221;26px&#8221; header_font=&#8221;|700|||||||&#8221; header_font_size=&#8221;26px&#8221;]<\/p>\n<h2 style=\"font-size: 26px; font-weight:600;\">JDH 5.02<\/h2>\n<p>[\/et_pb_text][et_pb_text _builder_version=&#8221;4.4.8&#8243; text_font=&#8221;|300|||||||&#8221; text_text_color=&#8221;#000000&#8243; text_font_size=&#8221;16px&#8221; text_line_height=&#8221;2em&#8221; header_font=&#8221;|300|||||||&#8221; header_text_color=&#8221;#000000&#8243; header_font_size=&#8221;16px&#8221; header_line_height=&#8221;2em&#8221;]Joint de dilatation de sol standard pour ext\u00e9rieur et int\u00e9rieur constitu\u00e9 de corni\u00e8res en aluminium pr\u00e9-perc\u00e9es et d\u2019un insert souple central interchangeable permettant d\u2019absorber les mouvements de dilatation. [\/et_pb_text][et_pb_button button_text=&#8221;En savoir plus&#8221; _builder_version=&#8221;4.4.8&#8243; custom_button=&#8221;on&#8221; button_text_size=&#8221;14px&#8221; button_text_color=&#8221;#000000&#8243; button_bg_color=&#8221;#ffffff&#8221; button_border_width=&#8221;2px&#8221; button_border_color=&#8221;#ffffff&#8221; button_font=&#8221;|700||on|||||&#8221; button_use_icon=&#8221;off&#8221; button_text_color__hover_enabled=&#8221;on|hover&#8221; button_text_color__hover=&#8221;#ffffff&#8221; button_bg_color__hover_enabled=&#8221;on|hover&#8221; button_bg_color__hover=&#8221;#000000&#8243; button_bg_enable_color__hover=&#8221;on&#8221; button_border_color__hover_enabled=&#8221;on|hover&#8221; button_border_color__hover=&#8221;#000000&#8243;][\/et_pb_button][\/et_pb_column][\/et_pb_row][et_pb_row column_structure=&#8221;1_3,1_3,1_3&#8243; use_custom_gutter=&#8221;on&#8221; _builder_version=&#8221;4.4.8&#8243; background_color=&#8221;#ffffff&#8221; background_image=&#8221;https:\/\/vedafrance.com\/wp-content\/uploads\/2020\/07\/JDH-5.02-Modele-2020.png&#8221; background_size=&#8221;contain&#8221; width=&#8221;100%&#8221; max_width=&#8221;100%&#8221; height=&#8221;500px&#8221; custom_margin=&#8221;0px|0px|0px|0px|false|false&#8221; custom_padding=&#8221;0px|0px|0px|0px|false|false&#8221; border_width_top=&#8221;1px&#8221; border_color_top=&#8221;#000000&#8243;][et_pb_column type=&#8221;1_3&#8243; _builder_version=&#8221;4.4.8&#8243; background_color=&#8221;#ffffff&#8221; background_image=&#8221;https:\/\/vedafrance.com\/wp-content\/uploads\/2020\/07\/JDH-5.02-Modele-2020.png&#8221; background_size=&#8221;contain&#8221; background_position=&#8221;bottom_right&#8221; custom_padding=&#8221;2%|2%|2%|2%|false|false&#8221; custom_css_main_element=&#8221;height:100%;||background-size: 60%;||margin-right:0px;&#8221; border_width_right=&#8221;1px&#8221; border_color_right=&#8221;#000000&#8243;][et_pb_text _builder_version=&#8221;4.4.8&#8243; text_font=&#8221;|700|||||||&#8221; text_font_size=&#8221;26px&#8221; header_font=&#8221;|700|||||||&#8221; header_font_size=&#8221;26px&#8221;]<\/p>\n<h2 style=\"font-size: 26px; font-weight:600;\">JDH 5.02<\/h2>\n<p>[\/et_pb_text][et_pb_text _builder_version=&#8221;4.4.8&#8243; text_font=&#8221;|300|||||||&#8221; text_text_color=&#8221;#000000&#8243; text_font_size=&#8221;16px&#8221; text_line_height=&#8221;2em&#8221; header_font=&#8221;|300|||||||&#8221; header_text_color=&#8221;#000000&#8243; header_font_size=&#8221;16px&#8221; header_line_height=&#8221;2em&#8221;]Joint de dilatation de sol standard pour ext\u00e9rieur et int\u00e9rieur constitu\u00e9 de corni\u00e8res en aluminium pr\u00e9-perc\u00e9es et d\u2019un insert souple central interchangeable permettant d\u2019absorber les mouvements de dilatation. [\/et_pb_text][et_pb_button button_text=&#8221;En savoir plus&#8221; _builder_version=&#8221;4.4.8&#8243; custom_button=&#8221;on&#8221; button_text_size=&#8221;14px&#8221; button_text_color=&#8221;#000000&#8243; button_bg_color=&#8221;#f1f1f1&#8243; button_border_width=&#8221;2px&#8221; button_border_color=&#8221;#ffffff&#8221; button_font=&#8221;|700||on|||||&#8221; button_use_icon=&#8221;off&#8221; button_text_color__hover_enabled=&#8221;on|hover&#8221; button_text_color__hover=&#8221;#ffffff&#8221; button_bg_color__hover_enabled=&#8221;on|hover&#8221; button_bg_color__hover=&#8221;#000000&#8243; button_bg_enable_color__hover=&#8221;on&#8221; button_border_color__hover_enabled=&#8221;on|hover&#8221; button_border_color__hover=&#8221;#000000&#8243;][\/et_pb_button][\/et_pb_column][et_pb_column type=&#8221;1_3&#8243; _builder_version=&#8221;4.4.8&#8243; background_color=&#8221;#f1f1f1&#8243; background_image=&#8221;https:\/\/vedafrance.com\/wp-content\/uploads\/2020\/07\/JDH-5.02-Modele-2020.png&#8221; background_size=&#8221;contain&#8221; background_position=&#8221;bottom_right&#8221; custom_padding=&#8221;2%|2%|2%|2%|false|false&#8221; custom_css_main_element=&#8221;height:100%;||background-size: 60%;||margin-right:0px;&#8221; border_width_right=&#8221;1px&#8221; border_color_right=&#8221;#000000&#8243;][et_pb_text _builder_version=&#8221;4.4.8&#8243; text_font=&#8221;|700|||||||&#8221; text_font_size=&#8221;26px&#8221; header_font=&#8221;|700|||||||&#8221; header_font_size=&#8221;26px&#8221;]<\/p>\n<h2 style=\"font-size: 26px; font-weight:600;\">JDH 5.02<\/h2>\n<p>[\/et_pb_text][et_pb_text _builder_version=&#8221;4.4.8&#8243; text_font=&#8221;|300|||||||&#8221; text_text_color=&#8221;#000000&#8243; text_font_size=&#8221;16px&#8221; text_line_height=&#8221;2em&#8221; header_font=&#8221;|300|||||||&#8221; header_text_color=&#8221;#000000&#8243; header_font_size=&#8221;16px&#8221; header_line_height=&#8221;2em&#8221;]Joint de dilatation de sol standard pour ext\u00e9rieur et int\u00e9rieur constitu\u00e9 de corni\u00e8res en aluminium pr\u00e9-perc\u00e9es et d\u2019un insert souple central interchangeable permettant d\u2019absorber les mouvements de dilatation. [\/et_pb_text][et_pb_button button_text=&#8221;En savoir plus&#8221; _builder_version=&#8221;4.4.8&#8243; custom_button=&#8221;on&#8221; button_text_size=&#8221;14px&#8221; button_text_color=&#8221;#000000&#8243; button_bg_color=&#8221;#ffffff&#8221; button_border_width=&#8221;2px&#8221; button_border_color=&#8221;#ffffff&#8221; button_font=&#8221;|700||on|||||&#8221; button_use_icon=&#8221;off&#8221; button_text_color__hover_enabled=&#8221;on|hover&#8221; button_text_color__hover=&#8221;#ffffff&#8221; button_bg_color__hover_enabled=&#8221;on|hover&#8221; button_bg_color__hover=&#8221;#000000&#8243; button_bg_enable_color__hover=&#8221;on&#8221; button_border_color__hover_enabled=&#8221;on|hover&#8221; button_border_color__hover=&#8221;#000000&#8243;][\/et_pb_button][\/et_pb_column][et_pb_column type=&#8221;1_3&#8243; _builder_version=&#8221;4.4.8&#8243; background_color=&#8221;#ffffff&#8221; background_image=&#8221;https:\/\/vedafrance.com\/wp-content\/uploads\/2020\/07\/JDH-5.02-Modele-2020.png&#8221; background_size=&#8221;contain&#8221; background_position=&#8221;bottom_right&#8221; custom_padding=&#8221;2%|2%|2%|2%|false|false&#8221; custom_css_main_element=&#8221;height:100%;||background-size: 60%;||margin-right:0px;&#8221; border_width_right=&#8221;1px&#8221; border_color_right=&#8221;#000000&#8243;][et_pb_text _builder_version=&#8221;4.4.8&#8243; text_font=&#8221;|700|||||||&#8221; text_font_size=&#8221;26px&#8221; header_font=&#8221;|700|||||||&#8221; header_font_size=&#8221;26px&#8221;]<\/p>\n<h2 style=\"font-size: 26px; font-weight:600;\">JDH 5.02<\/h2>\n<p>[\/et_pb_text][et_pb_text _builder_version=&#8221;4.4.8&#8243; text_font=&#8221;|300|||||||&#8221; text_text_color=&#8221;#000000&#8243; text_font_size=&#8221;16px&#8221; text_line_height=&#8221;2em&#8221; header_font=&#8221;|300|||||||&#8221; header_text_color=&#8221;#000000&#8243; header_font_size=&#8221;16px&#8221; header_line_height=&#8221;2em&#8221;]Joint de dilatation de sol standard pour ext\u00e9rieur et int\u00e9rieur constitu\u00e9 de corni\u00e8res en aluminium pr\u00e9-perc\u00e9es et d\u2019un insert souple central interchangeable permettant d\u2019absorber les mouvements de dilatation. [\/et_pb_text][et_pb_button button_text=&#8221;En savoir plus&#8221; _builder_version=&#8221;4.4.8&#8243; custom_button=&#8221;on&#8221; button_text_size=&#8221;14px&#8221; button_text_color=&#8221;#000000&#8243; button_bg_color=&#8221;#f1f1f1&#8243; button_border_width=&#8221;2px&#8221; button_border_color=&#8221;#ffffff&#8221; button_font=&#8221;|700||on|||||&#8221; button_use_icon=&#8221;off&#8221; button_text_color__hover_enabled=&#8221;on|hover&#8221; button_text_color__hover=&#8221;#ffffff&#8221; button_bg_color__hover_enabled=&#8221;on|hover&#8221; button_bg_color__hover=&#8221;#000000&#8243; button_bg_enable_color__hover=&#8221;on&#8221; button_border_color__hover_enabled=&#8221;on|hover&#8221; button_border_color__hover=&#8221;#000000&#8243;][\/et_pb_button][\/et_pb_column][\/et_pb_row][\/et_pb_section]<\/p>\n","protected":false},"excerpt":{"rendered":"<p>For waterproofing expansion joint with offer a range of waterproofing membrane, waterstop strips, hydrophilic seal strips,&#8230; They provide a watertight expansion joint.<br \/>\nStair nosings in aluminium, brass and stainless steel for enhanced safety, attached by adhesive or screws, with or without anti-slip insert; antislip adhesive tapes.<\/p>\n","protected":false},"author":1,"featured_media":0,"parent":0,"menu_order":0,"comment_status":"closed","ping_status":"closed","template":"template-category-produit-level-2.php","meta":{"_acf_changed":false,"_et_pb_use_builder":"on","_et_pb_old_content":"","_et_gb_content_width":"","footnotes":""},"class_list":["post-1142","page","type-page","status-publish","hentry"],"acf":[],"yoast_head":"<!-- This site is optimized with the Yoast SEO plugin v26.5 - https:\/\/yoast.com\/wordpress\/plugins\/seo\/ -->\n<title>Aluminium stair nosings, waterproofing membranes, waterproofing expansion joints<\/title>\n<meta name=\"description\" content=\"Vedafrance manufactures and sells all types of waterproofing products for expansion joints, stair nosing, backer rods etc.\" \/>\n<meta name=\"robots\" content=\"index, follow, max-snippet:-1, max-image-preview:large, max-video-preview:-1\" \/>\n<link rel=\"canonical\" href=\"https:\/\/vedafrance.com\/en\/other-products\/\" \/>\n<meta property=\"og:locale\" content=\"en_US\" \/>\n<meta property=\"og:type\" content=\"article\" \/>\n<meta property=\"og:title\" content=\"Aluminium stair nosings, waterproofing membranes, waterproofing expansion joints\" \/>\n<meta property=\"og:description\" content=\"Vedafrance manufactures and sells all types of waterproofing products for expansion joints, stair nosing, backer rods etc.\" \/>\n<meta property=\"og:url\" content=\"https:\/\/vedafrance.com\/en\/other-products\/\" \/>\n<meta property=\"og:site_name\" content=\"Veda France\" \/>\n<meta property=\"article:publisher\" content=\"https:\/\/www.facebook.com\/pages\/category\/Industrial-Company\/GV2-VEDA-France-1401384223425452\/\" \/>\n<meta property=\"article:modified_time\" content=\"2022-06-22T16:45:22+00:00\" \/>\n<meta name=\"twitter:card\" content=\"summary_large_image\" \/>\n<meta name=\"twitter:site\" content=\"@gv2veda\" \/>\n<meta name=\"twitter:label1\" content=\"Est. reading time\" \/>\n\t<meta name=\"twitter:data1\" content=\"8 minutes\" \/>\n<script type=\"application\/ld+json\" class=\"yoast-schema-graph\">{\"@context\":\"https:\/\/schema.org\",\"@graph\":[{\"@type\":\"WebPage\",\"@id\":\"https:\/\/vedafrance.com\/en\/other-products\/\",\"url\":\"https:\/\/vedafrance.com\/en\/other-products\/\",\"name\":\"Aluminium stair nosings, waterproofing membranes, waterproofing expansion joints\",\"isPartOf\":{\"@id\":\"https:\/\/vedafrance.com\/en\/#website\"},\"datePublished\":\"2020-06-17T18:08:32+00:00\",\"dateModified\":\"2022-06-22T16:45:22+00:00\",\"description\":\"Vedafrance manufactures and sells all types of waterproofing products for expansion joints, stair nosing, backer rods etc.\",\"breadcrumb\":{\"@id\":\"https:\/\/vedafrance.com\/en\/other-products\/#breadcrumb\"},\"inLanguage\":\"en-US\",\"potentialAction\":[{\"@type\":\"ReadAction\",\"target\":[\"https:\/\/vedafrance.com\/en\/other-products\/\"]}]},{\"@type\":\"BreadcrumbList\",\"@id\":\"https:\/\/vedafrance.com\/en\/other-products\/#breadcrumb\",\"itemListElement\":[{\"@type\":\"ListItem\",\"position\":1,\"name\":\"Accueil\",\"item\":\"https:\/\/vedafrance.com\/en\/\"},{\"@type\":\"ListItem\",\"position\":2,\"name\":\"Other products\"}]},{\"@type\":\"WebSite\",\"@id\":\"https:\/\/vedafrance.com\/en\/#website\",\"url\":\"https:\/\/vedafrance.com\/en\/\",\"name\":\"Veda France\",\"description\":\"\",\"publisher\":{\"@id\":\"https:\/\/vedafrance.com\/en\/#organization\"},\"potentialAction\":[{\"@type\":\"SearchAction\",\"target\":{\"@type\":\"EntryPoint\",\"urlTemplate\":\"https:\/\/vedafrance.com\/en\/?s={search_term_string}\"},\"query-input\":{\"@type\":\"PropertyValueSpecification\",\"valueRequired\":true,\"valueName\":\"search_term_string\"}}],\"inLanguage\":\"en-US\"},{\"@type\":\"Organization\",\"@id\":\"https:\/\/vedafrance.com\/en\/#organization\",\"name\":\"Veda France\",\"url\":\"https:\/\/vedafrance.com\/en\/\",\"logo\":{\"@type\":\"ImageObject\",\"inLanguage\":\"en-US\",\"@id\":\"https:\/\/vedafrance.com\/en\/#\/schema\/logo\/image\/\",\"url\":\"https:\/\/vedafrance.com\/wp-content\/uploads\/2020\/10\/Veda-logo-280x88-1.png\",\"contentUrl\":\"https:\/\/vedafrance.com\/wp-content\/uploads\/2020\/10\/Veda-logo-280x88-1.png\",\"width\":200,\"height\":120,\"caption\":\"Veda France\"},\"image\":{\"@id\":\"https:\/\/vedafrance.com\/en\/#\/schema\/logo\/image\/\"},\"sameAs\":[\"https:\/\/www.facebook.com\/pages\/category\/Industrial-Company\/GV2-VEDA-France-1401384223425452\/\",\"https:\/\/x.com\/gv2veda\",\"https:\/\/www.instagram.com\/veda_france\/\",\"https:\/\/fr.linkedin.com\/company\/gv2-veda-france\"]}]}<\/script>\n<!-- \/ Yoast SEO plugin. -->","yoast_head_json":{"title":"Aluminium stair nosings, waterproofing membranes, waterproofing expansion joints","description":"Vedafrance manufactures and sells all types of waterproofing products for expansion joints, stair nosing, backer rods etc.","robots":{"index":"index","follow":"follow","max-snippet":"max-snippet:-1","max-image-preview":"max-image-preview:large","max-video-preview":"max-video-preview:-1"},"canonical":"https:\/\/vedafrance.com\/en\/other-products\/","og_locale":"en_US","og_type":"article","og_title":"Aluminium stair nosings, waterproofing membranes, waterproofing expansion joints","og_description":"Vedafrance manufactures and sells all types of waterproofing products for expansion joints, stair nosing, backer rods etc.","og_url":"https:\/\/vedafrance.com\/en\/other-products\/","og_site_name":"Veda France","article_publisher":"https:\/\/www.facebook.com\/pages\/category\/Industrial-Company\/GV2-VEDA-France-1401384223425452\/","article_modified_time":"2022-06-22T16:45:22+00:00","twitter_card":"summary_large_image","twitter_site":"@gv2veda","twitter_misc":{"Est. reading time":"8 minutes"},"schema":{"@context":"https:\/\/schema.org","@graph":[{"@type":"WebPage","@id":"https:\/\/vedafrance.com\/en\/other-products\/","url":"https:\/\/vedafrance.com\/en\/other-products\/","name":"Aluminium stair nosings, waterproofing membranes, waterproofing expansion joints","isPartOf":{"@id":"https:\/\/vedafrance.com\/en\/#website"},"datePublished":"2020-06-17T18:08:32+00:00","dateModified":"2022-06-22T16:45:22+00:00","description":"Vedafrance manufactures and sells all types of waterproofing products for expansion joints, stair nosing, backer rods etc.","breadcrumb":{"@id":"https:\/\/vedafrance.com\/en\/other-products\/#breadcrumb"},"inLanguage":"en-US","potentialAction":[{"@type":"ReadAction","target":["https:\/\/vedafrance.com\/en\/other-products\/"]}]},{"@type":"BreadcrumbList","@id":"https:\/\/vedafrance.com\/en\/other-products\/#breadcrumb","itemListElement":[{"@type":"ListItem","position":1,"name":"Accueil","item":"https:\/\/vedafrance.com\/en\/"},{"@type":"ListItem","position":2,"name":"Other products"}]},{"@type":"WebSite","@id":"https:\/\/vedafrance.com\/en\/#website","url":"https:\/\/vedafrance.com\/en\/","name":"Veda France","description":"","publisher":{"@id":"https:\/\/vedafrance.com\/en\/#organization"},"potentialAction":[{"@type":"SearchAction","target":{"@type":"EntryPoint","urlTemplate":"https:\/\/vedafrance.com\/en\/?s={search_term_string}"},"query-input":{"@type":"PropertyValueSpecification","valueRequired":true,"valueName":"search_term_string"}}],"inLanguage":"en-US"},{"@type":"Organization","@id":"https:\/\/vedafrance.com\/en\/#organization","name":"Veda France","url":"https:\/\/vedafrance.com\/en\/","logo":{"@type":"ImageObject","inLanguage":"en-US","@id":"https:\/\/vedafrance.com\/en\/#\/schema\/logo\/image\/","url":"https:\/\/vedafrance.com\/wp-content\/uploads\/2020\/10\/Veda-logo-280x88-1.png","contentUrl":"https:\/\/vedafrance.com\/wp-content\/uploads\/2020\/10\/Veda-logo-280x88-1.png","width":200,"height":120,"caption":"Veda France"},"image":{"@id":"https:\/\/vedafrance.com\/en\/#\/schema\/logo\/image\/"},"sameAs":["https:\/\/www.facebook.com\/pages\/category\/Industrial-Company\/GV2-VEDA-France-1401384223425452\/","https:\/\/x.com\/gv2veda","https:\/\/www.instagram.com\/veda_france\/","https:\/\/fr.linkedin.com\/company\/gv2-veda-france"]}]}},"_links":{"self":[{"href":"https:\/\/vedafrance.com\/en\/wp-json\/wp\/v2\/pages\/1142","targetHints":{"allow":["GET"]}}],"collection":[{"href":"https:\/\/vedafrance.com\/en\/wp-json\/wp\/v2\/pages"}],"about":[{"href":"https:\/\/vedafrance.com\/en\/wp-json\/wp\/v2\/types\/page"}],"author":[{"embeddable":true,"href":"https:\/\/vedafrance.com\/en\/wp-json\/wp\/v2\/users\/1"}],"replies":[{"embeddable":true,"href":"https:\/\/vedafrance.com\/en\/wp-json\/wp\/v2\/comments?post=1142"}],"version-history":[{"count":10,"href":"https:\/\/vedafrance.com\/en\/wp-json\/wp\/v2\/pages\/1142\/revisions"}],"predecessor-version":[{"id":14267,"href":"https:\/\/vedafrance.com\/en\/wp-json\/wp\/v2\/pages\/1142\/revisions\/14267"}],"wp:attachment":[{"href":"https:\/\/vedafrance.com\/en\/wp-json\/wp\/v2\/media?parent=1142"}],"curies":[{"name":"wp","href":"https:\/\/api.w.org\/{rel}","templated":true}]}}