{"id":1141,"date":"2020-06-17T20:08:06","date_gmt":"2020-06-17T18:08:06","guid":{"rendered":"https:\/\/vedafrance.com\/joints-de-fractionnement\/"},"modified":"2026-02-20T11:53:36","modified_gmt":"2026-02-20T10:53:36","slug":"juntas-de-fraccionamiento","status":"publish","type":"page","link":"https:\/\/vedafrance.com\/es\/juntas-de-fraccionamiento\/","title":{"rendered":"Juntas de fraccionamiento"},"content":{"rendered":"<p>[et_pb_section fb_built=\u00bb1&#8243; _builder_version=\u00bb4.4.8&#8243;][et_pb_row _builder_version=\u00bb4.4.8&#8243;][et_pb_column type=\u00bb4_4&#8243; _builder_version=\u00bb4.4.8&#8243;][et_pb_text _builder_version=\u00bb4.4.8&#8243;]<\/p>\n<div class=\"breadcrumb\">Usted est\u00e1 aqu\u00ed : <a href=\"\/\">P\u00e1gina principal<\/a> | <span>Juntas de fraccionamiento<\/span><\/div>\n<p>&nbsp;<\/p>\n<h1>JUNTAS DE FRACCIONAMIENTO<\/h1>\n<p>[\/et_pb_text][\/et_pb_column][\/et_pb_row][\/et_pb_section][et_pb_section fb_built=\u00bb1&#8243; _builder_version=\u00bb4.4.8&#8243; custom_margin=\u00bb0px||0px||false|false\u00bb custom_padding=\u00bb0px||0px||false|false\u00bb][et_pb_row column_structure=\u00bb1_3,1_3,1_3&#8243; use_custom_gutter=\u00bbon\u00bb _builder_version=\u00bb4.4.8&#8243; background_enable_color=\u00bboff\u00bb width=\u00bb100%\u00bb max_width=\u00bb100%\u00bb height=\u00bb500px\u00bb custom_margin=\u00bb0px|0px|0px|0px|false|false\u00bb custom_padding=\u00bb0px|0px|0px|0px|false|false\u00bb border_width_top=\u00bb1px\u00bb border_color_top=\u00bb#000000&#8243;][et_pb_column type=\u00bb1_3&#8243; _builder_version=\u00bb4.4.8&#8243; background_color=\u00bb#f1f1f1&#8243; background_image=\u00bbhttps:\/\/vedafrance.com\/wp-content\/uploads\/2020\/07\/JDH-5.02-Modele-2020.png\u00bb background_size=\u00bbcontain\u00bb background_position=\u00bbbottom_right\u00bb custom_padding=\u00bb2%|2%|2%|2%|false|false\u00bb custom_css_main_element=\u00bbheight:100%;||background-size: 60%;||margin-right:0px;\u00bb border_width_right=\u00bb1px\u00bb border_color_right=\u00bb#000000&#8243;][et_pb_text _builder_version=\u00bb4.4.8&#8243; text_font=\u00bb|700|||||||\u00bb text_font_size=\u00bb26px\u00bb header_font=\u00bb|700|||||||\u00bb header_font_size=\u00bb26px\u00bb]<\/p>\n<h2 style=\"font-size: 26px; font-weight:600;\">JDH 5.02<\/h2>\n<p>[\/et_pb_text][et_pb_text _builder_version=\u00bb4.4.8&#8243; text_font=\u00bb|300|||||||\u00bb text_text_color=\u00bb#000000&#8243; text_font_size=\u00bb16px\u00bb text_line_height=\u00bb2em\u00bb header_font=\u00bb|300|||||||\u00bb header_text_color=\u00bb#000000&#8243; header_font_size=\u00bb16px\u00bb header_line_height=\u00bb2em\u00bb]Joint de dilatation de sol standard pour ext\u00e9rieur et int\u00e9rieur constitu\u00e9 de corni\u00e8res en aluminium pr\u00e9-perc\u00e9es et d\u2019un insert souple central interchangeable permettant d\u2019absorber les mouvements de dilatation. [\/et_pb_text][et_pb_button button_text=\u00bbEn savoir plus\u00bb _builder_version=\u00bb4.4.8&#8243; custom_button=\u00bbon\u00bb button_text_size=\u00bb14px\u00bb button_text_color=\u00bb#000000&#8243; button_bg_color=\u00bb#ffffff\u00bb button_border_width=\u00bb2px\u00bb button_border_color=\u00bb#ffffff\u00bb button_font=\u00bb|700||on|||||\u00bb button_use_icon=\u00bboff\u00bb button_text_color__hover_enabled=\u00bbon|hover\u00bb button_text_color__hover=\u00bb#ffffff\u00bb button_bg_color__hover_enabled=\u00bbon|hover\u00bb button_bg_color__hover=\u00bb#000000&#8243; button_bg_enable_color__hover=\u00bbon\u00bb button_border_color__hover_enabled=\u00bbon|hover\u00bb button_border_color__hover=\u00bb#000000&#8243;][\/et_pb_button][\/et_pb_column][et_pb_column type=\u00bb1_3&#8243; _builder_version=\u00bb4.4.8&#8243; background_color=\u00bb#ffffff\u00bb background_image=\u00bbhttps:\/\/vedafrance.com\/wp-content\/uploads\/2020\/07\/JDH-5.02-Modele-2020.png\u00bb background_size=\u00bbcontain\u00bb background_position=\u00bbbottom_right\u00bb custom_padding=\u00bb2%|2%|2%|2%|false|false\u00bb custom_css_main_element=\u00bbheight:100%;||background-size: 60%;||margin-right:0px;\u00bb border_width_right=\u00bb1px\u00bb border_color_right=\u00bb#000000&#8243;][et_pb_text _builder_version=\u00bb4.4.8&#8243; text_font=\u00bb|700|||||||\u00bb text_font_size=\u00bb26px\u00bb header_font=\u00bb|700|||||||\u00bb header_font_size=\u00bb26px\u00bb]<\/p>\n<h2 style=\"font-size: 26px; font-weight:600;\">JDH 5.02<\/h2>\n<p>[\/et_pb_text][et_pb_text _builder_version=\u00bb4.4.8&#8243; text_font=\u00bb|300|||||||\u00bb text_text_color=\u00bb#000000&#8243; text_font_size=\u00bb16px\u00bb text_line_height=\u00bb2em\u00bb header_font=\u00bb|300|||||||\u00bb header_text_color=\u00bb#000000&#8243; header_font_size=\u00bb16px\u00bb header_line_height=\u00bb2em\u00bb]Joint de dilatation de sol standard pour ext\u00e9rieur et int\u00e9rieur constitu\u00e9 de corni\u00e8res en aluminium pr\u00e9-perc\u00e9es et d\u2019un insert souple central interchangeable permettant d\u2019absorber les mouvements de dilatation. [\/et_pb_text][et_pb_button button_text=\u00bbEn savoir plus\u00bb _builder_version=\u00bb4.4.8&#8243; custom_button=\u00bbon\u00bb button_text_size=\u00bb14px\u00bb button_text_color=\u00bb#000000&#8243; button_bg_color=\u00bb#f1f1f1&#8243; button_border_width=\u00bb2px\u00bb button_border_color=\u00bb#ffffff\u00bb button_font=\u00bb|700||on|||||\u00bb button_use_icon=\u00bboff\u00bb button_text_color__hover_enabled=\u00bbon|hover\u00bb button_text_color__hover=\u00bb#ffffff\u00bb button_bg_color__hover_enabled=\u00bbon|hover\u00bb button_bg_color__hover=\u00bb#000000&#8243; button_bg_enable_color__hover=\u00bbon\u00bb button_border_color__hover_enabled=\u00bbon|hover\u00bb button_border_color__hover=\u00bb#000000&#8243;][\/et_pb_button][\/et_pb_column][et_pb_column type=\u00bb1_3&#8243; _builder_version=\u00bb4.4.8&#8243; background_color=\u00bb#f1f1f1&#8243; background_image=\u00bbhttps:\/\/vedafrance.com\/wp-content\/uploads\/2020\/07\/JDH-5.02-Modele-2020.png\u00bb background_size=\u00bbcontain\u00bb background_position=\u00bbbottom_right\u00bb custom_padding=\u00bb2%|2%|2%|2%|false|false\u00bb custom_css_main_element=\u00bbheight:100%;||background-size: 60%;||margin-right:0px;\u00bb border_width_right=\u00bb1px\u00bb border_color_right=\u00bb#000000&#8243;][et_pb_text _builder_version=\u00bb4.4.8&#8243; text_font=\u00bb|700|||||||\u00bb text_font_size=\u00bb26px\u00bb header_font=\u00bb|700|||||||\u00bb header_font_size=\u00bb26px\u00bb]<\/p>\n<h2 style=\"font-size: 26px; font-weight:600;\">JDH 5.02<\/h2>\n<p>[\/et_pb_text][et_pb_text _builder_version=\u00bb4.4.8&#8243; text_font=\u00bb|300|||||||\u00bb text_text_color=\u00bb#000000&#8243; text_font_size=\u00bb16px\u00bb text_line_height=\u00bb2em\u00bb header_font=\u00bb|300|||||||\u00bb header_text_color=\u00bb#000000&#8243; header_font_size=\u00bb16px\u00bb header_line_height=\u00bb2em\u00bb]Joint de dilatation de sol standard pour ext\u00e9rieur et int\u00e9rieur constitu\u00e9 de corni\u00e8res en aluminium pr\u00e9-perc\u00e9es et d\u2019un insert souple central interchangeable permettant d\u2019absorber les mouvements de dilatation. [\/et_pb_text][et_pb_button button_text=\u00bbEn savoir plus\u00bb _builder_version=\u00bb4.4.8&#8243; custom_button=\u00bbon\u00bb button_text_size=\u00bb14px\u00bb button_text_color=\u00bb#000000&#8243; button_bg_color=\u00bb#ffffff\u00bb button_border_width=\u00bb2px\u00bb button_border_color=\u00bb#ffffff\u00bb button_font=\u00bb|700||on|||||\u00bb button_use_icon=\u00bboff\u00bb button_text_color__hover_enabled=\u00bbon|hover\u00bb button_text_color__hover=\u00bb#ffffff\u00bb button_bg_color__hover_enabled=\u00bbon|hover\u00bb button_bg_color__hover=\u00bb#000000&#8243; button_bg_enable_color__hover=\u00bbon\u00bb button_border_color__hover_enabled=\u00bbon|hover\u00bb button_border_color__hover=\u00bb#000000&#8243;][\/et_pb_button][\/et_pb_column][\/et_pb_row][et_pb_row column_structure=\u00bb1_3,1_3,1_3&#8243; use_custom_gutter=\u00bbon\u00bb _builder_version=\u00bb4.4.8&#8243; background_color=\u00bb#ffffff\u00bb background_image=\u00bbhttps:\/\/vedafrance.com\/wp-content\/uploads\/2020\/07\/JDH-5.02-Modele-2020.png\u00bb background_size=\u00bbcontain\u00bb width=\u00bb100%\u00bb max_width=\u00bb100%\u00bb height=\u00bb500px\u00bb custom_margin=\u00bb0px|0px|0px|0px|false|false\u00bb custom_padding=\u00bb0px|0px|0px|0px|false|false\u00bb border_width_top=\u00bb1px\u00bb border_color_top=\u00bb#000000&#8243;][et_pb_column type=\u00bb1_3&#8243; _builder_version=\u00bb4.4.8&#8243; background_color=\u00bb#ffffff\u00bb background_image=\u00bbhttps:\/\/vedafrance.com\/wp-content\/uploads\/2020\/07\/JDH-5.02-Modele-2020.png\u00bb background_size=\u00bbcontain\u00bb background_position=\u00bbbottom_right\u00bb custom_padding=\u00bb2%|2%|2%|2%|false|false\u00bb custom_css_main_element=\u00bbheight:100%;||background-size: 60%;||margin-right:0px;\u00bb border_width_right=\u00bb1px\u00bb border_color_right=\u00bb#000000&#8243;][et_pb_text _builder_version=\u00bb4.4.8&#8243; text_font=\u00bb|700|||||||\u00bb text_font_size=\u00bb26px\u00bb header_font=\u00bb|700|||||||\u00bb header_font_size=\u00bb26px\u00bb]<\/p>\n<h2 style=\"font-size: 26px; font-weight:600;\">JDH 5.02<\/h2>\n<p>[\/et_pb_text][et_pb_text _builder_version=\u00bb4.4.8&#8243; text_font=\u00bb|300|||||||\u00bb text_text_color=\u00bb#000000&#8243; text_font_size=\u00bb16px\u00bb text_line_height=\u00bb2em\u00bb header_font=\u00bb|300|||||||\u00bb header_text_color=\u00bb#000000&#8243; header_font_size=\u00bb16px\u00bb header_line_height=\u00bb2em\u00bb]Joint de dilatation de sol standard pour ext\u00e9rieur et int\u00e9rieur constitu\u00e9 de corni\u00e8res en aluminium pr\u00e9-perc\u00e9es et d\u2019un insert souple central interchangeable permettant d\u2019absorber les mouvements de dilatation. [\/et_pb_text][et_pb_button button_text=\u00bbEn savoir plus\u00bb _builder_version=\u00bb4.4.8&#8243; custom_button=\u00bbon\u00bb button_text_size=\u00bb14px\u00bb button_text_color=\u00bb#000000&#8243; button_bg_color=\u00bb#f1f1f1&#8243; button_border_width=\u00bb2px\u00bb button_border_color=\u00bb#ffffff\u00bb button_font=\u00bb|700||on|||||\u00bb button_use_icon=\u00bboff\u00bb button_text_color__hover_enabled=\u00bbon|hover\u00bb button_text_color__hover=\u00bb#ffffff\u00bb button_bg_color__hover_enabled=\u00bbon|hover\u00bb button_bg_color__hover=\u00bb#000000&#8243; button_bg_enable_color__hover=\u00bbon\u00bb button_border_color__hover_enabled=\u00bbon|hover\u00bb button_border_color__hover=\u00bb#000000&#8243;][\/et_pb_button][\/et_pb_column][et_pb_column type=\u00bb1_3&#8243; _builder_version=\u00bb4.4.8&#8243; background_color=\u00bb#f1f1f1&#8243; background_image=\u00bbhttps:\/\/vedafrance.com\/wp-content\/uploads\/2020\/07\/JDH-5.02-Modele-2020.png\u00bb background_size=\u00bbcontain\u00bb background_position=\u00bbbottom_right\u00bb custom_padding=\u00bb2%|2%|2%|2%|false|false\u00bb custom_css_main_element=\u00bbheight:100%;||background-size: 60%;||margin-right:0px;\u00bb border_width_right=\u00bb1px\u00bb border_color_right=\u00bb#000000&#8243;][et_pb_text _builder_version=\u00bb4.4.8&#8243; text_font=\u00bb|700|||||||\u00bb text_font_size=\u00bb26px\u00bb header_font=\u00bb|700|||||||\u00bb header_font_size=\u00bb26px\u00bb]<\/p>\n<h2 style=\"font-size: 26px; font-weight:600;\">JDH 5.02<\/h2>\n<p>[\/et_pb_text][et_pb_text _builder_version=\u00bb4.4.8&#8243; text_font=\u00bb|300|||||||\u00bb text_text_color=\u00bb#000000&#8243; text_font_size=\u00bb16px\u00bb text_line_height=\u00bb2em\u00bb header_font=\u00bb|300|||||||\u00bb header_text_color=\u00bb#000000&#8243; header_font_size=\u00bb16px\u00bb header_line_height=\u00bb2em\u00bb]Joint de dilatation de sol standard pour ext\u00e9rieur et int\u00e9rieur constitu\u00e9 de corni\u00e8res en aluminium pr\u00e9-perc\u00e9es et d\u2019un insert souple central interchangeable permettant d\u2019absorber les mouvements de dilatation. [\/et_pb_text][et_pb_button button_text=\u00bbEn savoir plus\u00bb _builder_version=\u00bb4.4.8&#8243; custom_button=\u00bbon\u00bb button_text_size=\u00bb14px\u00bb button_text_color=\u00bb#000000&#8243; button_bg_color=\u00bb#ffffff\u00bb button_border_width=\u00bb2px\u00bb button_border_color=\u00bb#ffffff\u00bb button_font=\u00bb|700||on|||||\u00bb button_use_icon=\u00bboff\u00bb button_text_color__hover_enabled=\u00bbon|hover\u00bb button_text_color__hover=\u00bb#ffffff\u00bb button_bg_color__hover_enabled=\u00bbon|hover\u00bb button_bg_color__hover=\u00bb#000000&#8243; button_bg_enable_color__hover=\u00bbon\u00bb button_border_color__hover_enabled=\u00bbon|hover\u00bb button_border_color__hover=\u00bb#000000&#8243;][\/et_pb_button][\/et_pb_column][et_pb_column type=\u00bb1_3&#8243; _builder_version=\u00bb4.4.8&#8243; background_color=\u00bb#ffffff\u00bb background_image=\u00bbhttps:\/\/vedafrance.com\/wp-content\/uploads\/2020\/07\/JDH-5.02-Modele-2020.png\u00bb background_size=\u00bbcontain\u00bb background_position=\u00bbbottom_right\u00bb custom_padding=\u00bb2%|2%|2%|2%|false|false\u00bb custom_css_main_element=\u00bbheight:100%;||background-size: 60%;||margin-right:0px;\u00bb border_width_right=\u00bb1px\u00bb border_color_right=\u00bb#000000&#8243;][et_pb_text _builder_version=\u00bb4.4.8&#8243; text_font=\u00bb|700|||||||\u00bb text_font_size=\u00bb26px\u00bb header_font=\u00bb|700|||||||\u00bb header_font_size=\u00bb26px\u00bb]<\/p>\n<h2 style=\"font-size: 26px; font-weight:600;\">JDH 5.02<\/h2>\n<p>[\/et_pb_text][et_pb_text _builder_version=\u00bb4.4.8&#8243; text_font=\u00bb|300|||||||\u00bb text_text_color=\u00bb#000000&#8243; text_font_size=\u00bb16px\u00bb text_line_height=\u00bb2em\u00bb header_font=\u00bb|300|||||||\u00bb header_text_color=\u00bb#000000&#8243; header_font_size=\u00bb16px\u00bb header_line_height=\u00bb2em\u00bb]Joint de dilatation de sol standard pour ext\u00e9rieur et int\u00e9rieur constitu\u00e9 de corni\u00e8res en aluminium pr\u00e9-perc\u00e9es et d\u2019un insert souple central interchangeable permettant d\u2019absorber les mouvements de dilatation. [\/et_pb_text][et_pb_button button_text=\u00bbEn savoir plus\u00bb _builder_version=\u00bb4.4.8&#8243; custom_button=\u00bbon\u00bb button_text_size=\u00bb14px\u00bb button_text_color=\u00bb#000000&#8243; button_bg_color=\u00bb#f1f1f1&#8243; button_border_width=\u00bb2px\u00bb button_border_color=\u00bb#ffffff\u00bb button_font=\u00bb|700||on|||||\u00bb button_use_icon=\u00bboff\u00bb button_text_color__hover_enabled=\u00bbon|hover\u00bb button_text_color__hover=\u00bb#ffffff\u00bb button_bg_color__hover_enabled=\u00bbon|hover\u00bb button_bg_color__hover=\u00bb#000000&#8243; button_bg_enable_color__hover=\u00bbon\u00bb button_border_color__hover_enabled=\u00bbon|hover\u00bb button_border_color__hover=\u00bb#000000&#8243;][\/et_pb_button][\/et_pb_column][\/et_pb_row][\/et_pb_section]<\/p>\n","protected":false},"excerpt":{"rendered":"<p>Las juntas de fraccionamiento se utilizan con el fin de absorber los movimientos superficiales de los revestimientos de suelos (baldosa, cer\u00e1mica, m\u00e1rmol,\u2026) y de mejorar la est\u00e9tica al mismo tiempo. Hemos desarrollado una gama completa de juntas de fraccionamiento en acero inoxidable, aluminio, lat\u00f3n y PVC, con 2 tipos de instalaciones disponibles (a pegar o a sellar), adaptadas tanto al interior como al exterior.<br \/>\nLos perfiles decorativos de la serie Decorativa sirven para fraccionar y decorar diversos revestimientos de suelos.<\/p>\n","protected":false},"author":1,"featured_media":1860,"parent":0,"menu_order":0,"comment_status":"closed","ping_status":"closed","template":"template-category-produit-level-2.php","meta":{"_acf_changed":false,"_et_pb_use_builder":"on","_et_pb_old_content":"","_et_gb_content_width":"","footnotes":""},"class_list":["post-1141","page","type-page","status-publish","has-post-thumbnail","hentry"],"acf":[],"yoast_head":"<!-- This site is optimized with the Yoast SEO plugin v26.5 - https:\/\/yoast.com\/wordpress\/plugins\/seo\/ -->\n<title>Juntas de fraccionamiento o junta de separaci\u00f3n<\/title>\n<meta name=\"description\" content=\"\u00bfC\u00f3mo absorber los movimientos superficiales de los revestimientos de suelo (baldosas, cer\u00e1mica, m\u00e1rmol, etc.)? \u00a1Con juntas de dilataci\u00f3n!\" \/>\n<meta name=\"robots\" content=\"index, follow, max-snippet:-1, max-image-preview:large, max-video-preview:-1\" \/>\n<link rel=\"canonical\" href=\"https:\/\/vedafrance.com\/es\/juntas-de-fraccionamiento\/\" \/>\n<meta property=\"og:locale\" content=\"es_ES\" \/>\n<meta property=\"og:type\" content=\"article\" \/>\n<meta property=\"og:title\" content=\"Juntas de fraccionamiento o junta de separaci\u00f3n\" \/>\n<meta property=\"og:description\" content=\"\u00bfC\u00f3mo absorber los movimientos superficiales de los revestimientos de suelo (baldosas, cer\u00e1mica, m\u00e1rmol, etc.)? \u00a1Con juntas de dilataci\u00f3n!\" \/>\n<meta property=\"og:url\" content=\"https:\/\/vedafrance.com\/es\/juntas-de-fraccionamiento\/\" \/>\n<meta property=\"og:site_name\" content=\"Veda France\" \/>\n<meta property=\"article:publisher\" content=\"https:\/\/www.facebook.com\/pages\/category\/Industrial-Company\/GV2-VEDA-France-1401384223425452\/\" \/>\n<meta property=\"article:modified_time\" content=\"2026-02-20T10:53:36+00:00\" \/>\n<meta property=\"og:image\" content=\"https:\/\/vedafrance.com\/wp-content\/uploads\/2020\/07\/JF-800-PVC.png\" \/>\n\t<meta property=\"og:image:width\" content=\"630\" \/>\n\t<meta property=\"og:image:height\" content=\"700\" \/>\n\t<meta property=\"og:image:type\" content=\"image\/png\" \/>\n<meta name=\"twitter:card\" content=\"summary_large_image\" \/>\n<meta name=\"twitter:site\" content=\"@gv2veda\" \/>\n<meta name=\"twitter:label1\" content=\"Tiempo de lectura\" \/>\n\t<meta name=\"twitter:data1\" content=\"8 minutos\" \/>\n<script type=\"application\/ld+json\" class=\"yoast-schema-graph\">{\"@context\":\"https:\/\/schema.org\",\"@graph\":[{\"@type\":\"WebPage\",\"@id\":\"https:\/\/vedafrance.com\/es\/juntas-de-fraccionamiento\/\",\"url\":\"https:\/\/vedafrance.com\/es\/juntas-de-fraccionamiento\/\",\"name\":\"Juntas de fraccionamiento o junta de separaci\u00f3n\",\"isPartOf\":{\"@id\":\"https:\/\/vedafrance.com\/es\/#website\"},\"primaryImageOfPage\":{\"@id\":\"https:\/\/vedafrance.com\/es\/juntas-de-fraccionamiento\/#primaryimage\"},\"image\":{\"@id\":\"https:\/\/vedafrance.com\/es\/juntas-de-fraccionamiento\/#primaryimage\"},\"thumbnailUrl\":\"https:\/\/vedafrance.com\/wp-content\/uploads\/2020\/07\/JF-800-PVC.png\",\"datePublished\":\"2020-06-17T18:08:06+00:00\",\"dateModified\":\"2026-02-20T10:53:36+00:00\",\"description\":\"\u00bfC\u00f3mo absorber los movimientos superficiales de los revestimientos de suelo (baldosas, cer\u00e1mica, m\u00e1rmol, etc.)? \u00a1Con juntas de dilataci\u00f3n!\",\"breadcrumb\":{\"@id\":\"https:\/\/vedafrance.com\/es\/juntas-de-fraccionamiento\/#breadcrumb\"},\"inLanguage\":\"es\",\"potentialAction\":[{\"@type\":\"ReadAction\",\"target\":[\"https:\/\/vedafrance.com\/es\/juntas-de-fraccionamiento\/\"]}]},{\"@type\":\"ImageObject\",\"inLanguage\":\"es\",\"@id\":\"https:\/\/vedafrance.com\/es\/juntas-de-fraccionamiento\/#primaryimage\",\"url\":\"https:\/\/vedafrance.com\/wp-content\/uploads\/2020\/07\/JF-800-PVC.png\",\"contentUrl\":\"https:\/\/vedafrance.com\/wp-content\/uploads\/2020\/07\/JF-800-PVC.png\",\"width\":630,\"height\":700},{\"@type\":\"BreadcrumbList\",\"@id\":\"https:\/\/vedafrance.com\/es\/juntas-de-fraccionamiento\/#breadcrumb\",\"itemListElement\":[{\"@type\":\"ListItem\",\"position\":1,\"name\":\"Accueil\",\"item\":\"https:\/\/vedafrance.com\/es\/\"},{\"@type\":\"ListItem\",\"position\":2,\"name\":\"Juntas de fraccionamiento\"}]},{\"@type\":\"WebSite\",\"@id\":\"https:\/\/vedafrance.com\/es\/#website\",\"url\":\"https:\/\/vedafrance.com\/es\/\",\"name\":\"Veda France\",\"description\":\"\",\"publisher\":{\"@id\":\"https:\/\/vedafrance.com\/es\/#organization\"},\"potentialAction\":[{\"@type\":\"SearchAction\",\"target\":{\"@type\":\"EntryPoint\",\"urlTemplate\":\"https:\/\/vedafrance.com\/es\/?s={search_term_string}\"},\"query-input\":{\"@type\":\"PropertyValueSpecification\",\"valueRequired\":true,\"valueName\":\"search_term_string\"}}],\"inLanguage\":\"es\"},{\"@type\":\"Organization\",\"@id\":\"https:\/\/vedafrance.com\/es\/#organization\",\"name\":\"Veda France\",\"url\":\"https:\/\/vedafrance.com\/es\/\",\"logo\":{\"@type\":\"ImageObject\",\"inLanguage\":\"es\",\"@id\":\"https:\/\/vedafrance.com\/es\/#\/schema\/logo\/image\/\",\"url\":\"https:\/\/vedafrance.com\/wp-content\/uploads\/2020\/10\/Veda-logo-280x88-1.png\",\"contentUrl\":\"https:\/\/vedafrance.com\/wp-content\/uploads\/2020\/10\/Veda-logo-280x88-1.png\",\"width\":200,\"height\":120,\"caption\":\"Veda France\"},\"image\":{\"@id\":\"https:\/\/vedafrance.com\/es\/#\/schema\/logo\/image\/\"},\"sameAs\":[\"https:\/\/www.facebook.com\/pages\/category\/Industrial-Company\/GV2-VEDA-France-1401384223425452\/\",\"https:\/\/x.com\/gv2veda\",\"https:\/\/www.instagram.com\/veda_france\/\",\"https:\/\/fr.linkedin.com\/company\/gv2-veda-france\"]}]}<\/script>\n<!-- \/ Yoast SEO plugin. -->","yoast_head_json":{"title":"Juntas de fraccionamiento o junta de separaci\u00f3n","description":"\u00bfC\u00f3mo absorber los movimientos superficiales de los revestimientos de suelo (baldosas, cer\u00e1mica, m\u00e1rmol, etc.)? \u00a1Con juntas de dilataci\u00f3n!","robots":{"index":"index","follow":"follow","max-snippet":"max-snippet:-1","max-image-preview":"max-image-preview:large","max-video-preview":"max-video-preview:-1"},"canonical":"https:\/\/vedafrance.com\/es\/juntas-de-fraccionamiento\/","og_locale":"es_ES","og_type":"article","og_title":"Juntas de fraccionamiento o junta de separaci\u00f3n","og_description":"\u00bfC\u00f3mo absorber los movimientos superficiales de los revestimientos de suelo (baldosas, cer\u00e1mica, m\u00e1rmol, etc.)? \u00a1Con juntas de dilataci\u00f3n!","og_url":"https:\/\/vedafrance.com\/es\/juntas-de-fraccionamiento\/","og_site_name":"Veda France","article_publisher":"https:\/\/www.facebook.com\/pages\/category\/Industrial-Company\/GV2-VEDA-France-1401384223425452\/","article_modified_time":"2026-02-20T10:53:36+00:00","og_image":[{"width":630,"height":700,"url":"https:\/\/vedafrance.com\/wp-content\/uploads\/2020\/07\/JF-800-PVC.png","type":"image\/png"}],"twitter_card":"summary_large_image","twitter_site":"@gv2veda","twitter_misc":{"Tiempo de lectura":"8 minutos"},"schema":{"@context":"https:\/\/schema.org","@graph":[{"@type":"WebPage","@id":"https:\/\/vedafrance.com\/es\/juntas-de-fraccionamiento\/","url":"https:\/\/vedafrance.com\/es\/juntas-de-fraccionamiento\/","name":"Juntas de fraccionamiento o junta de separaci\u00f3n","isPartOf":{"@id":"https:\/\/vedafrance.com\/es\/#website"},"primaryImageOfPage":{"@id":"https:\/\/vedafrance.com\/es\/juntas-de-fraccionamiento\/#primaryimage"},"image":{"@id":"https:\/\/vedafrance.com\/es\/juntas-de-fraccionamiento\/#primaryimage"},"thumbnailUrl":"https:\/\/vedafrance.com\/wp-content\/uploads\/2020\/07\/JF-800-PVC.png","datePublished":"2020-06-17T18:08:06+00:00","dateModified":"2026-02-20T10:53:36+00:00","description":"\u00bfC\u00f3mo absorber los movimientos superficiales de los revestimientos de suelo (baldosas, cer\u00e1mica, m\u00e1rmol, etc.)? \u00a1Con juntas de dilataci\u00f3n!","breadcrumb":{"@id":"https:\/\/vedafrance.com\/es\/juntas-de-fraccionamiento\/#breadcrumb"},"inLanguage":"es","potentialAction":[{"@type":"ReadAction","target":["https:\/\/vedafrance.com\/es\/juntas-de-fraccionamiento\/"]}]},{"@type":"ImageObject","inLanguage":"es","@id":"https:\/\/vedafrance.com\/es\/juntas-de-fraccionamiento\/#primaryimage","url":"https:\/\/vedafrance.com\/wp-content\/uploads\/2020\/07\/JF-800-PVC.png","contentUrl":"https:\/\/vedafrance.com\/wp-content\/uploads\/2020\/07\/JF-800-PVC.png","width":630,"height":700},{"@type":"BreadcrumbList","@id":"https:\/\/vedafrance.com\/es\/juntas-de-fraccionamiento\/#breadcrumb","itemListElement":[{"@type":"ListItem","position":1,"name":"Accueil","item":"https:\/\/vedafrance.com\/es\/"},{"@type":"ListItem","position":2,"name":"Juntas de fraccionamiento"}]},{"@type":"WebSite","@id":"https:\/\/vedafrance.com\/es\/#website","url":"https:\/\/vedafrance.com\/es\/","name":"Veda France","description":"","publisher":{"@id":"https:\/\/vedafrance.com\/es\/#organization"},"potentialAction":[{"@type":"SearchAction","target":{"@type":"EntryPoint","urlTemplate":"https:\/\/vedafrance.com\/es\/?s={search_term_string}"},"query-input":{"@type":"PropertyValueSpecification","valueRequired":true,"valueName":"search_term_string"}}],"inLanguage":"es"},{"@type":"Organization","@id":"https:\/\/vedafrance.com\/es\/#organization","name":"Veda France","url":"https:\/\/vedafrance.com\/es\/","logo":{"@type":"ImageObject","inLanguage":"es","@id":"https:\/\/vedafrance.com\/es\/#\/schema\/logo\/image\/","url":"https:\/\/vedafrance.com\/wp-content\/uploads\/2020\/10\/Veda-logo-280x88-1.png","contentUrl":"https:\/\/vedafrance.com\/wp-content\/uploads\/2020\/10\/Veda-logo-280x88-1.png","width":200,"height":120,"caption":"Veda France"},"image":{"@id":"https:\/\/vedafrance.com\/es\/#\/schema\/logo\/image\/"},"sameAs":["https:\/\/www.facebook.com\/pages\/category\/Industrial-Company\/GV2-VEDA-France-1401384223425452\/","https:\/\/x.com\/gv2veda","https:\/\/www.instagram.com\/veda_france\/","https:\/\/fr.linkedin.com\/company\/gv2-veda-france"]}]}},"_links":{"self":[{"href":"https:\/\/vedafrance.com\/es\/wp-json\/wp\/v2\/pages\/1141","targetHints":{"allow":["GET"]}}],"collection":[{"href":"https:\/\/vedafrance.com\/es\/wp-json\/wp\/v2\/pages"}],"about":[{"href":"https:\/\/vedafrance.com\/es\/wp-json\/wp\/v2\/types\/page"}],"author":[{"embeddable":true,"href":"https:\/\/vedafrance.com\/es\/wp-json\/wp\/v2\/users\/1"}],"replies":[{"embeddable":true,"href":"https:\/\/vedafrance.com\/es\/wp-json\/wp\/v2\/comments?post=1141"}],"version-history":[{"count":6,"href":"https:\/\/vedafrance.com\/es\/wp-json\/wp\/v2\/pages\/1141\/revisions"}],"predecessor-version":[{"id":10416,"href":"https:\/\/vedafrance.com\/es\/wp-json\/wp\/v2\/pages\/1141\/revisions\/10416"}],"wp:featuredmedia":[{"embeddable":true,"href":"https:\/\/vedafrance.com\/es\/wp-json\/wp\/v2\/media\/1860"}],"wp:attachment":[{"href":"https:\/\/vedafrance.com\/es\/wp-json\/wp\/v2\/media?parent=1141"}],"curies":[{"name":"wp","href":"https:\/\/api.w.org\/{rel}","templated":true}]}}