{"id":1147,"date":"2020-06-17T20:00:22","date_gmt":"2020-06-17T18:00:22","guid":{"rendered":"https:\/\/vedafrance.com\/nos-references\/"},"modified":"2024-09-19T10:14:06","modified_gmt":"2024-09-19T08:14:06","slug":"nuestras-referencias","status":"publish","type":"page","link":"https:\/\/vedafrance.com\/es\/nuestras-referencias\/","title":{"rendered":"NUESTRAS REFERENCIAS"},"content":{"rendered":"<p>[et_pb_section fb_built=\u00bb1&#8243; _builder_version=\u00bb4.4.8&#8243; width=\u00bb100%\u00bb max_width=\u00bb100%\u00bb][et_pb_row _builder_version=\u00bb4.4.8&#8243;][et_pb_column type=\u00bb4_4&#8243; _builder_version=\u00bb4.4.8&#8243;][et_pb_text _builder_version=\u00bb4.4.8&#8243;]<\/p>\n<div class=\"breadcrumb\">Usted est\u00e1 aqu\u00ed : <a href=\"\/es\/\">P\u00e1gina principal<\/a> | <span>Nuestras referencias<\/span><\/div>\n<p>&nbsp;<\/p>\n<h1>NUESTRAS REFERENCIAS<\/h1>\n<p>[\/et_pb_text][\/et_pb_column][\/et_pb_row][et_pb_row _builder_version=\u00bb4.4.8&#8243;][et_pb_column type=\u00bb4_4&#8243; _builder_version=\u00bb4.4.8&#8243;][dpdfg_filtergrid custom_query=\u00bbadvanced\u00bb multiple_cpt=\u00bbproject\u00bb post_number=\u00bb-1&#8243; orderby=\u00bbmodified\u00bb no_results=\u00bbAucun r\u00e9sultat trouv\u00e9.\u00bb thumbnail_action=\u00bblightbox\u00bb thumbnail_size=\u00bb1080&#215;675&#8243; overlay_icon_color=\u00bb#f6a800&#8243; show_post_meta=\u00bboff\u00bb filter_taxonomies=\u00bbproject_category\u00bb all_text=\u00bbTodos\u00bb _builder_version=\u00bb4.4.8&#8243; custom_load_more_button=\u00bbon\u00bb load_more_button_icon=\u00bb%%234%%\u00bb][\/dpdfg_filtergrid][\/et_pb_column][\/et_pb_row][\/et_pb_section]<\/p>\n","protected":false},"excerpt":{"rendered":"<p>[et_pb_section fb_built=\u00bb1&#8243; _builder_version=\u00bb4.4.8&#8243; width=\u00bb100%\u00bb max_width=\u00bb100%\u00bb][et_pb_row _builder_version=\u00bb4.4.8&#8243;][et_pb_column type=\u00bb4_4&#8243; _builder_version=\u00bb4.4.8&#8243;][et_pb_text _builder_version=\u00bb4.4.8&#8243;] Usted est\u00e1 aqu\u00ed : P\u00e1gina principal | Nuestras referencias &nbsp; NUESTRAS REFERENCIAS [\/et_pb_text][\/et_pb_column][\/et_pb_row][et_pb_row _builder_version=\u00bb4.4.8&#8243;][et_pb_column type=\u00bb4_4&#8243; _builder_version=\u00bb4.4.8&#8243;][dpdfg_filtergrid custom_query=\u00bbadvanced\u00bb multiple_cpt=\u00bbproject\u00bb post_number=\u00bb-1&#8243; orderby=\u00bbmodified\u00bb no_results=\u00bbAucun r\u00e9sultat trouv\u00e9.\u00bb thumbnail_action=\u00bblightbox\u00bb thumbnail_size=\u00bb1080&#215;675&#8243; overlay_icon_color=\u00bb#f6a800&#8243; show_post_meta=\u00bboff\u00bb filter_taxonomies=\u00bbproject_category\u00bb all_text=\u00bbTodos\u00bb _builder_version=\u00bb4.4.8&#8243; custom_load_more_button=\u00bbon\u00bb load_more_button_icon=\u00bb%%234%%\u00bb][\/dpdfg_filtergrid][\/et_pb_column][\/et_pb_row][\/et_pb_section]<\/p>\n","protected":false},"author":1,"featured_media":0,"parent":0,"menu_order":0,"comment_status":"closed","ping_status":"closed","template":"","meta":{"_acf_changed":false,"_et_pb_use_builder":"on","_et_pb_old_content":"","_et_gb_content_width":"","footnotes":""},"class_list":["post-1147","page","type-page","status-publish","hentry"],"acf":[],"yoast_head":"<!-- This site is optimized with the Yoast SEO plugin v26.5 - https:\/\/yoast.com\/wordpress\/plugins\/seo\/ -->\n<title>Nuestras referencias - Veda France<\/title>\n<meta name=\"description\" content=\"VEDA FRANCE especialista en juntas de dilataci\u00f3n est\u00e1ndar y s\u00edsmicas y productos cortafuegos para la protecci\u00f3n pasiva contra incendios.\" \/>\n<meta name=\"robots\" content=\"index, follow, max-snippet:-1, max-image-preview:large, max-video-preview:-1\" \/>\n<link rel=\"canonical\" href=\"https:\/\/vedafrance.com\/es\/nuestras-referencias\/\" \/>\n<meta property=\"og:locale\" content=\"es_ES\" \/>\n<meta property=\"og:type\" content=\"article\" \/>\n<meta property=\"og:title\" content=\"Nuestras referencias - Veda France\" \/>\n<meta property=\"og:description\" content=\"VEDA FRANCE especialista en juntas de dilataci\u00f3n est\u00e1ndar y s\u00edsmicas y productos cortafuegos para la protecci\u00f3n pasiva contra incendios.\" \/>\n<meta property=\"og:url\" content=\"https:\/\/vedafrance.com\/es\/nuestras-referencias\/\" \/>\n<meta property=\"og:site_name\" content=\"Veda France\" \/>\n<meta property=\"article:publisher\" content=\"https:\/\/www.facebook.com\/pages\/category\/Industrial-Company\/GV2-VEDA-France-1401384223425452\/\" \/>\n<meta property=\"article:modified_time\" content=\"2024-09-19T08:14:06+00:00\" \/>\n<meta name=\"twitter:card\" content=\"summary_large_image\" \/>\n<meta name=\"twitter:site\" content=\"@gv2veda\" \/>\n<meta name=\"twitter:label1\" content=\"Tiempo de lectura\" \/>\n\t<meta name=\"twitter:data1\" content=\"1 minuto\" \/>\n<script type=\"application\/ld+json\" class=\"yoast-schema-graph\">{\"@context\":\"https:\/\/schema.org\",\"@graph\":[{\"@type\":\"WebPage\",\"@id\":\"https:\/\/vedafrance.com\/es\/nuestras-referencias\/\",\"url\":\"https:\/\/vedafrance.com\/es\/nuestras-referencias\/\",\"name\":\"Nuestras referencias - Veda France\",\"isPartOf\":{\"@id\":\"https:\/\/vedafrance.com\/es\/#website\"},\"datePublished\":\"2020-06-17T18:00:22+00:00\",\"dateModified\":\"2024-09-19T08:14:06+00:00\",\"description\":\"VEDA FRANCE especialista en juntas de dilataci\u00f3n est\u00e1ndar y s\u00edsmicas y productos cortafuegos para la protecci\u00f3n pasiva contra incendios.\",\"breadcrumb\":{\"@id\":\"https:\/\/vedafrance.com\/es\/nuestras-referencias\/#breadcrumb\"},\"inLanguage\":\"es\",\"potentialAction\":[{\"@type\":\"ReadAction\",\"target\":[\"https:\/\/vedafrance.com\/es\/nuestras-referencias\/\"]}]},{\"@type\":\"BreadcrumbList\",\"@id\":\"https:\/\/vedafrance.com\/es\/nuestras-referencias\/#breadcrumb\",\"itemListElement\":[{\"@type\":\"ListItem\",\"position\":1,\"name\":\"Accueil\",\"item\":\"https:\/\/vedafrance.com\/es\/\"},{\"@type\":\"ListItem\",\"position\":2,\"name\":\"NUESTRAS REFERENCIAS\"}]},{\"@type\":\"WebSite\",\"@id\":\"https:\/\/vedafrance.com\/es\/#website\",\"url\":\"https:\/\/vedafrance.com\/es\/\",\"name\":\"Veda France\",\"description\":\"\",\"publisher\":{\"@id\":\"https:\/\/vedafrance.com\/es\/#organization\"},\"potentialAction\":[{\"@type\":\"SearchAction\",\"target\":{\"@type\":\"EntryPoint\",\"urlTemplate\":\"https:\/\/vedafrance.com\/es\/?s={search_term_string}\"},\"query-input\":{\"@type\":\"PropertyValueSpecification\",\"valueRequired\":true,\"valueName\":\"search_term_string\"}}],\"inLanguage\":\"es\"},{\"@type\":\"Organization\",\"@id\":\"https:\/\/vedafrance.com\/es\/#organization\",\"name\":\"Veda France\",\"url\":\"https:\/\/vedafrance.com\/es\/\",\"logo\":{\"@type\":\"ImageObject\",\"inLanguage\":\"es\",\"@id\":\"https:\/\/vedafrance.com\/es\/#\/schema\/logo\/image\/\",\"url\":\"https:\/\/vedafrance.com\/wp-content\/uploads\/2020\/10\/Veda-logo-280x88-1.png\",\"contentUrl\":\"https:\/\/vedafrance.com\/wp-content\/uploads\/2020\/10\/Veda-logo-280x88-1.png\",\"width\":200,\"height\":120,\"caption\":\"Veda France\"},\"image\":{\"@id\":\"https:\/\/vedafrance.com\/es\/#\/schema\/logo\/image\/\"},\"sameAs\":[\"https:\/\/www.facebook.com\/pages\/category\/Industrial-Company\/GV2-VEDA-France-1401384223425452\/\",\"https:\/\/x.com\/gv2veda\",\"https:\/\/www.instagram.com\/veda_france\/\",\"https:\/\/fr.linkedin.com\/company\/gv2-veda-france\"]}]}<\/script>\n<!-- \/ Yoast SEO plugin. -->","yoast_head_json":{"title":"Nuestras referencias - Veda France","description":"VEDA FRANCE especialista en juntas de dilataci\u00f3n est\u00e1ndar y s\u00edsmicas y productos cortafuegos para la protecci\u00f3n pasiva contra incendios.","robots":{"index":"index","follow":"follow","max-snippet":"max-snippet:-1","max-image-preview":"max-image-preview:large","max-video-preview":"max-video-preview:-1"},"canonical":"https:\/\/vedafrance.com\/es\/nuestras-referencias\/","og_locale":"es_ES","og_type":"article","og_title":"Nuestras referencias - Veda France","og_description":"VEDA FRANCE especialista en juntas de dilataci\u00f3n est\u00e1ndar y s\u00edsmicas y productos cortafuegos para la protecci\u00f3n pasiva contra incendios.","og_url":"https:\/\/vedafrance.com\/es\/nuestras-referencias\/","og_site_name":"Veda France","article_publisher":"https:\/\/www.facebook.com\/pages\/category\/Industrial-Company\/GV2-VEDA-France-1401384223425452\/","article_modified_time":"2024-09-19T08:14:06+00:00","twitter_card":"summary_large_image","twitter_site":"@gv2veda","twitter_misc":{"Tiempo de lectura":"1 minuto"},"schema":{"@context":"https:\/\/schema.org","@graph":[{"@type":"WebPage","@id":"https:\/\/vedafrance.com\/es\/nuestras-referencias\/","url":"https:\/\/vedafrance.com\/es\/nuestras-referencias\/","name":"Nuestras referencias - Veda France","isPartOf":{"@id":"https:\/\/vedafrance.com\/es\/#website"},"datePublished":"2020-06-17T18:00:22+00:00","dateModified":"2024-09-19T08:14:06+00:00","description":"VEDA FRANCE especialista en juntas de dilataci\u00f3n est\u00e1ndar y s\u00edsmicas y productos cortafuegos para la protecci\u00f3n pasiva contra incendios.","breadcrumb":{"@id":"https:\/\/vedafrance.com\/es\/nuestras-referencias\/#breadcrumb"},"inLanguage":"es","potentialAction":[{"@type":"ReadAction","target":["https:\/\/vedafrance.com\/es\/nuestras-referencias\/"]}]},{"@type":"BreadcrumbList","@id":"https:\/\/vedafrance.com\/es\/nuestras-referencias\/#breadcrumb","itemListElement":[{"@type":"ListItem","position":1,"name":"Accueil","item":"https:\/\/vedafrance.com\/es\/"},{"@type":"ListItem","position":2,"name":"NUESTRAS REFERENCIAS"}]},{"@type":"WebSite","@id":"https:\/\/vedafrance.com\/es\/#website","url":"https:\/\/vedafrance.com\/es\/","name":"Veda France","description":"","publisher":{"@id":"https:\/\/vedafrance.com\/es\/#organization"},"potentialAction":[{"@type":"SearchAction","target":{"@type":"EntryPoint","urlTemplate":"https:\/\/vedafrance.com\/es\/?s={search_term_string}"},"query-input":{"@type":"PropertyValueSpecification","valueRequired":true,"valueName":"search_term_string"}}],"inLanguage":"es"},{"@type":"Organization","@id":"https:\/\/vedafrance.com\/es\/#organization","name":"Veda France","url":"https:\/\/vedafrance.com\/es\/","logo":{"@type":"ImageObject","inLanguage":"es","@id":"https:\/\/vedafrance.com\/es\/#\/schema\/logo\/image\/","url":"https:\/\/vedafrance.com\/wp-content\/uploads\/2020\/10\/Veda-logo-280x88-1.png","contentUrl":"https:\/\/vedafrance.com\/wp-content\/uploads\/2020\/10\/Veda-logo-280x88-1.png","width":200,"height":120,"caption":"Veda France"},"image":{"@id":"https:\/\/vedafrance.com\/es\/#\/schema\/logo\/image\/"},"sameAs":["https:\/\/www.facebook.com\/pages\/category\/Industrial-Company\/GV2-VEDA-France-1401384223425452\/","https:\/\/x.com\/gv2veda","https:\/\/www.instagram.com\/veda_france\/","https:\/\/fr.linkedin.com\/company\/gv2-veda-france"]}]}},"_links":{"self":[{"href":"https:\/\/vedafrance.com\/es\/wp-json\/wp\/v2\/pages\/1147","targetHints":{"allow":["GET"]}}],"collection":[{"href":"https:\/\/vedafrance.com\/es\/wp-json\/wp\/v2\/pages"}],"about":[{"href":"https:\/\/vedafrance.com\/es\/wp-json\/wp\/v2\/types\/page"}],"author":[{"embeddable":true,"href":"https:\/\/vedafrance.com\/es\/wp-json\/wp\/v2\/users\/1"}],"replies":[{"embeddable":true,"href":"https:\/\/vedafrance.com\/es\/wp-json\/wp\/v2\/comments?post=1147"}],"version-history":[{"count":24,"href":"https:\/\/vedafrance.com\/es\/wp-json\/wp\/v2\/pages\/1147\/revisions"}],"predecessor-version":[{"id":10435,"href":"https:\/\/vedafrance.com\/es\/wp-json\/wp\/v2\/pages\/1147\/revisions\/10435"}],"wp:attachment":[{"href":"https:\/\/vedafrance.com\/es\/wp-json\/wp\/v2\/media?parent=1147"}],"curies":[{"name":"wp","href":"https:\/\/api.w.org\/{rel}","templated":true}]}}