{"id":1165,"date":"2020-06-17T20:00:51","date_gmt":"2020-06-17T18:00:51","guid":{"rendered":"https:\/\/vedafrance.com\/nous-contacter\/"},"modified":"2024-09-12T17:29:47","modified_gmt":"2024-09-12T15:29:47","slug":"contactenos","status":"publish","type":"page","link":"https:\/\/vedafrance.com\/es\/contactenos\/","title":{"rendered":"Cont\u00e1ctenos"},"content":{"rendered":"<p>[et_pb_section fb_built=\u00bb1&#8243; _builder_version=\u00bb4.4.8&#8243;][et_pb_row _builder_version=\u00bb4.4.8&#8243;][et_pb_column type=\u00bb4_4&#8243; _builder_version=\u00bb4.4.8&#8243;][et_pb_text _builder_version=\u00bb4.4.8&#8243;]<\/p>\n<div class=\"breadcrumb\"> Est\u00e1s aqu\u00ed: <a href=\"\/es\/\"> P\u00e1gina principal<\/a> | <span> Cont\u00e1ctenos <\/span> <\/div>\n<p>&nbsp;<\/p>\n<h1>CONT\u00c1CTENOS<\/h1>\n<p>[\/et_pb_text][\/et_pb_column][\/et_pb_row][\/et_pb_section][et_pb_section fb_built=\u00bb1&#8243; _builder_version=\u00bb4.4.8&#8243; background_color=\u00bb#EEEEEE\u00bb border_width_top=\u00bb1px\u00bb border_color_top=\u00bb#000000&#8243;][et_pb_row _builder_version=\u00bb4.4.8&#8243; background_color=\u00bb#ffffff\u00bb custom_padding=\u00bb3%|5%|3%|5%|false|false\u00bb][et_pb_column type=\u00bb4_4&#8243; _builder_version=\u00bb4.4.8&#8243;][et_pb_text _builder_version=\u00bb4.4.8&#8243; text_orientation=\u00bbcenter\u00bb]<\/p>\n<h2 class = \"yellow-title\"> CONT\u00c1CTENOS <\/h2>\n<hr class = \"h2-hr\">[\/et_pb_text][et_pb_text _builder_version=\u00bb4.4.8&#8243; text_font=\u00bb|300|||||||\u00bb text_line_height=\u00bb2em\u00bb text_orientation=\u00bbcenter\u00bb]<\/p>\n<p style=\"text-align: center;\">Por favor, introduzca la siguiente informaci\u00f3n. <br \/> Nos pondremos en contacto con usted lo antes posible.<\/p>\n<p>[\/et_pb_text][et_pb_code _builder_version=\u00bb4.4.8&#8243; text_orientation=\u00bbleft\u00bb]\n<div class=\"wpcf7 no-js\" id=\"wpcf7-f4615-o1\" lang=\"fr-FR\" dir=\"ltr\" data-wpcf7-id=\"4615\">\n<div class=\"screen-reader-response\"><p role=\"status\" aria-live=\"polite\" aria-atomic=\"true\"><\/p> <ul><\/ul><\/div>\n<form action=\"\/es\/wp-json\/wp\/v2\/pages\/1165#wpcf7-f4615-o1\" method=\"post\" class=\"wpcf7-form init\" aria-label=\"Formulaire de contact\" novalidate=\"novalidate\" data-status=\"init\">\n<fieldset class=\"hidden-fields-container\"><input type=\"hidden\" name=\"_wpcf7\" value=\"4615\" \/><input type=\"hidden\" name=\"_wpcf7_version\" value=\"6.1.4\" \/><input type=\"hidden\" name=\"_wpcf7_locale\" value=\"fr_FR\" \/><input type=\"hidden\" name=\"_wpcf7_unit_tag\" value=\"wpcf7-f4615-o1\" \/><input type=\"hidden\" name=\"_wpcf7_container_post\" value=\"0\" \/><input type=\"hidden\" name=\"_wpcf7_posted_data_hash\" value=\"\" \/><input type=\"hidden\" name=\"_wpcf7_recaptcha_response\" value=\"\" \/>\n<\/fieldset>\n<div class=\"veda_form\">\n\t<p><label><br \/>\n<span class=\"wpcf7-form-control-wrap\" data-name=\"nom\"><input size=\"40\" maxlength=\"400\" class=\"wpcf7-form-control wpcf7-text wpcf7-validates-as-required\" aria-required=\"true\" aria-invalid=\"false\" placeholder=\"Su nombre y apellidos*\" value=\"\" type=\"text\" name=\"nom\" \/><\/span> <\/label><br \/>\n<span id=\"wpcf7-69de3210c6dbd-wrapper\" class=\"wpcf7-form-control-wrap Pais-wrap\" style=\"display:none !important; visibility:hidden !important;\"><label for=\"wpcf7-69de3210c6dbd-field\" class=\"hp-message\">Veuillez laisser ce champ vide.<\/label><input id=\"wpcf7-69de3210c6dbd-field\"  class=\"wpcf7-form-control wpcf7-text\" type=\"text\" name=\"Pais\" value=\"\" size=\"40\" tabindex=\"-1\" autocomplete=\"new-password\" \/><\/span><br \/>\n<label><br \/>\n<span class=\"wpcf7-form-control-wrap\" data-name=\"mail\"><input size=\"40\" maxlength=\"400\" class=\"wpcf7-form-control wpcf7-email wpcf7-validates-as-required wpcf7-text wpcf7-validates-as-email\" aria-required=\"true\" aria-invalid=\"false\" placeholder=\"Su correo electr\u00f3nico*\" value=\"\" type=\"email\" name=\"mail\" \/><\/span> <\/label>\n\t<\/p>\n<\/div>\n<div class=\"veda_form\">\n\t<p><label><br \/>\n<span class=\"wpcf7-form-control-wrap\" data-name=\"tel\"><input size=\"40\" maxlength=\"400\" class=\"wpcf7-form-control wpcf7-tel wpcf7-validates-as-required wpcf7-text wpcf7-validates-as-tel\" aria-required=\"true\" aria-invalid=\"false\" placeholder=\"Su n\u00famero de tel\u00e9fono*\" value=\"\" type=\"tel\" name=\"tel\" \/><\/span> <\/label><br \/>\n<label><br \/>\n<span class=\"wpcf7-form-control-wrap\" data-name=\"societe\"><input size=\"40\" maxlength=\"400\" class=\"wpcf7-form-control wpcf7-text wpcf7-validates-as-required\" aria-required=\"true\" aria-invalid=\"false\" placeholder=\"Su empresa*\" value=\"\" type=\"text\" name=\"societe\" \/><\/span> <\/label>\n\t<\/p>\n<\/div>\n<div class=\"veda_form\">\n\t<p><label style=\"margin-right:0px;\"><br \/>\n<span class=\"wpcf7-form-control-wrap\" data-name=\"pays\"><input size=\"40\" maxlength=\"400\" class=\"wpcf7-form-control wpcf7-text wpcf7-validates-as-required\" aria-required=\"true\" aria-invalid=\"false\" placeholder=\"Su pa\u00eds*\" value=\"\" type=\"text\" name=\"pays\" \/><\/span> <\/label>\n\t<\/p>\n<\/div>\n<div class=\"veda_form\" style=\"flex-direction: column;\">\n\t<p><span class=\"wpcf7-form-control-wrap\" data-name=\"prospect\"><select class=\"wpcf7-form-control wpcf7-select wpcf7-validates-as-required\" aria-required=\"true\" aria-invalid=\"false\" name=\"prospect\"><option value=\"\">\u00bfC\u00f3mo nos ha encontrado?* (haga clic aqu\u00ed)<\/option><option value=\"Motor de b\u00fasqueda en Internet\">Motor de b\u00fasqueda en Internet<\/option><option value=\"Recomendaci\u00f3n profesional\">Recomendaci\u00f3n profesional<\/option><option value=\"Referencia en medio profesionale\">Referencia en medio profesionale<\/option><option value=\"Prescripci\u00f3n de nuestros productos en una de nuestras especificaciones\">Prescripci\u00f3n de nuestros productos en una de nuestras especificaciones<\/option><\/select><\/span>\n\t<\/p>\n<\/div>\n<p><label><br \/>\n<span class=\"wpcf7-form-control-wrap\" data-name=\"message\"><textarea cols=\"40\" rows=\"10\" maxlength=\"2000\" class=\"wpcf7-form-control wpcf7-textarea wpcf7-validates-as-required\" aria-required=\"true\" aria-invalid=\"false\" placeholder=\"Por favor detalle su solicitud*\" name=\"message\"><\/textarea><\/span><br \/>\n<\/label>\n<\/p>\n<div style=\"margin-bottom: 10px;\">\n\t<p style=\"text-align:left; font-size: 12px;\">* Campos obligatorios\n\t<\/p>\n<\/div>\n<p><span class=\"wpcf7-form-control-wrap\" data-name=\"newsletter\"><span class=\"wpcf7-form-control wpcf7-checkbox\"><span class=\"wpcf7-list-item first last\"><input type=\"checkbox\" name=\"newsletter[]\" value=\"Me inscribo a la newsletter\" \/><span class=\"wpcf7-list-item-label\">Me inscribo a la newsletter<\/span><\/span><\/span><\/span>\n<\/p>\n<p><span class=\"wpcf7-form-control-wrap\" data-name=\"rgpd\"><span class=\"wpcf7-form-control wpcf7-acceptance\"><span class=\"wpcf7-list-item\"><label><input type=\"checkbox\" name=\"rgpd\" value=\"1\" aria-invalid=\"false\" \/><span class=\"wpcf7-list-item-label\">El tratamiento de los datos de este formulario es conforme a la Pol\u00edtica de Confidencialidad (<a href=\"\/es\/politique-de-confidentialite\/\" target=\"_blank\">leer m\u00e1s<\/a>).<\/span><\/label><\/span><\/span><\/span>\n<\/p>\n<p><input class=\"wpcf7-form-control wpcf7-submit has-spinner\" type=\"submit\" value=\"Enviar mi solicitud\" \/>\n<\/p><div class=\"wpcf7-response-output\" aria-hidden=\"true\"><\/div>\n<\/form>\n<\/div>\n[\/et_pb_code][\/et_pb_column][\/et_pb_row][et_pb_row column_structure=\u00bb1_5,3_5,1_5&#8243; _builder_version=\u00bb4.4.8&#8243; custom_margin=\u00bb2%||||false|false\u00bb][et_pb_column type=\u00bb1_5&#8243; _builder_version=\u00bb4.4.8&#8243;][\/et_pb_column][et_pb_column type=\u00bb3_5&#8243; _builder_version=\u00bb4.4.8&#8243;][et_pb_text _builder_version=\u00bb4.4.8&#8243; text_font=\u00bb|700||on|||||\u00bb text_text_color=\u00bb#f6a800&#8243;]<\/p>\n<h3 style=\"text-align: center; color: #4398d4;\"><strong>VELAJUNTAS<\/strong><\/h3>\n<hr class=\"h2-hr\" style=\"width: 40%;\" \/>[\/et_pb_text][et_pb_text _builder_version=\u00bb4.4.8&#8243; text_font=\u00bb||||||||\u00bb text_text_color=\u00bb#000000&#8243;]<\/p>\n<p style=\"text-align: center;\">C\/Profesor Enrique Tierno Galv\u00e1n 54 pta 14 \u2013 46100 Burjassot (Valencia)<br \/><strong>TEL :<\/strong> <a href=\"tel:+34696531027;\">+34 696 531 027<\/a><br \/><strong>FAX :<\/strong> +33 (0)1.48.61.70.81<br \/><strong>CORREO ELECTR\u00d3NICO:<\/strong> <a href=\"mailto:info@velajuntas.com\">info@velajuntas.com<\/a><\/p>\n<p>[\/et_pb_text][et_pb_code _builder_version=\u00bb4.4.8&#8243; text_orientation=\u00bbcenter\u00bb module_alignment=\u00bbcenter\u00bb]<\/p>\n<div class=\"footer_icons\"><!-- [et_pb_line_break_holder] -->\t<a href=\"https:\/\/www.facebook.com\/GV2-VEDA-France-1401384223425452\/\" target=\"_blank\" rel=\"noopener\"><img decoding=\"async\" src=\"\/wp-content\/themes\/Divi-child\/img\/facebook.svg\"><\/a><!-- [et_pb_line_break_holder] -->\t<a href=\"https:\/\/www.instagram.com\/veda_france\/\" target=\"_blank\" rel=\"noopener\"><img decoding=\"async\" src=\"\/wp-content\/themes\/Divi-child\/img\/instagram.svg\"><\/a><!-- [et_pb_line_break_holder] -->\t<a href=\"https:\/\/fr.linkedin.com\/company\/gv2-veda-france\" target=\"_blank\" rel=\"noopener\"><img decoding=\"async\" src=\"\/wp-content\/themes\/Divi-child\/img\/linkedin.svg\"><\/a><!-- [et_pb_line_break_holder] -->\t<a href=\"https:\/\/twitter.com\/gv2veda\" target=\"_blank\" rel=\"noopener\"><img decoding=\"async\" src=\"\/wp-content\/themes\/Divi-child\/img\/twitter.svg\"><\/a><!-- [et_pb_line_break_holder] --><\/div>\n<p>[\/et_pb_code][\/et_pb_column][et_pb_column type=\u00bb1_5&#8243; _builder_version=\u00bb4.4.8&#8243;][\/et_pb_column][\/et_pb_row][\/et_pb_section]<\/p>\n","protected":false},"excerpt":{"rendered":"<p>[et_pb_section fb_built=\u00bb1&#8243; _builder_version=\u00bb4.4.8&#8243;][et_pb_row _builder_version=\u00bb4.4.8&#8243;][et_pb_column type=\u00bb4_4&#8243; _builder_version=\u00bb4.4.8&#8243;][et_pb_text _builder_version=\u00bb4.4.8&#8243;] Est\u00e1s aqu\u00ed: P\u00e1gina principal | Cont\u00e1ctenos &nbsp; CONT\u00c1CTENOS [\/et_pb_text][\/et_pb_column][\/et_pb_row][\/et_pb_section][et_pb_section fb_built=\u00bb1&#8243; _builder_version=\u00bb4.4.8&#8243; background_color=\u00bb#EEEEEE\u00bb border_width_top=\u00bb1px\u00bb border_color_top=\u00bb#000000&#8243;][et_pb_row _builder_version=\u00bb4.4.8&#8243; background_color=\u00bb#ffffff\u00bb custom_padding=\u00bb3%|5%|3%|5%|false|false\u00bb][et_pb_column type=\u00bb4_4&#8243; _builder_version=\u00bb4.4.8&#8243;][et_pb_text _builder_version=\u00bb4.4.8&#8243; text_orientation=\u00bbcenter\u00bb] CONT\u00c1CTENOS [\/et_pb_text][et_pb_text _builder_version=\u00bb4.4.8&#8243; text_font=\u00bb|300|||||||\u00bb text_line_height=\u00bb2em\u00bb text_orientation=\u00bbcenter\u00bb] Por favor, introduzca la siguiente informaci\u00f3n. Nos pondremos en contacto con usted lo antes posible. [\/et_pb_text][et_pb_code _builder_version=\u00bb4.4.8&#8243; text_orientation=\u00bbleft\u00bb][\/et_pb_code][\/et_pb_column][\/et_pb_row][et_pb_row column_structure=\u00bb1_5,3_5,1_5&#8243; _builder_version=\u00bb4.4.8&#8243; custom_margin=\u00bb2%||||false|false\u00bb][et_pb_column [&hellip;]<\/p>\n","protected":false},"author":1,"featured_media":0,"parent":0,"menu_order":0,"comment_status":"closed","ping_status":"closed","template":"","meta":{"_acf_changed":false,"_et_pb_use_builder":"on","_et_pb_old_content":"","_et_gb_content_width":"","footnotes":""},"class_list":["post-1165","page","type-page","status-publish","hentry"],"acf":[],"yoast_head":"<!-- This site is optimized with the Yoast SEO plugin v26.5 - https:\/\/yoast.com\/wordpress\/plugins\/seo\/ -->\n<title>Contacte con nuestros expertos en juntas<\/title>\n<meta name=\"description\" content=\"P\u00f3ngase en contacto con nuestros expertos en juntas de dilataci\u00f3n y sistemas cortafuegos. Nuestros ingenieros est\u00e1n a su servicio.\" \/>\n<meta name=\"robots\" content=\"index, follow, max-snippet:-1, max-image-preview:large, max-video-preview:-1\" \/>\n<link rel=\"canonical\" href=\"https:\/\/vedafrance.com\/es\/contactenos\/\" \/>\n<meta property=\"og:locale\" content=\"es_ES\" \/>\n<meta property=\"og:type\" content=\"article\" \/>\n<meta property=\"og:title\" content=\"Contacte con nuestros expertos en juntas\" \/>\n<meta property=\"og:description\" content=\"P\u00f3ngase en contacto con nuestros expertos en juntas de dilataci\u00f3n y sistemas cortafuegos. Nuestros ingenieros est\u00e1n a su servicio.\" \/>\n<meta property=\"og:url\" content=\"https:\/\/vedafrance.com\/es\/contactenos\/\" \/>\n<meta property=\"og:site_name\" content=\"Veda France\" \/>\n<meta property=\"article:publisher\" content=\"https:\/\/www.facebook.com\/pages\/category\/Industrial-Company\/GV2-VEDA-France-1401384223425452\/\" \/>\n<meta property=\"article:modified_time\" content=\"2024-09-12T15:29:47+00:00\" \/>\n<meta name=\"twitter:card\" content=\"summary_large_image\" \/>\n<meta name=\"twitter:site\" content=\"@gv2veda\" \/>\n<meta name=\"twitter:label1\" content=\"Tiempo de lectura\" \/>\n\t<meta name=\"twitter:data1\" content=\"1 minuto\" \/>\n<script type=\"application\/ld+json\" class=\"yoast-schema-graph\">{\"@context\":\"https:\/\/schema.org\",\"@graph\":[{\"@type\":\"WebPage\",\"@id\":\"https:\/\/vedafrance.com\/es\/contactenos\/\",\"url\":\"https:\/\/vedafrance.com\/es\/contactenos\/\",\"name\":\"Contacte con nuestros expertos en juntas\",\"isPartOf\":{\"@id\":\"https:\/\/vedafrance.com\/es\/#website\"},\"datePublished\":\"2020-06-17T18:00:51+00:00\",\"dateModified\":\"2024-09-12T15:29:47+00:00\",\"description\":\"P\u00f3ngase en contacto con nuestros expertos en juntas de dilataci\u00f3n y sistemas cortafuegos. Nuestros ingenieros est\u00e1n a su servicio.\",\"breadcrumb\":{\"@id\":\"https:\/\/vedafrance.com\/es\/contactenos\/#breadcrumb\"},\"inLanguage\":\"es\",\"potentialAction\":[{\"@type\":\"ReadAction\",\"target\":[\"https:\/\/vedafrance.com\/es\/contactenos\/\"]}]},{\"@type\":\"BreadcrumbList\",\"@id\":\"https:\/\/vedafrance.com\/es\/contactenos\/#breadcrumb\",\"itemListElement\":[{\"@type\":\"ListItem\",\"position\":1,\"name\":\"Accueil\",\"item\":\"https:\/\/vedafrance.com\/es\/\"},{\"@type\":\"ListItem\",\"position\":2,\"name\":\"Cont\u00e1ctenos\"}]},{\"@type\":\"WebSite\",\"@id\":\"https:\/\/vedafrance.com\/es\/#website\",\"url\":\"https:\/\/vedafrance.com\/es\/\",\"name\":\"Veda France\",\"description\":\"\",\"publisher\":{\"@id\":\"https:\/\/vedafrance.com\/es\/#organization\"},\"potentialAction\":[{\"@type\":\"SearchAction\",\"target\":{\"@type\":\"EntryPoint\",\"urlTemplate\":\"https:\/\/vedafrance.com\/es\/?s={search_term_string}\"},\"query-input\":{\"@type\":\"PropertyValueSpecification\",\"valueRequired\":true,\"valueName\":\"search_term_string\"}}],\"inLanguage\":\"es\"},{\"@type\":\"Organization\",\"@id\":\"https:\/\/vedafrance.com\/es\/#organization\",\"name\":\"Veda France\",\"url\":\"https:\/\/vedafrance.com\/es\/\",\"logo\":{\"@type\":\"ImageObject\",\"inLanguage\":\"es\",\"@id\":\"https:\/\/vedafrance.com\/es\/#\/schema\/logo\/image\/\",\"url\":\"https:\/\/vedafrance.com\/wp-content\/uploads\/2020\/10\/Veda-logo-280x88-1.png\",\"contentUrl\":\"https:\/\/vedafrance.com\/wp-content\/uploads\/2020\/10\/Veda-logo-280x88-1.png\",\"width\":200,\"height\":120,\"caption\":\"Veda France\"},\"image\":{\"@id\":\"https:\/\/vedafrance.com\/es\/#\/schema\/logo\/image\/\"},\"sameAs\":[\"https:\/\/www.facebook.com\/pages\/category\/Industrial-Company\/GV2-VEDA-France-1401384223425452\/\",\"https:\/\/x.com\/gv2veda\",\"https:\/\/www.instagram.com\/veda_france\/\",\"https:\/\/fr.linkedin.com\/company\/gv2-veda-france\"]}]}<\/script>\n<!-- \/ Yoast SEO plugin. -->","yoast_head_json":{"title":"Contacte con nuestros expertos en juntas","description":"P\u00f3ngase en contacto con nuestros expertos en juntas de dilataci\u00f3n y sistemas cortafuegos. Nuestros ingenieros est\u00e1n a su servicio.","robots":{"index":"index","follow":"follow","max-snippet":"max-snippet:-1","max-image-preview":"max-image-preview:large","max-video-preview":"max-video-preview:-1"},"canonical":"https:\/\/vedafrance.com\/es\/contactenos\/","og_locale":"es_ES","og_type":"article","og_title":"Contacte con nuestros expertos en juntas","og_description":"P\u00f3ngase en contacto con nuestros expertos en juntas de dilataci\u00f3n y sistemas cortafuegos. Nuestros ingenieros est\u00e1n a su servicio.","og_url":"https:\/\/vedafrance.com\/es\/contactenos\/","og_site_name":"Veda France","article_publisher":"https:\/\/www.facebook.com\/pages\/category\/Industrial-Company\/GV2-VEDA-France-1401384223425452\/","article_modified_time":"2024-09-12T15:29:47+00:00","twitter_card":"summary_large_image","twitter_site":"@gv2veda","twitter_misc":{"Tiempo de lectura":"1 minuto"},"schema":{"@context":"https:\/\/schema.org","@graph":[{"@type":"WebPage","@id":"https:\/\/vedafrance.com\/es\/contactenos\/","url":"https:\/\/vedafrance.com\/es\/contactenos\/","name":"Contacte con nuestros expertos en juntas","isPartOf":{"@id":"https:\/\/vedafrance.com\/es\/#website"},"datePublished":"2020-06-17T18:00:51+00:00","dateModified":"2024-09-12T15:29:47+00:00","description":"P\u00f3ngase en contacto con nuestros expertos en juntas de dilataci\u00f3n y sistemas cortafuegos. Nuestros ingenieros est\u00e1n a su servicio.","breadcrumb":{"@id":"https:\/\/vedafrance.com\/es\/contactenos\/#breadcrumb"},"inLanguage":"es","potentialAction":[{"@type":"ReadAction","target":["https:\/\/vedafrance.com\/es\/contactenos\/"]}]},{"@type":"BreadcrumbList","@id":"https:\/\/vedafrance.com\/es\/contactenos\/#breadcrumb","itemListElement":[{"@type":"ListItem","position":1,"name":"Accueil","item":"https:\/\/vedafrance.com\/es\/"},{"@type":"ListItem","position":2,"name":"Cont\u00e1ctenos"}]},{"@type":"WebSite","@id":"https:\/\/vedafrance.com\/es\/#website","url":"https:\/\/vedafrance.com\/es\/","name":"Veda France","description":"","publisher":{"@id":"https:\/\/vedafrance.com\/es\/#organization"},"potentialAction":[{"@type":"SearchAction","target":{"@type":"EntryPoint","urlTemplate":"https:\/\/vedafrance.com\/es\/?s={search_term_string}"},"query-input":{"@type":"PropertyValueSpecification","valueRequired":true,"valueName":"search_term_string"}}],"inLanguage":"es"},{"@type":"Organization","@id":"https:\/\/vedafrance.com\/es\/#organization","name":"Veda France","url":"https:\/\/vedafrance.com\/es\/","logo":{"@type":"ImageObject","inLanguage":"es","@id":"https:\/\/vedafrance.com\/es\/#\/schema\/logo\/image\/","url":"https:\/\/vedafrance.com\/wp-content\/uploads\/2020\/10\/Veda-logo-280x88-1.png","contentUrl":"https:\/\/vedafrance.com\/wp-content\/uploads\/2020\/10\/Veda-logo-280x88-1.png","width":200,"height":120,"caption":"Veda France"},"image":{"@id":"https:\/\/vedafrance.com\/es\/#\/schema\/logo\/image\/"},"sameAs":["https:\/\/www.facebook.com\/pages\/category\/Industrial-Company\/GV2-VEDA-France-1401384223425452\/","https:\/\/x.com\/gv2veda","https:\/\/www.instagram.com\/veda_france\/","https:\/\/fr.linkedin.com\/company\/gv2-veda-france"]}]}},"_links":{"self":[{"href":"https:\/\/vedafrance.com\/es\/wp-json\/wp\/v2\/pages\/1165","targetHints":{"allow":["GET"]}}],"collection":[{"href":"https:\/\/vedafrance.com\/es\/wp-json\/wp\/v2\/pages"}],"about":[{"href":"https:\/\/vedafrance.com\/es\/wp-json\/wp\/v2\/types\/page"}],"author":[{"embeddable":true,"href":"https:\/\/vedafrance.com\/es\/wp-json\/wp\/v2\/users\/1"}],"replies":[{"embeddable":true,"href":"https:\/\/vedafrance.com\/es\/wp-json\/wp\/v2\/comments?post=1165"}],"version-history":[{"count":17,"href":"https:\/\/vedafrance.com\/es\/wp-json\/wp\/v2\/pages\/1165\/revisions"}],"predecessor-version":[{"id":17025,"href":"https:\/\/vedafrance.com\/es\/wp-json\/wp\/v2\/pages\/1165\/revisions\/17025"}],"wp:attachment":[{"href":"https:\/\/vedafrance.com\/es\/wp-json\/wp\/v2\/media?parent=1165"}],"curies":[{"name":"wp","href":"https:\/\/api.w.org\/{rel}","templated":true}]}}