{"id":3204,"date":"2020-08-04T10:57:14","date_gmt":"2020-08-04T08:57:14","guid":{"rendered":"https:\/\/vedafrance.com\/joints-de-dilatation\/joints-sismisques\/"},"modified":"2024-09-12T17:13:46","modified_gmt":"2024-09-12T15:13:46","slug":"juntas-sismicas","status":"publish","type":"page","link":"https:\/\/vedafrance.com\/es\/juntas-de-dilatacion\/juntas-sismicas\/","title":{"rendered":"Juntas s\u00edsmicas"},"content":{"rendered":"","protected":false},"excerpt":{"rendered":"<p>Las juntas de dilataci\u00f3n de suelo est\u00e1n elaboradas especialmente para un uso en aparcamientos. Estancos, soportan tr\u00e1fico intenso de veh\u00edculos ligeros a lenta velocidad. Las juntas de aparcamiento estancos est\u00e1n concebidas para soportar el tr\u00e1fico de veh\u00edculos pesados a poca velocidad. Son juntas complementarias con nuestras juntas cortafuego.<\/p>\n","protected":false},"author":1,"featured_media":0,"parent":1138,"menu_order":0,"comment_status":"closed","ping_status":"closed","template":"template-category-produit.php","meta":{"_acf_changed":false,"_et_pb_use_builder":"","_et_pb_old_content":"","_et_gb_content_width":"","footnotes":""},"class_list":["post-3204","page","type-page","status-publish","hentry"],"acf":[],"yoast_head":"<!-- This site is optimized with the Yoast SEO plugin v26.5 - https:\/\/yoast.com\/wordpress\/plugins\/seo\/ -->\n<title>Juntas de dilataci\u00f3n s\u00edsmicas y antis\u00edsmicas<\/title>\n<meta name=\"description\" content=\"Las juntas de dilataci\u00f3n s\u00edsmicas y antis\u00edsmicas de suelo, fachadas, paredes y techos. Absorben amplios movimientos multidireccionales.\" \/>\n<meta name=\"robots\" content=\"index, follow, max-snippet:-1, max-image-preview:large, max-video-preview:-1\" \/>\n<link rel=\"canonical\" href=\"https:\/\/vedafrance.com\/es\/juntas-de-dilatacion\/juntas-sismicas\/\" \/>\n<meta property=\"og:locale\" content=\"es_ES\" \/>\n<meta property=\"og:type\" content=\"article\" \/>\n<meta property=\"og:title\" content=\"Juntas de dilataci\u00f3n s\u00edsmicas y antis\u00edsmicas\" \/>\n<meta property=\"og:description\" content=\"Las juntas de dilataci\u00f3n s\u00edsmicas y antis\u00edsmicas de suelo, fachadas, paredes y techos. Absorben amplios movimientos multidireccionales.\" \/>\n<meta property=\"og:url\" content=\"https:\/\/vedafrance.com\/es\/juntas-de-dilatacion\/juntas-sismicas\/\" \/>\n<meta property=\"og:site_name\" content=\"Veda France\" \/>\n<meta property=\"article:publisher\" content=\"https:\/\/www.facebook.com\/pages\/category\/Industrial-Company\/GV2-VEDA-France-1401384223425452\/\" \/>\n<meta property=\"article:modified_time\" content=\"2024-09-12T15:13:46+00:00\" \/>\n<meta name=\"twitter:card\" content=\"summary_large_image\" \/>\n<meta name=\"twitter:site\" content=\"@gv2veda\" \/>\n<script type=\"application\/ld+json\" class=\"yoast-schema-graph\">{\"@context\":\"https:\/\/schema.org\",\"@graph\":[{\"@type\":\"WebPage\",\"@id\":\"https:\/\/vedafrance.com\/es\/juntas-de-dilatacion\/juntas-sismicas\/\",\"url\":\"https:\/\/vedafrance.com\/es\/juntas-de-dilatacion\/juntas-sismicas\/\",\"name\":\"Juntas de dilataci\u00f3n s\u00edsmicas y antis\u00edsmicas\",\"isPartOf\":{\"@id\":\"https:\/\/vedafrance.com\/es\/#website\"},\"datePublished\":\"2020-08-04T08:57:14+00:00\",\"dateModified\":\"2024-09-12T15:13:46+00:00\",\"description\":\"Las juntas de dilataci\u00f3n s\u00edsmicas y antis\u00edsmicas de suelo, fachadas, paredes y techos. Absorben amplios movimientos multidireccionales.\",\"breadcrumb\":{\"@id\":\"https:\/\/vedafrance.com\/es\/juntas-de-dilatacion\/juntas-sismicas\/#breadcrumb\"},\"inLanguage\":\"es\",\"potentialAction\":[{\"@type\":\"ReadAction\",\"target\":[\"https:\/\/vedafrance.com\/es\/juntas-de-dilatacion\/juntas-sismicas\/\"]}]},{\"@type\":\"BreadcrumbList\",\"@id\":\"https:\/\/vedafrance.com\/es\/juntas-de-dilatacion\/juntas-sismicas\/#breadcrumb\",\"itemListElement\":[{\"@type\":\"ListItem\",\"position\":1,\"name\":\"Accueil\",\"item\":\"https:\/\/vedafrance.com\/es\/\"},{\"@type\":\"ListItem\",\"position\":2,\"name\":\"Juntas de dilataci\u00f3n\",\"item\":\"https:\/\/vedafrance.com\/es\/juntas-de-dilatacion\/\"},{\"@type\":\"ListItem\",\"position\":3,\"name\":\"Juntas s\u00edsmicas\"}]},{\"@type\":\"WebSite\",\"@id\":\"https:\/\/vedafrance.com\/es\/#website\",\"url\":\"https:\/\/vedafrance.com\/es\/\",\"name\":\"Veda France\",\"description\":\"\",\"publisher\":{\"@id\":\"https:\/\/vedafrance.com\/es\/#organization\"},\"potentialAction\":[{\"@type\":\"SearchAction\",\"target\":{\"@type\":\"EntryPoint\",\"urlTemplate\":\"https:\/\/vedafrance.com\/es\/?s={search_term_string}\"},\"query-input\":{\"@type\":\"PropertyValueSpecification\",\"valueRequired\":true,\"valueName\":\"search_term_string\"}}],\"inLanguage\":\"es\"},{\"@type\":\"Organization\",\"@id\":\"https:\/\/vedafrance.com\/es\/#organization\",\"name\":\"Veda France\",\"url\":\"https:\/\/vedafrance.com\/es\/\",\"logo\":{\"@type\":\"ImageObject\",\"inLanguage\":\"es\",\"@id\":\"https:\/\/vedafrance.com\/es\/#\/schema\/logo\/image\/\",\"url\":\"https:\/\/vedafrance.com\/wp-content\/uploads\/2020\/10\/Veda-logo-280x88-1.png\",\"contentUrl\":\"https:\/\/vedafrance.com\/wp-content\/uploads\/2020\/10\/Veda-logo-280x88-1.png\",\"width\":200,\"height\":120,\"caption\":\"Veda France\"},\"image\":{\"@id\":\"https:\/\/vedafrance.com\/es\/#\/schema\/logo\/image\/\"},\"sameAs\":[\"https:\/\/www.facebook.com\/pages\/category\/Industrial-Company\/GV2-VEDA-France-1401384223425452\/\",\"https:\/\/x.com\/gv2veda\",\"https:\/\/www.instagram.com\/veda_france\/\",\"https:\/\/fr.linkedin.com\/company\/gv2-veda-france\"]}]}<\/script>\n<!-- \/ Yoast SEO plugin. -->","yoast_head_json":{"title":"Juntas de dilataci\u00f3n s\u00edsmicas y antis\u00edsmicas","description":"Las juntas de dilataci\u00f3n s\u00edsmicas y antis\u00edsmicas de suelo, fachadas, paredes y techos. Absorben amplios movimientos multidireccionales.","robots":{"index":"index","follow":"follow","max-snippet":"max-snippet:-1","max-image-preview":"max-image-preview:large","max-video-preview":"max-video-preview:-1"},"canonical":"https:\/\/vedafrance.com\/es\/juntas-de-dilatacion\/juntas-sismicas\/","og_locale":"es_ES","og_type":"article","og_title":"Juntas de dilataci\u00f3n s\u00edsmicas y antis\u00edsmicas","og_description":"Las juntas de dilataci\u00f3n s\u00edsmicas y antis\u00edsmicas de suelo, fachadas, paredes y techos. Absorben amplios movimientos multidireccionales.","og_url":"https:\/\/vedafrance.com\/es\/juntas-de-dilatacion\/juntas-sismicas\/","og_site_name":"Veda France","article_publisher":"https:\/\/www.facebook.com\/pages\/category\/Industrial-Company\/GV2-VEDA-France-1401384223425452\/","article_modified_time":"2024-09-12T15:13:46+00:00","twitter_card":"summary_large_image","twitter_site":"@gv2veda","schema":{"@context":"https:\/\/schema.org","@graph":[{"@type":"WebPage","@id":"https:\/\/vedafrance.com\/es\/juntas-de-dilatacion\/juntas-sismicas\/","url":"https:\/\/vedafrance.com\/es\/juntas-de-dilatacion\/juntas-sismicas\/","name":"Juntas de dilataci\u00f3n s\u00edsmicas y antis\u00edsmicas","isPartOf":{"@id":"https:\/\/vedafrance.com\/es\/#website"},"datePublished":"2020-08-04T08:57:14+00:00","dateModified":"2024-09-12T15:13:46+00:00","description":"Las juntas de dilataci\u00f3n s\u00edsmicas y antis\u00edsmicas de suelo, fachadas, paredes y techos. Absorben amplios movimientos multidireccionales.","breadcrumb":{"@id":"https:\/\/vedafrance.com\/es\/juntas-de-dilatacion\/juntas-sismicas\/#breadcrumb"},"inLanguage":"es","potentialAction":[{"@type":"ReadAction","target":["https:\/\/vedafrance.com\/es\/juntas-de-dilatacion\/juntas-sismicas\/"]}]},{"@type":"BreadcrumbList","@id":"https:\/\/vedafrance.com\/es\/juntas-de-dilatacion\/juntas-sismicas\/#breadcrumb","itemListElement":[{"@type":"ListItem","position":1,"name":"Accueil","item":"https:\/\/vedafrance.com\/es\/"},{"@type":"ListItem","position":2,"name":"Juntas de dilataci\u00f3n","item":"https:\/\/vedafrance.com\/es\/juntas-de-dilatacion\/"},{"@type":"ListItem","position":3,"name":"Juntas s\u00edsmicas"}]},{"@type":"WebSite","@id":"https:\/\/vedafrance.com\/es\/#website","url":"https:\/\/vedafrance.com\/es\/","name":"Veda France","description":"","publisher":{"@id":"https:\/\/vedafrance.com\/es\/#organization"},"potentialAction":[{"@type":"SearchAction","target":{"@type":"EntryPoint","urlTemplate":"https:\/\/vedafrance.com\/es\/?s={search_term_string}"},"query-input":{"@type":"PropertyValueSpecification","valueRequired":true,"valueName":"search_term_string"}}],"inLanguage":"es"},{"@type":"Organization","@id":"https:\/\/vedafrance.com\/es\/#organization","name":"Veda France","url":"https:\/\/vedafrance.com\/es\/","logo":{"@type":"ImageObject","inLanguage":"es","@id":"https:\/\/vedafrance.com\/es\/#\/schema\/logo\/image\/","url":"https:\/\/vedafrance.com\/wp-content\/uploads\/2020\/10\/Veda-logo-280x88-1.png","contentUrl":"https:\/\/vedafrance.com\/wp-content\/uploads\/2020\/10\/Veda-logo-280x88-1.png","width":200,"height":120,"caption":"Veda France"},"image":{"@id":"https:\/\/vedafrance.com\/es\/#\/schema\/logo\/image\/"},"sameAs":["https:\/\/www.facebook.com\/pages\/category\/Industrial-Company\/GV2-VEDA-France-1401384223425452\/","https:\/\/x.com\/gv2veda","https:\/\/www.instagram.com\/veda_france\/","https:\/\/fr.linkedin.com\/company\/gv2-veda-france"]}]}},"_links":{"self":[{"href":"https:\/\/vedafrance.com\/es\/wp-json\/wp\/v2\/pages\/3204","targetHints":{"allow":["GET"]}}],"collection":[{"href":"https:\/\/vedafrance.com\/es\/wp-json\/wp\/v2\/pages"}],"about":[{"href":"https:\/\/vedafrance.com\/es\/wp-json\/wp\/v2\/types\/page"}],"author":[{"embeddable":true,"href":"https:\/\/vedafrance.com\/es\/wp-json\/wp\/v2\/users\/1"}],"replies":[{"embeddable":true,"href":"https:\/\/vedafrance.com\/es\/wp-json\/wp\/v2\/comments?post=3204"}],"version-history":[{"count":3,"href":"https:\/\/vedafrance.com\/es\/wp-json\/wp\/v2\/pages\/3204\/revisions"}],"predecessor-version":[{"id":4912,"href":"https:\/\/vedafrance.com\/es\/wp-json\/wp\/v2\/pages\/3204\/revisions\/4912"}],"up":[{"embeddable":true,"href":"https:\/\/vedafrance.com\/es\/wp-json\/wp\/v2\/pages\/1138"}],"wp:attachment":[{"href":"https:\/\/vedafrance.com\/es\/wp-json\/wp\/v2\/media?parent=3204"}],"curies":[{"name":"wp","href":"https:\/\/api.w.org\/{rel}","templated":true}]}}