{"id":4196,"date":"2020-08-04T10:03:59","date_gmt":"2020-08-04T08:03:59","guid":{"rendered":"https:\/\/vedafrance.com\/joints-de-dilatation\/couvre-joints-pso\/"},"modified":"2026-02-20T11:59:24","modified_gmt":"2026-02-20T10:59:24","slug":"cubrejuntas-perfiles-flexibles-de-obturacion","status":"publish","type":"page","link":"https:\/\/vedafrance.com\/es\/juntas-de-dilatacion\/cubrejuntas-perfiles-flexibles-de-obturacion\/","title":{"rendered":"Cubrejuntas &#038; Perfiles flexibles de obturaci\u00f3n"},"content":{"rendered":"","protected":false},"excerpt":{"rendered":"<p>Cubrejuntas de dilataci\u00f3n de aluminio, cubrejuntas de dilataci\u00f3n de acero inoxidable, cubrejuntas de dilataci\u00f3n de PVC, etc. Cubrejuntas con clips, para pegar y fijar mec\u00e1nicamente, para suelos, paredes y techos para juntas hasta 650 mm. Cubrejuntas de aparcamientos, etc. Perfiles flexibles para la obturaci\u00f3n de las juntas de dilataci\u00f3n. Estas juntas se colocan a compresi\u00f3n en la junta de dilataci\u00f3n. <\/p>\n","protected":false},"author":1,"featured_media":0,"parent":1138,"menu_order":0,"comment_status":"closed","ping_status":"closed","template":"template-category-produit-level-3.php","meta":{"_acf_changed":false,"_et_pb_use_builder":"","_et_pb_old_content":"","_et_gb_content_width":"","footnotes":""},"class_list":["post-4196","page","type-page","status-publish","hentry"],"acf":[],"yoast_head":"<!-- This site is optimized with the Yoast SEO plugin v26.5 - https:\/\/yoast.com\/wordpress\/plugins\/seo\/ -->\n<title>Cubiertas para juntas de dilataci\u00f3n para la construcci\u00f3n<\/title>\n<meta name=\"description\" content=\"Para proteger y revestir las juntas de fachadas, paredes, suelos y techos, opte por nuestros cubrejuntas de dilataci\u00f3n para encajar, pegar o fijar.\" \/>\n<meta name=\"robots\" content=\"index, follow, max-snippet:-1, max-image-preview:large, max-video-preview:-1\" \/>\n<link rel=\"canonical\" href=\"https:\/\/vedafrance.com\/es\/juntas-de-dilatacion\/cubrejuntas-perfiles-flexibles-de-obturacion\/\" \/>\n<meta property=\"og:locale\" content=\"es_ES\" \/>\n<meta property=\"og:type\" content=\"article\" \/>\n<meta property=\"og:title\" content=\"Cubiertas para juntas de dilataci\u00f3n para la construcci\u00f3n\" \/>\n<meta property=\"og:description\" content=\"Para proteger y revestir las juntas de fachadas, paredes, suelos y techos, opte por nuestros cubrejuntas de dilataci\u00f3n para encajar, pegar o fijar.\" \/>\n<meta property=\"og:url\" content=\"https:\/\/vedafrance.com\/es\/juntas-de-dilatacion\/cubrejuntas-perfiles-flexibles-de-obturacion\/\" \/>\n<meta property=\"og:site_name\" content=\"Veda France\" \/>\n<meta property=\"article:publisher\" content=\"https:\/\/www.facebook.com\/pages\/category\/Industrial-Company\/GV2-VEDA-France-1401384223425452\/\" \/>\n<meta property=\"article:modified_time\" content=\"2026-02-20T10:59:24+00:00\" \/>\n<meta name=\"twitter:card\" content=\"summary_large_image\" \/>\n<meta name=\"twitter:site\" content=\"@gv2veda\" \/>\n<script type=\"application\/ld+json\" class=\"yoast-schema-graph\">{\"@context\":\"https:\/\/schema.org\",\"@graph\":[{\"@type\":\"WebPage\",\"@id\":\"https:\/\/vedafrance.com\/es\/juntas-de-dilatacion\/cubrejuntas-perfiles-flexibles-de-obturacion\/\",\"url\":\"https:\/\/vedafrance.com\/es\/juntas-de-dilatacion\/cubrejuntas-perfiles-flexibles-de-obturacion\/\",\"name\":\"Cubiertas para juntas de dilataci\u00f3n para la construcci\u00f3n\",\"isPartOf\":{\"@id\":\"https:\/\/vedafrance.com\/es\/#website\"},\"datePublished\":\"2020-08-04T08:03:59+00:00\",\"dateModified\":\"2026-02-20T10:59:24+00:00\",\"description\":\"Para proteger y revestir las juntas de fachadas, paredes, suelos y techos, opte por nuestros cubrejuntas de dilataci\u00f3n para encajar, pegar o fijar.\",\"breadcrumb\":{\"@id\":\"https:\/\/vedafrance.com\/es\/juntas-de-dilatacion\/cubrejuntas-perfiles-flexibles-de-obturacion\/#breadcrumb\"},\"inLanguage\":\"es\",\"potentialAction\":[{\"@type\":\"ReadAction\",\"target\":[\"https:\/\/vedafrance.com\/es\/juntas-de-dilatacion\/cubrejuntas-perfiles-flexibles-de-obturacion\/\"]}]},{\"@type\":\"BreadcrumbList\",\"@id\":\"https:\/\/vedafrance.com\/es\/juntas-de-dilatacion\/cubrejuntas-perfiles-flexibles-de-obturacion\/#breadcrumb\",\"itemListElement\":[{\"@type\":\"ListItem\",\"position\":1,\"name\":\"Accueil\",\"item\":\"https:\/\/vedafrance.com\/es\/\"},{\"@type\":\"ListItem\",\"position\":2,\"name\":\"Juntas de dilataci\u00f3n\",\"item\":\"https:\/\/vedafrance.com\/es\/juntas-de-dilatacion\/\"},{\"@type\":\"ListItem\",\"position\":3,\"name\":\"Cubrejuntas &#038; Perfiles flexibles de obturaci\u00f3n\"}]},{\"@type\":\"WebSite\",\"@id\":\"https:\/\/vedafrance.com\/es\/#website\",\"url\":\"https:\/\/vedafrance.com\/es\/\",\"name\":\"Veda France\",\"description\":\"\",\"publisher\":{\"@id\":\"https:\/\/vedafrance.com\/es\/#organization\"},\"potentialAction\":[{\"@type\":\"SearchAction\",\"target\":{\"@type\":\"EntryPoint\",\"urlTemplate\":\"https:\/\/vedafrance.com\/es\/?s={search_term_string}\"},\"query-input\":{\"@type\":\"PropertyValueSpecification\",\"valueRequired\":true,\"valueName\":\"search_term_string\"}}],\"inLanguage\":\"es\"},{\"@type\":\"Organization\",\"@id\":\"https:\/\/vedafrance.com\/es\/#organization\",\"name\":\"Veda France\",\"url\":\"https:\/\/vedafrance.com\/es\/\",\"logo\":{\"@type\":\"ImageObject\",\"inLanguage\":\"es\",\"@id\":\"https:\/\/vedafrance.com\/es\/#\/schema\/logo\/image\/\",\"url\":\"https:\/\/vedafrance.com\/wp-content\/uploads\/2020\/10\/Veda-logo-280x88-1.png\",\"contentUrl\":\"https:\/\/vedafrance.com\/wp-content\/uploads\/2020\/10\/Veda-logo-280x88-1.png\",\"width\":200,\"height\":120,\"caption\":\"Veda France\"},\"image\":{\"@id\":\"https:\/\/vedafrance.com\/es\/#\/schema\/logo\/image\/\"},\"sameAs\":[\"https:\/\/www.facebook.com\/pages\/category\/Industrial-Company\/GV2-VEDA-France-1401384223425452\/\",\"https:\/\/x.com\/gv2veda\",\"https:\/\/www.instagram.com\/veda_france\/\",\"https:\/\/fr.linkedin.com\/company\/gv2-veda-france\"]}]}<\/script>\n<!-- \/ Yoast SEO plugin. -->","yoast_head_json":{"title":"Cubiertas para juntas de dilataci\u00f3n para la construcci\u00f3n","description":"Para proteger y revestir las juntas de fachadas, paredes, suelos y techos, opte por nuestros cubrejuntas de dilataci\u00f3n para encajar, pegar o fijar.","robots":{"index":"index","follow":"follow","max-snippet":"max-snippet:-1","max-image-preview":"max-image-preview:large","max-video-preview":"max-video-preview:-1"},"canonical":"https:\/\/vedafrance.com\/es\/juntas-de-dilatacion\/cubrejuntas-perfiles-flexibles-de-obturacion\/","og_locale":"es_ES","og_type":"article","og_title":"Cubiertas para juntas de dilataci\u00f3n para la construcci\u00f3n","og_description":"Para proteger y revestir las juntas de fachadas, paredes, suelos y techos, opte por nuestros cubrejuntas de dilataci\u00f3n para encajar, pegar o fijar.","og_url":"https:\/\/vedafrance.com\/es\/juntas-de-dilatacion\/cubrejuntas-perfiles-flexibles-de-obturacion\/","og_site_name":"Veda France","article_publisher":"https:\/\/www.facebook.com\/pages\/category\/Industrial-Company\/GV2-VEDA-France-1401384223425452\/","article_modified_time":"2026-02-20T10:59:24+00:00","twitter_card":"summary_large_image","twitter_site":"@gv2veda","schema":{"@context":"https:\/\/schema.org","@graph":[{"@type":"WebPage","@id":"https:\/\/vedafrance.com\/es\/juntas-de-dilatacion\/cubrejuntas-perfiles-flexibles-de-obturacion\/","url":"https:\/\/vedafrance.com\/es\/juntas-de-dilatacion\/cubrejuntas-perfiles-flexibles-de-obturacion\/","name":"Cubiertas para juntas de dilataci\u00f3n para la construcci\u00f3n","isPartOf":{"@id":"https:\/\/vedafrance.com\/es\/#website"},"datePublished":"2020-08-04T08:03:59+00:00","dateModified":"2026-02-20T10:59:24+00:00","description":"Para proteger y revestir las juntas de fachadas, paredes, suelos y techos, opte por nuestros cubrejuntas de dilataci\u00f3n para encajar, pegar o fijar.","breadcrumb":{"@id":"https:\/\/vedafrance.com\/es\/juntas-de-dilatacion\/cubrejuntas-perfiles-flexibles-de-obturacion\/#breadcrumb"},"inLanguage":"es","potentialAction":[{"@type":"ReadAction","target":["https:\/\/vedafrance.com\/es\/juntas-de-dilatacion\/cubrejuntas-perfiles-flexibles-de-obturacion\/"]}]},{"@type":"BreadcrumbList","@id":"https:\/\/vedafrance.com\/es\/juntas-de-dilatacion\/cubrejuntas-perfiles-flexibles-de-obturacion\/#breadcrumb","itemListElement":[{"@type":"ListItem","position":1,"name":"Accueil","item":"https:\/\/vedafrance.com\/es\/"},{"@type":"ListItem","position":2,"name":"Juntas de dilataci\u00f3n","item":"https:\/\/vedafrance.com\/es\/juntas-de-dilatacion\/"},{"@type":"ListItem","position":3,"name":"Cubrejuntas &#038; Perfiles flexibles de obturaci\u00f3n"}]},{"@type":"WebSite","@id":"https:\/\/vedafrance.com\/es\/#website","url":"https:\/\/vedafrance.com\/es\/","name":"Veda France","description":"","publisher":{"@id":"https:\/\/vedafrance.com\/es\/#organization"},"potentialAction":[{"@type":"SearchAction","target":{"@type":"EntryPoint","urlTemplate":"https:\/\/vedafrance.com\/es\/?s={search_term_string}"},"query-input":{"@type":"PropertyValueSpecification","valueRequired":true,"valueName":"search_term_string"}}],"inLanguage":"es"},{"@type":"Organization","@id":"https:\/\/vedafrance.com\/es\/#organization","name":"Veda France","url":"https:\/\/vedafrance.com\/es\/","logo":{"@type":"ImageObject","inLanguage":"es","@id":"https:\/\/vedafrance.com\/es\/#\/schema\/logo\/image\/","url":"https:\/\/vedafrance.com\/wp-content\/uploads\/2020\/10\/Veda-logo-280x88-1.png","contentUrl":"https:\/\/vedafrance.com\/wp-content\/uploads\/2020\/10\/Veda-logo-280x88-1.png","width":200,"height":120,"caption":"Veda France"},"image":{"@id":"https:\/\/vedafrance.com\/es\/#\/schema\/logo\/image\/"},"sameAs":["https:\/\/www.facebook.com\/pages\/category\/Industrial-Company\/GV2-VEDA-France-1401384223425452\/","https:\/\/x.com\/gv2veda","https:\/\/www.instagram.com\/veda_france\/","https:\/\/fr.linkedin.com\/company\/gv2-veda-france"]}]}},"_links":{"self":[{"href":"https:\/\/vedafrance.com\/es\/wp-json\/wp\/v2\/pages\/4196","targetHints":{"allow":["GET"]}}],"collection":[{"href":"https:\/\/vedafrance.com\/es\/wp-json\/wp\/v2\/pages"}],"about":[{"href":"https:\/\/vedafrance.com\/es\/wp-json\/wp\/v2\/types\/page"}],"author":[{"embeddable":true,"href":"https:\/\/vedafrance.com\/es\/wp-json\/wp\/v2\/users\/1"}],"replies":[{"embeddable":true,"href":"https:\/\/vedafrance.com\/es\/wp-json\/wp\/v2\/comments?post=4196"}],"version-history":[{"count":9,"href":"https:\/\/vedafrance.com\/es\/wp-json\/wp\/v2\/pages\/4196\/revisions"}],"predecessor-version":[{"id":21252,"href":"https:\/\/vedafrance.com\/es\/wp-json\/wp\/v2\/pages\/4196\/revisions\/21252"}],"up":[{"embeddable":true,"href":"https:\/\/vedafrance.com\/es\/wp-json\/wp\/v2\/pages\/1138"}],"wp:attachment":[{"href":"https:\/\/vedafrance.com\/es\/wp-json\/wp\/v2\/media?parent=4196"}],"curies":[{"name":"wp","href":"https:\/\/api.w.org\/{rel}","templated":true}]}}