{"id":4622,"date":"2020-08-04T10:47:55","date_gmt":"2020-08-04T08:47:55","guid":{"rendered":"https:\/\/vedafrance.com\/joints-de-dilatation\/joints-de-sol-avec-insert\/"},"modified":"2024-10-01T15:49:31","modified_gmt":"2024-10-01T13:49:31","slug":"juntas-de-dilatacion-con-inserto-flexible","status":"publish","type":"page","link":"https:\/\/vedafrance.com\/es\/juntas-de-dilatacion\/juntas-de-dilatacion-con-inserto-flexible\/","title":{"rendered":"Juntas de dilataci\u00f3n con inserto flexible"},"content":{"rendered":"","protected":false},"excerpt":{"rendered":"<p>Las juntas de dilataci\u00f3n de suelo con inserto flexible para tr\u00e1fico est\u00e1ndar permiten absorber los movimientos estructurales. Numerosos modelos de juntas de dilataci\u00f3n de suelo, con instalaci\u00f3n directamente en el suelo ya acabado o antes del revestimiento de suelo, est\u00e1n disponibles : juntas de suelo para cargas pesadas, juntas de dilataci\u00f3n para aparcamientos, juntas de dilataci\u00f3n estanco, juntas de dilataci\u00f3n de gran amplitud, juntas de dilataci\u00f3n reforzadas. Nuestras soluciones t\u00e9cnicas se adaptan a cada tipo de acabado: juntas de dilataci\u00f3n para losas, juntas de dilataci\u00f3n para hormig\u00f3n, juntas de dilataci\u00f3n para baldosas y otros numerosos acabados.<br \/>\nLas juntas de suelo con inserto flexible para instalaci\u00f3n con revestimiento de suelo (colocaci\u00f3n encastrada) est\u00e1n dise\u00f1adas para resistir a cargas ligeras y, en algunos casos, a cargas pesadas. Se utilizan tanto en el interior como en el exterior, en obras nuevas o de renovaci\u00f3n, con cualquier tipo de acabado: losa, capa de hormig\u00f3n, baldosa\u2026 Son juntas complementarias con nuestras juntas cortafuego.<\/p>\n","protected":false},"author":1,"featured_media":0,"parent":1138,"menu_order":0,"comment_status":"closed","ping_status":"closed","template":"template-category-produit-level-2.php","meta":{"_acf_changed":false,"_et_pb_use_builder":"off","_et_pb_old_content":"","_et_gb_content_width":"","footnotes":""},"class_list":["post-4622","page","type-page","status-publish","hentry"],"acf":[],"yoast_head":"<!-- This site is optimized with the Yoast SEO plugin v26.5 - https:\/\/yoast.com\/wordpress\/plugins\/seo\/ -->\n<title>Juntas de dilataci\u00f3n con inserto flexible<\/title>\n<meta name=\"description\" content=\"Las juntas de dilataci\u00f3n de suelo con inserto flexible para tr\u00e1fico est\u00e1ndar permiten absorber los movimientos estructurales.\" \/>\n<meta name=\"robots\" content=\"index, follow, max-snippet:-1, max-image-preview:large, max-video-preview:-1\" \/>\n<link rel=\"canonical\" href=\"https:\/\/vedafrance.com\/es\/juntas-de-dilatacion\/juntas-de-dilatacion-con-inserto-flexible\/\" \/>\n<meta property=\"og:locale\" content=\"es_ES\" \/>\n<meta property=\"og:type\" content=\"article\" \/>\n<meta property=\"og:title\" content=\"Juntas de dilataci\u00f3n con inserto flexible\" \/>\n<meta property=\"og:description\" content=\"Las juntas de dilataci\u00f3n de suelo con inserto flexible para tr\u00e1fico est\u00e1ndar permiten absorber los movimientos estructurales.\" \/>\n<meta property=\"og:url\" content=\"https:\/\/vedafrance.com\/es\/juntas-de-dilatacion\/juntas-de-dilatacion-con-inserto-flexible\/\" \/>\n<meta property=\"og:site_name\" content=\"Veda France\" \/>\n<meta property=\"article:publisher\" content=\"https:\/\/www.facebook.com\/pages\/category\/Industrial-Company\/GV2-VEDA-France-1401384223425452\/\" \/>\n<meta property=\"article:modified_time\" content=\"2024-10-01T13:49:31+00:00\" \/>\n<meta name=\"twitter:card\" content=\"summary_large_image\" \/>\n<meta name=\"twitter:site\" content=\"@gv2veda\" \/>\n<script type=\"application\/ld+json\" class=\"yoast-schema-graph\">{\"@context\":\"https:\/\/schema.org\",\"@graph\":[{\"@type\":\"WebPage\",\"@id\":\"https:\/\/vedafrance.com\/es\/juntas-de-dilatacion\/juntas-de-dilatacion-con-inserto-flexible\/\",\"url\":\"https:\/\/vedafrance.com\/es\/juntas-de-dilatacion\/juntas-de-dilatacion-con-inserto-flexible\/\",\"name\":\"Juntas de dilataci\u00f3n con inserto flexible\",\"isPartOf\":{\"@id\":\"https:\/\/vedafrance.com\/es\/#website\"},\"datePublished\":\"2020-08-04T08:47:55+00:00\",\"dateModified\":\"2024-10-01T13:49:31+00:00\",\"description\":\"Las juntas de dilataci\u00f3n de suelo con inserto flexible para tr\u00e1fico est\u00e1ndar permiten absorber los movimientos estructurales.\",\"breadcrumb\":{\"@id\":\"https:\/\/vedafrance.com\/es\/juntas-de-dilatacion\/juntas-de-dilatacion-con-inserto-flexible\/#breadcrumb\"},\"inLanguage\":\"es\",\"potentialAction\":[{\"@type\":\"ReadAction\",\"target\":[\"https:\/\/vedafrance.com\/es\/juntas-de-dilatacion\/juntas-de-dilatacion-con-inserto-flexible\/\"]}]},{\"@type\":\"BreadcrumbList\",\"@id\":\"https:\/\/vedafrance.com\/es\/juntas-de-dilatacion\/juntas-de-dilatacion-con-inserto-flexible\/#breadcrumb\",\"itemListElement\":[{\"@type\":\"ListItem\",\"position\":1,\"name\":\"Accueil\",\"item\":\"https:\/\/vedafrance.com\/es\/\"},{\"@type\":\"ListItem\",\"position\":2,\"name\":\"Juntas de dilataci\u00f3n\",\"item\":\"https:\/\/vedafrance.com\/es\/juntas-de-dilatacion\/\"},{\"@type\":\"ListItem\",\"position\":3,\"name\":\"Juntas de dilataci\u00f3n con inserto flexible\"}]},{\"@type\":\"WebSite\",\"@id\":\"https:\/\/vedafrance.com\/es\/#website\",\"url\":\"https:\/\/vedafrance.com\/es\/\",\"name\":\"Veda France\",\"description\":\"\",\"publisher\":{\"@id\":\"https:\/\/vedafrance.com\/es\/#organization\"},\"potentialAction\":[{\"@type\":\"SearchAction\",\"target\":{\"@type\":\"EntryPoint\",\"urlTemplate\":\"https:\/\/vedafrance.com\/es\/?s={search_term_string}\"},\"query-input\":{\"@type\":\"PropertyValueSpecification\",\"valueRequired\":true,\"valueName\":\"search_term_string\"}}],\"inLanguage\":\"es\"},{\"@type\":\"Organization\",\"@id\":\"https:\/\/vedafrance.com\/es\/#organization\",\"name\":\"Veda France\",\"url\":\"https:\/\/vedafrance.com\/es\/\",\"logo\":{\"@type\":\"ImageObject\",\"inLanguage\":\"es\",\"@id\":\"https:\/\/vedafrance.com\/es\/#\/schema\/logo\/image\/\",\"url\":\"https:\/\/vedafrance.com\/wp-content\/uploads\/2020\/10\/Veda-logo-280x88-1.png\",\"contentUrl\":\"https:\/\/vedafrance.com\/wp-content\/uploads\/2020\/10\/Veda-logo-280x88-1.png\",\"width\":200,\"height\":120,\"caption\":\"Veda France\"},\"image\":{\"@id\":\"https:\/\/vedafrance.com\/es\/#\/schema\/logo\/image\/\"},\"sameAs\":[\"https:\/\/www.facebook.com\/pages\/category\/Industrial-Company\/GV2-VEDA-France-1401384223425452\/\",\"https:\/\/x.com\/gv2veda\",\"https:\/\/www.instagram.com\/veda_france\/\",\"https:\/\/fr.linkedin.com\/company\/gv2-veda-france\"]}]}<\/script>\n<!-- \/ Yoast SEO plugin. -->","yoast_head_json":{"title":"Juntas de dilataci\u00f3n con inserto flexible","description":"Las juntas de dilataci\u00f3n de suelo con inserto flexible para tr\u00e1fico est\u00e1ndar permiten absorber los movimientos estructurales.","robots":{"index":"index","follow":"follow","max-snippet":"max-snippet:-1","max-image-preview":"max-image-preview:large","max-video-preview":"max-video-preview:-1"},"canonical":"https:\/\/vedafrance.com\/es\/juntas-de-dilatacion\/juntas-de-dilatacion-con-inserto-flexible\/","og_locale":"es_ES","og_type":"article","og_title":"Juntas de dilataci\u00f3n con inserto flexible","og_description":"Las juntas de dilataci\u00f3n de suelo con inserto flexible para tr\u00e1fico est\u00e1ndar permiten absorber los movimientos estructurales.","og_url":"https:\/\/vedafrance.com\/es\/juntas-de-dilatacion\/juntas-de-dilatacion-con-inserto-flexible\/","og_site_name":"Veda France","article_publisher":"https:\/\/www.facebook.com\/pages\/category\/Industrial-Company\/GV2-VEDA-France-1401384223425452\/","article_modified_time":"2024-10-01T13:49:31+00:00","twitter_card":"summary_large_image","twitter_site":"@gv2veda","schema":{"@context":"https:\/\/schema.org","@graph":[{"@type":"WebPage","@id":"https:\/\/vedafrance.com\/es\/juntas-de-dilatacion\/juntas-de-dilatacion-con-inserto-flexible\/","url":"https:\/\/vedafrance.com\/es\/juntas-de-dilatacion\/juntas-de-dilatacion-con-inserto-flexible\/","name":"Juntas de dilataci\u00f3n con inserto flexible","isPartOf":{"@id":"https:\/\/vedafrance.com\/es\/#website"},"datePublished":"2020-08-04T08:47:55+00:00","dateModified":"2024-10-01T13:49:31+00:00","description":"Las juntas de dilataci\u00f3n de suelo con inserto flexible para tr\u00e1fico est\u00e1ndar permiten absorber los movimientos estructurales.","breadcrumb":{"@id":"https:\/\/vedafrance.com\/es\/juntas-de-dilatacion\/juntas-de-dilatacion-con-inserto-flexible\/#breadcrumb"},"inLanguage":"es","potentialAction":[{"@type":"ReadAction","target":["https:\/\/vedafrance.com\/es\/juntas-de-dilatacion\/juntas-de-dilatacion-con-inserto-flexible\/"]}]},{"@type":"BreadcrumbList","@id":"https:\/\/vedafrance.com\/es\/juntas-de-dilatacion\/juntas-de-dilatacion-con-inserto-flexible\/#breadcrumb","itemListElement":[{"@type":"ListItem","position":1,"name":"Accueil","item":"https:\/\/vedafrance.com\/es\/"},{"@type":"ListItem","position":2,"name":"Juntas de dilataci\u00f3n","item":"https:\/\/vedafrance.com\/es\/juntas-de-dilatacion\/"},{"@type":"ListItem","position":3,"name":"Juntas de dilataci\u00f3n con inserto flexible"}]},{"@type":"WebSite","@id":"https:\/\/vedafrance.com\/es\/#website","url":"https:\/\/vedafrance.com\/es\/","name":"Veda France","description":"","publisher":{"@id":"https:\/\/vedafrance.com\/es\/#organization"},"potentialAction":[{"@type":"SearchAction","target":{"@type":"EntryPoint","urlTemplate":"https:\/\/vedafrance.com\/es\/?s={search_term_string}"},"query-input":{"@type":"PropertyValueSpecification","valueRequired":true,"valueName":"search_term_string"}}],"inLanguage":"es"},{"@type":"Organization","@id":"https:\/\/vedafrance.com\/es\/#organization","name":"Veda France","url":"https:\/\/vedafrance.com\/es\/","logo":{"@type":"ImageObject","inLanguage":"es","@id":"https:\/\/vedafrance.com\/es\/#\/schema\/logo\/image\/","url":"https:\/\/vedafrance.com\/wp-content\/uploads\/2020\/10\/Veda-logo-280x88-1.png","contentUrl":"https:\/\/vedafrance.com\/wp-content\/uploads\/2020\/10\/Veda-logo-280x88-1.png","width":200,"height":120,"caption":"Veda France"},"image":{"@id":"https:\/\/vedafrance.com\/es\/#\/schema\/logo\/image\/"},"sameAs":["https:\/\/www.facebook.com\/pages\/category\/Industrial-Company\/GV2-VEDA-France-1401384223425452\/","https:\/\/x.com\/gv2veda","https:\/\/www.instagram.com\/veda_france\/","https:\/\/fr.linkedin.com\/company\/gv2-veda-france"]}]}},"_links":{"self":[{"href":"https:\/\/vedafrance.com\/es\/wp-json\/wp\/v2\/pages\/4622","targetHints":{"allow":["GET"]}}],"collection":[{"href":"https:\/\/vedafrance.com\/es\/wp-json\/wp\/v2\/pages"}],"about":[{"href":"https:\/\/vedafrance.com\/es\/wp-json\/wp\/v2\/types\/page"}],"author":[{"embeddable":true,"href":"https:\/\/vedafrance.com\/es\/wp-json\/wp\/v2\/users\/1"}],"replies":[{"embeddable":true,"href":"https:\/\/vedafrance.com\/es\/wp-json\/wp\/v2\/comments?post=4622"}],"version-history":[{"count":2,"href":"https:\/\/vedafrance.com\/es\/wp-json\/wp\/v2\/pages\/4622\/revisions"}],"predecessor-version":[{"id":11483,"href":"https:\/\/vedafrance.com\/es\/wp-json\/wp\/v2\/pages\/4622\/revisions\/11483"}],"up":[{"embeddable":true,"href":"https:\/\/vedafrance.com\/es\/wp-json\/wp\/v2\/pages\/1138"}],"wp:attachment":[{"href":"https:\/\/vedafrance.com\/es\/wp-json\/wp\/v2\/media?parent=4622"}],"curies":[{"name":"wp","href":"https:\/\/api.w.org\/{rel}","templated":true}]}}