{"id":4817,"date":"2020-07-09T10:48:48","date_gmt":"2020-07-09T08:48:48","guid":{"rendered":"https:\/\/vedafrance.com\/acces-membre\/"},"modified":"2024-09-13T11:05:31","modified_gmt":"2024-09-13T09:05:31","slug":"acceso-como-miembro","status":"publish","type":"page","link":"https:\/\/vedafrance.com\/es\/acceso-como-miembro\/","title":{"rendered":"ACCESO COMO MIEMBRO"},"content":{"rendered":"<p>[et_pb_section fb_built=\u00bb1&#8243; _builder_version=\u00bb4.4.8&#8243;][et_pb_row _builder_version=\u00bb4.4.8&#8243;][et_pb_column type=\u00bb4_4&#8243; _builder_version=\u00bb4.4.8&#8243;][et_pb_text _builder_version=\u00bb4.4.8&#8243;]<\/p>\n<div class=\"breadcrumb\">Usted est\u00e1 aqu\u00ed : <a href=\"\/es\/\">P\u00e1gina principal<\/a> | <span>Acceso como miembro<\/span><\/div>\n<p>&nbsp;<\/p>\n<h1>ACCESO COMO MIEMBRO<\/h1>\n<p>[\/et_pb_text][\/et_pb_column][\/et_pb_row][et_pb_row module_class=\u00bbespace_membre_logout\u00bb _builder_version=\u00bb4.4.8&#8243; module_alignment=\u00bbcenter\u00bb][et_pb_column type=\u00bb4_4&#8243; _builder_version=\u00bb4.4.8&#8243;][et_pb_text _builder_version=\u00bb4.4.8&#8243; text_font=\u00bb|300|||||||\u00bb header_font=\u00bb|300|||||||\u00bb header_text_align=\u00bbcenter\u00bb text_orientation=\u00bbcenter\u00bb]Por favor, indique su usuario y contrase\u00f1a.<br \/>\nSi no recuerda su nombre de usuario y contrase\u00f1a, por favor, p\u00f3ngase en <a style=\"color:#f6a800;\" href=\"https:\/\/vedafrance.com\/es\/nous-contacter\/\">contacto con nosotros<\/a>.[\/et_pb_text][et_pb_code module_class=\u00bbform-connexion\u00bb _builder_version=\u00bb4.4.8&#8243; text_orientation=\u00bbcenter\u00bb module_alignment=\u00bbcenter\u00bb]<form name=\"loginform\" id=\"loginform\" action=\"https:\/\/vedafrance.com\/es\/veda-connectadmin\/\" method=\"post\"><p class=\"login-username\">\n\t\t\t\t<label for=\"user_login\">Nombre de usuario o correo electr\u00f3nico<\/label>\n\t\t\t\t<input type=\"text\" name=\"log\" id=\"user_login\" autocomplete=\"username\" class=\"input\" value=\"\" size=\"20\" \/>\n\t\t\t<\/p><p class=\"login-password\">\n\t\t\t\t<label for=\"user_pass\">Contrase\u00f1a<\/label>\n\t\t\t\t<input type=\"password\" name=\"pwd\" id=\"user_pass\" autocomplete=\"current-password\" spellcheck=\"false\" class=\"input\" value=\"\" size=\"20\" \/>\n\t\t\t<\/p><p class=\"login-remember\"><label><input name=\"rememberme\" type=\"checkbox\" id=\"rememberme\" value=\"forever\" \/> Recu\u00e9rdame<\/label><\/p><p class=\"login-submit\">\n\t\t\t\t<input type=\"submit\" name=\"wp-submit\" id=\"wp-submit\" class=\"button button-primary\" value=\"Acceder\" \/>\n\t\t\t\t<input type=\"hidden\" name=\"redirect_to\" value=\"https:\/\/vedafrance.com\/es\/wp-json\/wp\/v2\/pages\/4817\" \/>\n\t\t\t<\/p><\/form><a class=\"wplf-lostpassword\" href=\"https:\/\/vedafrance.com\/acces-membre\/\">Lost your password?<\/a><!-- [et_pb_line_break_holder] -->\r\n<div id=\"password-lost-form-wrap\">\r\n\r\n\t\r\n\t\r\n\t<form id=\"lostpasswordform\" method=\"post\" class=\"account-page-form\">\r\n\t\t<fieldset>\r\n\t\t\t<legend>R\u00e9initialisation de votre mot de passe<\/legend>\r\n\r\n\t\t\t<div class=\"somfrp-lost-pass-form-text\">\r\n\t\t\t\t<p>Entrez votre adresse mail ou votre nom d'utilisateur. Vous recevrez un lien pour r\u00e9initialiser votre mot de passe par mail.<\/p>\n\t\t\t<\/div>\r\n\r\n\t\t\t<p class=\"no-margin\">\r\n\t\t\t\t<label for=\"somfrp_user_info\">Direcci\u00f3n de correo electr\u00f3nico o nombre de usuario<\/label>\r\n\t\t\t\t<input type=\"text\" name=\"somfrp_user_info\" id=\"somfrp_user_info\" required autocomplete=\"username\">\r\n\t\t\t<\/p>\r\n\t\t\t\r\n\r\n\t\t\t<div class=\"lostpassword-submit\">\r\n\t\t\t\t<input type=\"hidden\" id=\"somfrp_nonce\" name=\"somfrp_nonce\" value=\"32c7584c77\" \/><input type=\"hidden\" name=\"_wp_http_referer\" value=\"\/es\/wp-json\/wp\/v2\/pages\/4817\" \/>\t\t\t\t<input type=\"hidden\" name=\"submitted\" id=\"submitted\" value=\"true\">\r\n\t\t\t\t<input type=\"hidden\" name=\"somfrp_action\" id=\"somfrp_post_action\" value=\"somfrp_lost_pass\">\r\n\t\t\t\t<button type=\"submit\" id=\"reset-pass-submit\" name=\"reset-pass-submit\" class=\"button big-btn\">R\u00e9initialiser<\/button>\r\n\t\t\t<\/div>\r\n\r\n\t\t<\/fieldset>\r\n\t<\/form>\r\n\r\n<\/div>[\/et_pb_code][\/et_pb_column][\/et_pb_row][et_pb_row module_class=\u00bbespace_membre_login\u00bb _builder_version=\u00bb4.4.8&#8243; module_alignment=\u00bbcenter\u00bb][et_pb_column type=\u00bb4_4&#8243; _builder_version=\u00bb4.4.8&#8243;][et_pb_text _builder_version=\u00bb4.4.8&#8243; text_font=\u00bb|300|||||||\u00bb header_font=\u00bb|300|||||||\u00bb header_text_align=\u00bbcenter\u00bb text_orientation=\u00bbcenter\u00bb]Est\u00e1s conectado.<br \/>\nVaya a una de las p\u00e1ginas de productos para descargar archivos BIM, DWG, CCTP y fichas t\u00e9cnicas.[\/et_pb_text][\/et_pb_column][\/et_pb_row][\/et_pb_section]<\/p>\n","protected":false},"excerpt":{"rendered":"<p>[et_pb_section fb_built=\u00bb1&#8243; _builder_version=\u00bb4.4.8&#8243;][et_pb_row _builder_version=\u00bb4.4.8&#8243;][et_pb_column type=\u00bb4_4&#8243; _builder_version=\u00bb4.4.8&#8243;][et_pb_text _builder_version=\u00bb4.4.8&#8243;] Usted est\u00e1 aqu\u00ed : P\u00e1gina principal | Acceso como miembro &nbsp; ACCESO COMO MIEMBRO [\/et_pb_text][\/et_pb_column][\/et_pb_row][et_pb_row module_class=\u00bbespace_membre_logout\u00bb _builder_version=\u00bb4.4.8&#8243; module_alignment=\u00bbcenter\u00bb][et_pb_column type=\u00bb4_4&#8243; _builder_version=\u00bb4.4.8&#8243;][et_pb_text _builder_version=\u00bb4.4.8&#8243; text_font=\u00bb|300|||||||\u00bb header_font=\u00bb|300|||||||\u00bb header_text_align=\u00bbcenter\u00bb text_orientation=\u00bbcenter\u00bb]Por favor, indique su usuario y contrase\u00f1a. Si no recuerda su nombre de usuario y contrase\u00f1a, por favor, p\u00f3ngase en contacto con nosotros.[\/et_pb_text][et_pb_code module_class=\u00bbform-connexion\u00bb [&hellip;]<\/p>\n","protected":false},"author":1,"featured_media":0,"parent":0,"menu_order":0,"comment_status":"closed","ping_status":"closed","template":"","meta":{"_acf_changed":false,"_et_pb_use_builder":"on","_et_pb_old_content":"","_et_gb_content_width":"","footnotes":""},"class_list":["post-4817","page","type-page","status-publish","hentry"],"acf":[],"yoast_head":"<!-- This site is optimized with the Yoast SEO plugin v26.5 - https:\/\/yoast.com\/wordpress\/plugins\/seo\/ -->\n<title>Acceso para arquitectos e ingenieros<\/title>\n<meta name=\"description\" content=\"Este acceso como miembro le permite descubrir los archivos personalizados (Plan AUTOCAD, BIM). Esta herramienta le guiar\u00e1 en las elecciones.\" \/>\n<meta name=\"robots\" content=\"index, follow, max-snippet:-1, max-image-preview:large, max-video-preview:-1\" \/>\n<link rel=\"canonical\" href=\"https:\/\/vedafrance.com\/es\/acceso-como-miembro\/\" \/>\n<meta property=\"og:locale\" content=\"es_ES\" \/>\n<meta property=\"og:type\" content=\"article\" \/>\n<meta property=\"og:title\" content=\"Acceso para arquitectos e ingenieros\" \/>\n<meta property=\"og:description\" content=\"Este acceso como miembro le permite descubrir los archivos personalizados (Plan AUTOCAD, BIM). Esta herramienta le guiar\u00e1 en las elecciones.\" \/>\n<meta property=\"og:url\" content=\"https:\/\/vedafrance.com\/es\/acceso-como-miembro\/\" \/>\n<meta property=\"og:site_name\" content=\"Veda France\" \/>\n<meta property=\"article:publisher\" content=\"https:\/\/www.facebook.com\/pages\/category\/Industrial-Company\/GV2-VEDA-France-1401384223425452\/\" \/>\n<meta property=\"article:modified_time\" content=\"2024-09-13T09:05:31+00:00\" \/>\n<meta name=\"twitter:card\" content=\"summary_large_image\" \/>\n<meta name=\"twitter:site\" content=\"@gv2veda\" \/>\n<meta name=\"twitter:label1\" content=\"Tiempo de lectura\" \/>\n\t<meta name=\"twitter:data1\" content=\"1 minuto\" \/>\n<script type=\"application\/ld+json\" class=\"yoast-schema-graph\">{\"@context\":\"https:\/\/schema.org\",\"@graph\":[{\"@type\":\"WebPage\",\"@id\":\"https:\/\/vedafrance.com\/es\/acceso-como-miembro\/\",\"url\":\"https:\/\/vedafrance.com\/es\/acceso-como-miembro\/\",\"name\":\"Acceso para arquitectos e ingenieros\",\"isPartOf\":{\"@id\":\"https:\/\/vedafrance.com\/es\/#website\"},\"datePublished\":\"2020-07-09T08:48:48+00:00\",\"dateModified\":\"2024-09-13T09:05:31+00:00\",\"description\":\"Este acceso como miembro le permite descubrir los archivos personalizados (Plan AUTOCAD, BIM). Esta herramienta le guiar\u00e1 en las elecciones.\",\"breadcrumb\":{\"@id\":\"https:\/\/vedafrance.com\/es\/acceso-como-miembro\/#breadcrumb\"},\"inLanguage\":\"es\",\"potentialAction\":[{\"@type\":\"ReadAction\",\"target\":[\"https:\/\/vedafrance.com\/es\/acceso-como-miembro\/\"]}]},{\"@type\":\"BreadcrumbList\",\"@id\":\"https:\/\/vedafrance.com\/es\/acceso-como-miembro\/#breadcrumb\",\"itemListElement\":[{\"@type\":\"ListItem\",\"position\":1,\"name\":\"Accueil\",\"item\":\"https:\/\/vedafrance.com\/es\/\"},{\"@type\":\"ListItem\",\"position\":2,\"name\":\"ACCESO COMO MIEMBRO\"}]},{\"@type\":\"WebSite\",\"@id\":\"https:\/\/vedafrance.com\/es\/#website\",\"url\":\"https:\/\/vedafrance.com\/es\/\",\"name\":\"Veda France\",\"description\":\"\",\"publisher\":{\"@id\":\"https:\/\/vedafrance.com\/es\/#organization\"},\"potentialAction\":[{\"@type\":\"SearchAction\",\"target\":{\"@type\":\"EntryPoint\",\"urlTemplate\":\"https:\/\/vedafrance.com\/es\/?s={search_term_string}\"},\"query-input\":{\"@type\":\"PropertyValueSpecification\",\"valueRequired\":true,\"valueName\":\"search_term_string\"}}],\"inLanguage\":\"es\"},{\"@type\":\"Organization\",\"@id\":\"https:\/\/vedafrance.com\/es\/#organization\",\"name\":\"Veda France\",\"url\":\"https:\/\/vedafrance.com\/es\/\",\"logo\":{\"@type\":\"ImageObject\",\"inLanguage\":\"es\",\"@id\":\"https:\/\/vedafrance.com\/es\/#\/schema\/logo\/image\/\",\"url\":\"https:\/\/vedafrance.com\/wp-content\/uploads\/2020\/10\/Veda-logo-280x88-1.png\",\"contentUrl\":\"https:\/\/vedafrance.com\/wp-content\/uploads\/2020\/10\/Veda-logo-280x88-1.png\",\"width\":200,\"height\":120,\"caption\":\"Veda France\"},\"image\":{\"@id\":\"https:\/\/vedafrance.com\/es\/#\/schema\/logo\/image\/\"},\"sameAs\":[\"https:\/\/www.facebook.com\/pages\/category\/Industrial-Company\/GV2-VEDA-France-1401384223425452\/\",\"https:\/\/x.com\/gv2veda\",\"https:\/\/www.instagram.com\/veda_france\/\",\"https:\/\/fr.linkedin.com\/company\/gv2-veda-france\"]}]}<\/script>\n<!-- \/ Yoast SEO plugin. -->","yoast_head_json":{"title":"Acceso para arquitectos e ingenieros","description":"Este acceso como miembro le permite descubrir los archivos personalizados (Plan AUTOCAD, BIM). Esta herramienta le guiar\u00e1 en las elecciones.","robots":{"index":"index","follow":"follow","max-snippet":"max-snippet:-1","max-image-preview":"max-image-preview:large","max-video-preview":"max-video-preview:-1"},"canonical":"https:\/\/vedafrance.com\/es\/acceso-como-miembro\/","og_locale":"es_ES","og_type":"article","og_title":"Acceso para arquitectos e ingenieros","og_description":"Este acceso como miembro le permite descubrir los archivos personalizados (Plan AUTOCAD, BIM). Esta herramienta le guiar\u00e1 en las elecciones.","og_url":"https:\/\/vedafrance.com\/es\/acceso-como-miembro\/","og_site_name":"Veda France","article_publisher":"https:\/\/www.facebook.com\/pages\/category\/Industrial-Company\/GV2-VEDA-France-1401384223425452\/","article_modified_time":"2024-09-13T09:05:31+00:00","twitter_card":"summary_large_image","twitter_site":"@gv2veda","twitter_misc":{"Tiempo de lectura":"1 minuto"},"schema":{"@context":"https:\/\/schema.org","@graph":[{"@type":"WebPage","@id":"https:\/\/vedafrance.com\/es\/acceso-como-miembro\/","url":"https:\/\/vedafrance.com\/es\/acceso-como-miembro\/","name":"Acceso para arquitectos e ingenieros","isPartOf":{"@id":"https:\/\/vedafrance.com\/es\/#website"},"datePublished":"2020-07-09T08:48:48+00:00","dateModified":"2024-09-13T09:05:31+00:00","description":"Este acceso como miembro le permite descubrir los archivos personalizados (Plan AUTOCAD, BIM). Esta herramienta le guiar\u00e1 en las elecciones.","breadcrumb":{"@id":"https:\/\/vedafrance.com\/es\/acceso-como-miembro\/#breadcrumb"},"inLanguage":"es","potentialAction":[{"@type":"ReadAction","target":["https:\/\/vedafrance.com\/es\/acceso-como-miembro\/"]}]},{"@type":"BreadcrumbList","@id":"https:\/\/vedafrance.com\/es\/acceso-como-miembro\/#breadcrumb","itemListElement":[{"@type":"ListItem","position":1,"name":"Accueil","item":"https:\/\/vedafrance.com\/es\/"},{"@type":"ListItem","position":2,"name":"ACCESO COMO MIEMBRO"}]},{"@type":"WebSite","@id":"https:\/\/vedafrance.com\/es\/#website","url":"https:\/\/vedafrance.com\/es\/","name":"Veda France","description":"","publisher":{"@id":"https:\/\/vedafrance.com\/es\/#organization"},"potentialAction":[{"@type":"SearchAction","target":{"@type":"EntryPoint","urlTemplate":"https:\/\/vedafrance.com\/es\/?s={search_term_string}"},"query-input":{"@type":"PropertyValueSpecification","valueRequired":true,"valueName":"search_term_string"}}],"inLanguage":"es"},{"@type":"Organization","@id":"https:\/\/vedafrance.com\/es\/#organization","name":"Veda France","url":"https:\/\/vedafrance.com\/es\/","logo":{"@type":"ImageObject","inLanguage":"es","@id":"https:\/\/vedafrance.com\/es\/#\/schema\/logo\/image\/","url":"https:\/\/vedafrance.com\/wp-content\/uploads\/2020\/10\/Veda-logo-280x88-1.png","contentUrl":"https:\/\/vedafrance.com\/wp-content\/uploads\/2020\/10\/Veda-logo-280x88-1.png","width":200,"height":120,"caption":"Veda France"},"image":{"@id":"https:\/\/vedafrance.com\/es\/#\/schema\/logo\/image\/"},"sameAs":["https:\/\/www.facebook.com\/pages\/category\/Industrial-Company\/GV2-VEDA-France-1401384223425452\/","https:\/\/x.com\/gv2veda","https:\/\/www.instagram.com\/veda_france\/","https:\/\/fr.linkedin.com\/company\/gv2-veda-france"]}]}},"_links":{"self":[{"href":"https:\/\/vedafrance.com\/es\/wp-json\/wp\/v2\/pages\/4817","targetHints":{"allow":["GET"]}}],"collection":[{"href":"https:\/\/vedafrance.com\/es\/wp-json\/wp\/v2\/pages"}],"about":[{"href":"https:\/\/vedafrance.com\/es\/wp-json\/wp\/v2\/types\/page"}],"author":[{"embeddable":true,"href":"https:\/\/vedafrance.com\/es\/wp-json\/wp\/v2\/users\/1"}],"replies":[{"embeddable":true,"href":"https:\/\/vedafrance.com\/es\/wp-json\/wp\/v2\/comments?post=4817"}],"version-history":[{"count":8,"href":"https:\/\/vedafrance.com\/es\/wp-json\/wp\/v2\/pages\/4817\/revisions"}],"predecessor-version":[{"id":17034,"href":"https:\/\/vedafrance.com\/es\/wp-json\/wp\/v2\/pages\/4817\/revisions\/17034"}],"wp:attachment":[{"href":"https:\/\/vedafrance.com\/es\/wp-json\/wp\/v2\/media?parent=4817"}],"curies":[{"name":"wp","href":"https:\/\/api.w.org\/{rel}","templated":true}]}}