{"id":5409,"date":"2020-06-18T14:46:56","date_gmt":"2020-06-18T12:46:56","guid":{"rendered":"https:\/\/vedafrance.com\/plan-du-site\/"},"modified":"2023-01-10T18:03:19","modified_gmt":"2023-01-10T17:03:19","slug":"juntas-de-construccion-esquema-del-sitio","status":"publish","type":"page","link":"https:\/\/vedafrance.com\/es\/juntas-de-construccion-esquema-del-sitio\/","title":{"rendered":"Plan du site"},"content":{"rendered":"<p>[et_pb_section fb_built=\u00bb1&#8243; _builder_version=\u00bb4.4.8&#8243;][et_pb_row _builder_version=\u00bb4.4.8&#8243;][et_pb_column type=\u00bb4_4&#8243; _builder_version=\u00bb4.4.8&#8243;][et_pb_text _builder_version=\u00bb4.4.8&#8243;]<\/p>\n<div class=\"breadcrumb\">Usted est\u00e1 aqu\u00ed : <a href=\"\/\">P\u00e1gina principal<\/a> | <span>Esquema del sitio<\/span><\/div>\n<p>&nbsp;<\/p>\n<h1>ESQUEMA DEL SITIO<\/h1>\n<p>[\/et_pb_text][\/et_pb_column][\/et_pb_row][et_pb_row _builder_version=\u00bb4.4.8&#8243;][et_pb_column type=\u00bb4_4&#8243; _builder_version=\u00bb4.4.8&#8243;][et_pb_code _builder_version=\u00bb4.4.8&#8243;]<ul><li><a href=\"https:\/\/vedafrance.com\/es\/empresa\/\">La empresa<\/a><\/li>\n<li><a href=\"https:\/\/vedafrance.com\/es\/juntas-de-dilatacion\/\">Juntas de dilataci\u00f3n<\/a>\n<ul class='children'>\n\t<li><a href=\"https:\/\/vedafrance.com\/es\/juntas-de-dilatacion\/juntas-de-dilatacion-con-inserto-flexible\/\">Juntas de dilataci\u00f3n con inserto flexible<\/a><\/li>\n\t<li><a href=\"https:\/\/vedafrance.com\/es\/juntas-de-dilatacion\/cubrejuntas-perfiles-flexibles-de-obturacion\/\">Cubrejuntas &#038; Perfiles flexibles de obturaci\u00f3n<\/a><\/li>\n\t<li><a href=\"https:\/\/vedafrance.com\/es\/juntas-de-dilatacion\/juntas-sismicas\/\">Juntas s\u00edsmicas<\/a><\/li>\n\t<li><a href=\"https:\/\/vedafrance.com\/es\/juntas-de-dilatacion\/juntas-de-dilatacion-paredes-fachadas-techos\/\">Juntas de dilataci\u00f3n para paredes, fachadas y techos<\/a><\/li>\n\t<li><a href=\"https:\/\/vedafrance.com\/es\/juntas-de-dilatacion\/juntas-para-cubiertas\/\">Juntas para cubiertas<\/a><\/li>\n\t<li><a href=\"https:\/\/vedafrance.com\/es\/juntas-de-dilatacion\/juntas-de-aparcamientos\/\">Juntas de aparcamientos<\/a><\/li>\n\t<li><a href=\"https:\/\/vedafrance.com\/es\/juntas-de-dilatacion\/juntas-de-dilatacion-metalicas\/\">Juntas de dilataci\u00f3n met\u00e1licas<\/a><\/li>\n<\/ul>\n<\/li>\n<li><a href=\"https:\/\/vedafrance.com\/es\/juntas-de-fraccionamiento\/\">Juntas de fraccionamiento<\/a><\/li>\n<li><a href=\"https:\/\/vedafrance.com\/es\/otros-productos\/\">Otros productos<\/a><\/li>\n<li><a href=\"https:\/\/vedafrance.com\/es\/sistemas-cortafuego\/\">Sistemas cortafuego<\/a><\/li>\n<li><a href=\"https:\/\/vedafrance.com\/es\/nuestras-referencias\/\">NUESTRAS REFERENCIAS<\/a><\/li>\n<li><a href=\"https:\/\/vedafrance.com\/es\/blog\/\">Blog<\/a><\/li>\n<li><a href=\"https:\/\/vedafrance.com\/es\/\">P\u00e1gina principal<\/a><\/li>\n<li><a href=\"https:\/\/vedafrance.com\/es\/asistente-de-seleccion\/\">Asistente de selecci\u00f3n<\/a><\/li>\n<li><a href=\"https:\/\/vedafrance.com\/es\/descargue-nuestros-catalogos\/\">Descargue nuestros cat\u00e1logos<\/a><\/li>\n<li><a href=\"https:\/\/vedafrance.com\/es\/contactenos\/\">Cont\u00e1ctenos<\/a><\/li>\n<li><a href=\"https:\/\/vedafrance.com\/es\/acceso-como-miembro\/\">ACCESO COMO MIEMBRO<\/a><\/li>\n<\/ul>[\/et_pb_code][\/et_pb_column][\/et_pb_row][\/et_pb_section]<\/p>\n","protected":false},"excerpt":{"rendered":"<p>[et_pb_section fb_built=\u00bb1&#8243; _builder_version=\u00bb4.4.8&#8243;][et_pb_row _builder_version=\u00bb4.4.8&#8243;][et_pb_column type=\u00bb4_4&#8243; _builder_version=\u00bb4.4.8&#8243;][et_pb_text _builder_version=\u00bb4.4.8&#8243;] Usted est\u00e1 aqu\u00ed : P\u00e1gina principal | Esquema del sitio &nbsp; ESQUEMA DEL SITIO [\/et_pb_text][\/et_pb_column][\/et_pb_row][et_pb_row _builder_version=\u00bb4.4.8&#8243;][et_pb_column type=\u00bb4_4&#8243; _builder_version=\u00bb4.4.8&#8243;][et_pb_code _builder_version=\u00bb4.4.8&#8243;][\/et_pb_code][\/et_pb_column][\/et_pb_row][\/et_pb_section]<\/p>\n","protected":false},"author":1,"featured_media":0,"parent":0,"menu_order":0,"comment_status":"closed","ping_status":"closed","template":"","meta":{"_acf_changed":false,"_et_pb_use_builder":"on","_et_pb_old_content":"","_et_gb_content_width":"","footnotes":""},"class_list":["post-5409","page","type-page","status-publish","hentry"],"acf":[],"yoast_head":"<!-- This site is optimized with the Yoast SEO plugin v26.5 - https:\/\/yoast.com\/wordpress\/plugins\/seo\/ -->\n<title>Juntas de construcci\u00f3n - Esquema del sitio<\/title>\n<meta name=\"description\" content=\"Proveedor oficial de juntas de construcci\u00f3n desde hace m\u00e1s de 30 a\u00f1os, nuestros expertos est\u00e1n a su disposici\u00f3n para asesorarle.\" \/>\n<meta name=\"robots\" content=\"index, follow, max-snippet:-1, max-image-preview:large, max-video-preview:-1\" \/>\n<link rel=\"canonical\" href=\"https:\/\/vedafrance.com\/es\/juntas-de-construccion-esquema-del-sitio\/\" \/>\n<meta property=\"og:locale\" content=\"es_ES\" \/>\n<meta property=\"og:type\" content=\"article\" \/>\n<meta property=\"og:title\" content=\"Juntas de construcci\u00f3n - Esquema del sitio\" \/>\n<meta property=\"og:description\" content=\"Proveedor oficial de juntas de construcci\u00f3n desde hace m\u00e1s de 30 a\u00f1os, nuestros expertos est\u00e1n a su disposici\u00f3n para asesorarle.\" \/>\n<meta property=\"og:url\" content=\"https:\/\/vedafrance.com\/es\/juntas-de-construccion-esquema-del-sitio\/\" \/>\n<meta property=\"og:site_name\" content=\"Veda France\" \/>\n<meta property=\"article:publisher\" content=\"https:\/\/www.facebook.com\/pages\/category\/Industrial-Company\/GV2-VEDA-France-1401384223425452\/\" \/>\n<meta property=\"article:modified_time\" content=\"2023-01-10T17:03:19+00:00\" \/>\n<meta name=\"twitter:card\" content=\"summary_large_image\" \/>\n<meta name=\"twitter:site\" content=\"@gv2veda\" \/>\n<script type=\"application\/ld+json\" class=\"yoast-schema-graph\">{\"@context\":\"https:\/\/schema.org\",\"@graph\":[{\"@type\":\"WebPage\",\"@id\":\"https:\/\/vedafrance.com\/es\/juntas-de-construccion-esquema-del-sitio\/\",\"url\":\"https:\/\/vedafrance.com\/es\/juntas-de-construccion-esquema-del-sitio\/\",\"name\":\"Juntas de construcci\u00f3n - Esquema del sitio\",\"isPartOf\":{\"@id\":\"https:\/\/vedafrance.com\/es\/#website\"},\"datePublished\":\"2020-06-18T12:46:56+00:00\",\"dateModified\":\"2023-01-10T17:03:19+00:00\",\"description\":\"Proveedor oficial de juntas de construcci\u00f3n desde hace m\u00e1s de 30 a\u00f1os, nuestros expertos est\u00e1n a su disposici\u00f3n para asesorarle.\",\"breadcrumb\":{\"@id\":\"https:\/\/vedafrance.com\/es\/juntas-de-construccion-esquema-del-sitio\/#breadcrumb\"},\"inLanguage\":\"es\",\"potentialAction\":[{\"@type\":\"ReadAction\",\"target\":[\"https:\/\/vedafrance.com\/es\/juntas-de-construccion-esquema-del-sitio\/\"]}]},{\"@type\":\"BreadcrumbList\",\"@id\":\"https:\/\/vedafrance.com\/es\/juntas-de-construccion-esquema-del-sitio\/#breadcrumb\",\"itemListElement\":[{\"@type\":\"ListItem\",\"position\":1,\"name\":\"Accueil\",\"item\":\"https:\/\/vedafrance.com\/es\/\"},{\"@type\":\"ListItem\",\"position\":2,\"name\":\"Plan du site\"}]},{\"@type\":\"WebSite\",\"@id\":\"https:\/\/vedafrance.com\/es\/#website\",\"url\":\"https:\/\/vedafrance.com\/es\/\",\"name\":\"Veda France\",\"description\":\"\",\"publisher\":{\"@id\":\"https:\/\/vedafrance.com\/es\/#organization\"},\"potentialAction\":[{\"@type\":\"SearchAction\",\"target\":{\"@type\":\"EntryPoint\",\"urlTemplate\":\"https:\/\/vedafrance.com\/es\/?s={search_term_string}\"},\"query-input\":{\"@type\":\"PropertyValueSpecification\",\"valueRequired\":true,\"valueName\":\"search_term_string\"}}],\"inLanguage\":\"es\"},{\"@type\":\"Organization\",\"@id\":\"https:\/\/vedafrance.com\/es\/#organization\",\"name\":\"Veda France\",\"url\":\"https:\/\/vedafrance.com\/es\/\",\"logo\":{\"@type\":\"ImageObject\",\"inLanguage\":\"es\",\"@id\":\"https:\/\/vedafrance.com\/es\/#\/schema\/logo\/image\/\",\"url\":\"https:\/\/vedafrance.com\/wp-content\/uploads\/2020\/10\/Veda-logo-280x88-1.png\",\"contentUrl\":\"https:\/\/vedafrance.com\/wp-content\/uploads\/2020\/10\/Veda-logo-280x88-1.png\",\"width\":200,\"height\":120,\"caption\":\"Veda France\"},\"image\":{\"@id\":\"https:\/\/vedafrance.com\/es\/#\/schema\/logo\/image\/\"},\"sameAs\":[\"https:\/\/www.facebook.com\/pages\/category\/Industrial-Company\/GV2-VEDA-France-1401384223425452\/\",\"https:\/\/x.com\/gv2veda\",\"https:\/\/www.instagram.com\/veda_france\/\",\"https:\/\/fr.linkedin.com\/company\/gv2-veda-france\"]}]}<\/script>\n<!-- \/ Yoast SEO plugin. -->","yoast_head_json":{"title":"Juntas de construcci\u00f3n - Esquema del sitio","description":"Proveedor oficial de juntas de construcci\u00f3n desde hace m\u00e1s de 30 a\u00f1os, nuestros expertos est\u00e1n a su disposici\u00f3n para asesorarle.","robots":{"index":"index","follow":"follow","max-snippet":"max-snippet:-1","max-image-preview":"max-image-preview:large","max-video-preview":"max-video-preview:-1"},"canonical":"https:\/\/vedafrance.com\/es\/juntas-de-construccion-esquema-del-sitio\/","og_locale":"es_ES","og_type":"article","og_title":"Juntas de construcci\u00f3n - Esquema del sitio","og_description":"Proveedor oficial de juntas de construcci\u00f3n desde hace m\u00e1s de 30 a\u00f1os, nuestros expertos est\u00e1n a su disposici\u00f3n para asesorarle.","og_url":"https:\/\/vedafrance.com\/es\/juntas-de-construccion-esquema-del-sitio\/","og_site_name":"Veda France","article_publisher":"https:\/\/www.facebook.com\/pages\/category\/Industrial-Company\/GV2-VEDA-France-1401384223425452\/","article_modified_time":"2023-01-10T17:03:19+00:00","twitter_card":"summary_large_image","twitter_site":"@gv2veda","schema":{"@context":"https:\/\/schema.org","@graph":[{"@type":"WebPage","@id":"https:\/\/vedafrance.com\/es\/juntas-de-construccion-esquema-del-sitio\/","url":"https:\/\/vedafrance.com\/es\/juntas-de-construccion-esquema-del-sitio\/","name":"Juntas de construcci\u00f3n - Esquema del sitio","isPartOf":{"@id":"https:\/\/vedafrance.com\/es\/#website"},"datePublished":"2020-06-18T12:46:56+00:00","dateModified":"2023-01-10T17:03:19+00:00","description":"Proveedor oficial de juntas de construcci\u00f3n desde hace m\u00e1s de 30 a\u00f1os, nuestros expertos est\u00e1n a su disposici\u00f3n para asesorarle.","breadcrumb":{"@id":"https:\/\/vedafrance.com\/es\/juntas-de-construccion-esquema-del-sitio\/#breadcrumb"},"inLanguage":"es","potentialAction":[{"@type":"ReadAction","target":["https:\/\/vedafrance.com\/es\/juntas-de-construccion-esquema-del-sitio\/"]}]},{"@type":"BreadcrumbList","@id":"https:\/\/vedafrance.com\/es\/juntas-de-construccion-esquema-del-sitio\/#breadcrumb","itemListElement":[{"@type":"ListItem","position":1,"name":"Accueil","item":"https:\/\/vedafrance.com\/es\/"},{"@type":"ListItem","position":2,"name":"Plan du site"}]},{"@type":"WebSite","@id":"https:\/\/vedafrance.com\/es\/#website","url":"https:\/\/vedafrance.com\/es\/","name":"Veda France","description":"","publisher":{"@id":"https:\/\/vedafrance.com\/es\/#organization"},"potentialAction":[{"@type":"SearchAction","target":{"@type":"EntryPoint","urlTemplate":"https:\/\/vedafrance.com\/es\/?s={search_term_string}"},"query-input":{"@type":"PropertyValueSpecification","valueRequired":true,"valueName":"search_term_string"}}],"inLanguage":"es"},{"@type":"Organization","@id":"https:\/\/vedafrance.com\/es\/#organization","name":"Veda France","url":"https:\/\/vedafrance.com\/es\/","logo":{"@type":"ImageObject","inLanguage":"es","@id":"https:\/\/vedafrance.com\/es\/#\/schema\/logo\/image\/","url":"https:\/\/vedafrance.com\/wp-content\/uploads\/2020\/10\/Veda-logo-280x88-1.png","contentUrl":"https:\/\/vedafrance.com\/wp-content\/uploads\/2020\/10\/Veda-logo-280x88-1.png","width":200,"height":120,"caption":"Veda France"},"image":{"@id":"https:\/\/vedafrance.com\/es\/#\/schema\/logo\/image\/"},"sameAs":["https:\/\/www.facebook.com\/pages\/category\/Industrial-Company\/GV2-VEDA-France-1401384223425452\/","https:\/\/x.com\/gv2veda","https:\/\/www.instagram.com\/veda_france\/","https:\/\/fr.linkedin.com\/company\/gv2-veda-france"]}]}},"_links":{"self":[{"href":"https:\/\/vedafrance.com\/es\/wp-json\/wp\/v2\/pages\/5409","targetHints":{"allow":["GET"]}}],"collection":[{"href":"https:\/\/vedafrance.com\/es\/wp-json\/wp\/v2\/pages"}],"about":[{"href":"https:\/\/vedafrance.com\/es\/wp-json\/wp\/v2\/types\/page"}],"author":[{"embeddable":true,"href":"https:\/\/vedafrance.com\/es\/wp-json\/wp\/v2\/users\/1"}],"replies":[{"embeddable":true,"href":"https:\/\/vedafrance.com\/es\/wp-json\/wp\/v2\/comments?post=5409"}],"version-history":[{"count":5,"href":"https:\/\/vedafrance.com\/es\/wp-json\/wp\/v2\/pages\/5409\/revisions"}],"predecessor-version":[{"id":15040,"href":"https:\/\/vedafrance.com\/es\/wp-json\/wp\/v2\/pages\/5409\/revisions\/15040"}],"wp:attachment":[{"href":"https:\/\/vedafrance.com\/es\/wp-json\/wp\/v2\/media?parent=5409"}],"curies":[{"name":"wp","href":"https:\/\/api.w.org\/{rel}","templated":true}]}}