{"id":5996,"date":"2020-06-17T20:03:36","date_gmt":"2020-06-17T18:03:36","guid":{"rendered":"https:\/\/vedafrance.com\/mentions-legales\/"},"modified":"2024-09-12T17:22:11","modified_gmt":"2024-09-12T15:22:11","slug":"aviso-legal","status":"publish","type":"page","link":"https:\/\/vedafrance.com\/es\/aviso-legal\/","title":{"rendered":"Aviso legal"},"content":{"rendered":"<p>[et_pb_section fb_built=\u00bb1&#8243; _builder_version=\u00bb4.4.8&#8243;][et_pb_row _builder_version=\u00bb4.4.8&#8243;][et_pb_column type=\u00bb4_4&#8243; _builder_version=\u00bb4.4.8&#8243;][et_pb_text _builder_version=\u00bb4.4.8&#8243;]<\/p>\n<div class=\"breadcrumb\">\nUsted est\u00e1 aqu\u00ed : <a href=\"\/es\/\">P\u00e1gina principal<\/a> | <span>Aviso legal<\/span><\/div>\n<p>&nbsp;<\/p>\n<h1>AVISO LEGAL<\/h1>\n<p>[\/et_pb_text][\/et_pb_column][\/et_pb_row][et_pb_row _builder_version=\u00bb4.4.8&#8243;][et_pb_column type=\u00bb4_4&#8243; _builder_version=\u00bb4.4.8&#8243;][et_pb_text _builder_version=\u00bb4.4.8&#8243;]<\/p>\n<p style=\"text-align: justify;\"><em>Before using this website, please read these terms and conditions of use carefully. By visiting this website, you agree to be bound by these terms.<\/em><\/p>\n<h2 style=\"text-align: justify;\"><strong>Editorial manager<\/strong><\/h2>\n<p style=\"text-align: justify;\">GV2 &#8211; VEDA FRANCE<br \/>20 all\u00e9e des Erables<br \/>B\u00e2timent E<br \/>93420 VILLEPINTE<br \/>France<br \/>T\u00e9l. : + 33 (0)1 48 61 71 80<br \/>Fax : + 33 (0)1 48 61 71 81<br \/><a href=\"https:\/\/vedafrance.com\/\">https:\/\/www.vedafrance.com<\/a><\/p>\n<p style=\"text-align: justify;\">GV2 &#8211; VEDA FRANCE is a simplified joint stock company with a capital of 603 500\u20ac<br \/>RCS Bobigny 439 138 355 &#8211; Siret : 43913835500045 &#8211; APE : 4613Z<\/p>\n<p>&nbsp;<\/p>\n<h2 style=\"text-align: justify;\"><strong>Publisher of the site<\/strong><\/h2>\n<p style=\"text-align: justify;\">KAIMAN agency<br \/>355 Rue Albert Einstein<br \/>13290 Aix-en-Provence<br \/>Support +33 1 84 17 71 49<br \/>FRANCE<br \/>T\u00e9l : +33(0) 4 42 60 01 20<br \/>www.kaiman.fr<\/p>\n<p>&nbsp;<\/p>\n<h2 style=\"text-align: justify;\"><strong>Terms and conditions of use<\/strong><\/h2>\n<p style=\"text-align: justify;\">The website is accessible through the following link: <a href=\"https:\/\/vedafrance.com\">www.vedafrance.com<\/a>. It is produced in compliance with French legislation. The use of this website is led by the present general conditions. By using the website, you admit having read and accepted these conditions. They may be modified at any time and without prior notification by the company GV2 &#8211; VEDA FRANCE.<\/p>\n<p style=\"text-align: justify;\">GV2 &#8211; VEDA FRANCE cannot be held responsible in any way for any incorrect use of the service.<\/p>\n<p>&nbsp;<\/p>\n<h2 style=\"text-align: justify;\"><strong>Limitation of liability<\/strong><\/h2>\n<p style=\"text-align: justify;\">The information provided on this website is as accurate as possible and the website is regularly updated. However, it may contain inaccuracies, omissions or incompleteness. If you notice a lack, error or what appears to be a malfunction, please report it by email by describing the problem as precisely as possible (page with the problem, action triggered, type of computer and browser used&#8230;).<\/p>\n<p style=\"text-align: justify;\">Any downloaded content is done at the user&#8217;s own risk and under his own responsibility. Therefore, GV2 &#8211; VEDA FRANCE cannot be held liable for any damage to the user&#8217;s computer or for any loss of data resulting from downloading.<\/p>\n<p style=\"text-align: justify;\">The photos are not contractual.<br \/>GV2 &#8211; VEDA FRANCE cannot be held responsible for the hypertext links set up within the framework of this website to other resources on the Internet.<\/p>\n<p>&nbsp;<\/p>\n<h2 style=\"text-align: justify;\"><strong>Litigation<\/strong><\/h2>\n<p style=\"text-align: justify;\">The present conditions are led by French law and any contestation or litigation that may result from the interpretation or execution of these conditions will be under the exclusive jurisdiction of the courts where GV2 &#8211; VEDA FRANCE&#8217;s head office is located. The language of reference for the settlement of any litigation is French.<\/p>\n<p>&nbsp;<\/p>\n<h2 style=\"text-align: justify;\"><strong>Right of access to personal data<\/strong><\/h2>\n<p style=\"text-align: justify;\">In application of the law, website users have the right to access, rectify, modify and delete data concerning them personally. This right may be applied electronically at the following email address: <a href=\"mailto:contact@vedafrance.com\">contact@vedafrance.com<\/a><br \/>The personal information collected cannot be entrusted to third parties except for the eventual good execution of the service ordered by the website user.<\/p>\n<p>&nbsp;<\/p>\n<h2 style=\"text-align: justify;\"><strong>Privacy<\/strong><\/h2>\n<p style=\"text-align: justify;\">Your personal data are strictly confidential and will not be communicated to third parties under any circumstances except for the proper execution of the service.<\/p>\n<p>&nbsp;<\/p>\n<h2 style=\"text-align: justify;\"><strong>Intellectual Property<\/strong><\/h2>\n<p style=\"text-align: justify;\">All the content of this website, including but not limited to diagrams, illustrations, texts, videos, animations, logos and icons, as well as their presentation, are the exclusive property of GV2 &#8211; VEDA FRANCE, with the exception of trademarks, logos or content belonging to other partner companies or authors. Any reproduction, distribution, modification, adaptation, retransmission or publication, even partial, of these various elements is strictly prohibited without the written consent of GV2 VEDA FRANCE. This representation or reproduction, by any process whatsoever, constitutes an act of counterfeiting punishable by articles L.3335-2 and following of the Intellectual Property Code. The non-respect of this prohibition constitutes a counterfeit that can engage the civil and penal responsibility of the counterfeiter. In addition, GV2 VEDA FRANCE may take legal action against you for the reproduced content.<\/p>\n<p style=\"text-align: justify;\">GV2 &#8211; VEDA FRANCE is the owner of the \u00abrights of database producers\u00bb referred to in Book III, Title IV, of the Intellectual Property Code (law no. 98-536 of July 1, 1998) relating to copyright and databases.<\/p>\n<p style=\"text-align: justify;\">For any request for authorization or information, please contact us by email: <a href=\"mailto:contact@vedafrance.com\">contact@vedafrance.com<\/a>. Specific conditions are provided for the press.<\/p>\n<p>&nbsp;<\/p>\n<h2 style=\"text-align: justify;\"><strong>Site Hosting<\/strong><\/h2>\n<p style=\"text-align: justify;\">PLANET-WORK<\/p>\n<p style=\"text-align: justify;\">SAS au capital de 50.000 \u20ac<br \/>231 rue Saint-Honor\u00e9, 75001 PARIS<br \/>T\u00e9l : 0891 024 424<br \/>Email : <a href=\"mailto:contact@planet-work.com\">contact@planet-work.com<\/a><\/p>\n<p>&nbsp;<\/p>\n<h2 style=\"text-align: justify;\"><strong>Information and exclusion<\/strong><\/h2>\n<p style=\"text-align: justify;\">GV2 &#8211; VEDA FRANCE implements all the resources at its disposal, to ensure reliable information and updating of its websites. However, errors or omissions may occur. The website user must therefore ensure the accuracy of the information provided by GV2-VEDA FRANCE, and report any changes to the site that he or she deems useful. GV2 &#8211; VEDA FRANCE is in no way responsible for the use made of this information, nor for any direct or indirect prejudice that may result from it.<\/p>\n<p>&nbsp;<\/p>\n<h2 style=\"text-align: justify;\"><strong>Cookies<\/strong><\/h2>\n<p style=\"text-align: justify;\">For statistical and display purposes, this website uses cookies. These are small text files stored on your hard drive to record technical data of your navigation. Some parts of this website cannot be functional without the acceptance of cookies.<\/p>\n<p>&nbsp;<\/p>\n<h2 style=\"text-align: justify;\"><strong>Hypertext links<\/strong><\/h2>\n<p style=\"text-align: justify;\">The websites of GV2 &#8211; VEDA FRANCE may provide links to other websites or other resources available on the Internet.<\/p>\n<p style=\"text-align: justify;\">GV2 &#8211; VEDA FRANCE has no means of controlling the sites linked to its websites. GV2 &#8211; VEDA FRANCE is not responsible for, nor does it guarantee the availability of such external websites and sources. GV2 &#8211; VEDA FRANCE cannot be held liable for any damage, of any nature whatsoever, resulting from the content of these external sites or sources, in particular the information, products or services they offer, or any use that may be made of these elements. The risks related to this use are fully in charge of the Internet user, who must comply with their conditions of use.<\/p>\n<p style=\"text-align: justify;\">Users of GV2 &#8211; VEDA FRANCE&#8217;s websites may not set up a hyperlink to this site without the express prior permission of GV2 &#8211; VEDA FRANCE.<\/p>\n<p style=\"text-align: justify;\">In the event that a user or visitor wishes to set up a hyperlink to one of GV2 &#8211; VEDA FRANCE&#8217;s websites, it will be up to him to send an email accessible on the website in order to express his request. GV2 &#8211; VEDA FRANCE reserves the right to accept or refuse a hyperlink without having to justify its decision.<\/p>\n<p>&nbsp;<\/p>\n<h2 style=\"text-align: justify;\"><strong>Research<\/strong><\/h2>\n<p style=\"text-align: justify;\">In addition, a link to a website to complete the information required does not in any way mean that GV2 &#8211; VEDA FRANCE acknowledges or accepts responsibility for the content or use of this website.<\/p>\n<p>&nbsp;<\/p>\n<h2 style=\"text-align: justify;\"><strong>Precautions of use<\/strong><\/h2>\n<p style=\"text-align: justify;\">It is up to you to take the necessary precautions to ensure that whatever you choose to use is accurate and does not contain elements of a destructive nature such as viruses, Trojans, etc.<\/p>\n<p>&nbsp;<\/p>\n<h2 style=\"text-align: justify;\"><strong>Responsibility<\/strong><\/h2>\n<p style=\"text-align: justify;\">If any information provided by GV2 &#8211; VEDA FRANCE appears to be inaccurate, it is up to the customer to carry out any verification of the coherence or credibility of the results obtained. GV2 &#8211; VEDA FRANCE will not be liable to third parties in any way whatsoever for the customer&#8217;s use of the information or lack thereof contained in its products, including any of its websites.<\/p>\n<p>&nbsp;<\/p>\n<h2 style=\"text-align: justify;\"><strong>Contact us<\/strong><\/h2>\n<p style=\"text-align: justify;\">GV2 &#8211; VEDA FRANCE is at your disposal for all your comments or suggestions. You can write to us by e-mail at: <a href=\"mailto:contact@vedafrance.com\">contact@vedafrance.com<\/a>.<\/p>\n<p>[\/et_pb_text][\/et_pb_column][\/et_pb_row][\/et_pb_section]<\/p>\n","protected":false},"excerpt":{"rendered":"<p>The website is accessible through the following link: www.vedafrance.com. It is produced in compliance with French legislation. The use of this website is led by the present general conditions. By using the website, you admit having read and accepted these conditions. They may be modified at any time and without prior notification by the company GV2 &#8211; VEDA FRANCE.<\/p>\n","protected":false},"author":1,"featured_media":0,"parent":0,"menu_order":0,"comment_status":"closed","ping_status":"closed","template":"","meta":{"_acf_changed":false,"_et_pb_use_builder":"on","_et_pb_old_content":"","_et_gb_content_width":"","footnotes":""},"class_list":["post-5996","page","type-page","status-publish","hentry"],"acf":[],"yoast_head":"<!-- This site is optimized with the Yoast SEO plugin v26.5 - https:\/\/yoast.com\/wordpress\/plugins\/seo\/ -->\n<title>Informaci\u00f3n jur\u00eddica de VEDA FRANCE<\/title>\n<meta name=\"description\" content=\"Est\u00e1 especializada en la ingenier\u00eda, fabricaci\u00f3n y suministro de juntas de dilataci\u00f3n avanzadas y soluciones de barrera contra incendios para todo tipo de edificios.\" \/>\n<meta name=\"robots\" content=\"index, follow, max-snippet:-1, max-image-preview:large, max-video-preview:-1\" \/>\n<link rel=\"canonical\" href=\"https:\/\/vedafrance.com\/es\/aviso-legal\/\" \/>\n<meta property=\"og:locale\" content=\"es_ES\" \/>\n<meta property=\"og:type\" content=\"article\" \/>\n<meta property=\"og:title\" content=\"Informaci\u00f3n jur\u00eddica de VEDA FRANCE\" \/>\n<meta property=\"og:description\" content=\"Est\u00e1 especializada en la ingenier\u00eda, fabricaci\u00f3n y suministro de juntas de dilataci\u00f3n avanzadas y soluciones de barrera contra incendios para todo tipo de edificios.\" \/>\n<meta property=\"og:url\" content=\"https:\/\/vedafrance.com\/es\/aviso-legal\/\" \/>\n<meta property=\"og:site_name\" content=\"Veda France\" \/>\n<meta property=\"article:publisher\" content=\"https:\/\/www.facebook.com\/pages\/category\/Industrial-Company\/GV2-VEDA-France-1401384223425452\/\" \/>\n<meta property=\"article:modified_time\" content=\"2024-09-12T15:22:11+00:00\" \/>\n<meta name=\"twitter:card\" content=\"summary_large_image\" \/>\n<meta name=\"twitter:site\" content=\"@gv2veda\" \/>\n<meta name=\"twitter:label1\" content=\"Tiempo de lectura\" \/>\n\t<meta name=\"twitter:data1\" content=\"6 minutos\" \/>\n<script type=\"application\/ld+json\" class=\"yoast-schema-graph\">{\"@context\":\"https:\/\/schema.org\",\"@graph\":[{\"@type\":\"WebPage\",\"@id\":\"https:\/\/vedafrance.com\/es\/aviso-legal\/\",\"url\":\"https:\/\/vedafrance.com\/es\/aviso-legal\/\",\"name\":\"Informaci\u00f3n jur\u00eddica de VEDA FRANCE\",\"isPartOf\":{\"@id\":\"https:\/\/vedafrance.com\/es\/#website\"},\"datePublished\":\"2020-06-17T18:03:36+00:00\",\"dateModified\":\"2024-09-12T15:22:11+00:00\",\"description\":\"Est\u00e1 especializada en la ingenier\u00eda, fabricaci\u00f3n y suministro de juntas de dilataci\u00f3n avanzadas y soluciones de barrera contra incendios para todo tipo de edificios.\",\"breadcrumb\":{\"@id\":\"https:\/\/vedafrance.com\/es\/aviso-legal\/#breadcrumb\"},\"inLanguage\":\"es\",\"potentialAction\":[{\"@type\":\"ReadAction\",\"target\":[\"https:\/\/vedafrance.com\/es\/aviso-legal\/\"]}]},{\"@type\":\"BreadcrumbList\",\"@id\":\"https:\/\/vedafrance.com\/es\/aviso-legal\/#breadcrumb\",\"itemListElement\":[{\"@type\":\"ListItem\",\"position\":1,\"name\":\"Accueil\",\"item\":\"https:\/\/vedafrance.com\/es\/\"},{\"@type\":\"ListItem\",\"position\":2,\"name\":\"Aviso legal\"}]},{\"@type\":\"WebSite\",\"@id\":\"https:\/\/vedafrance.com\/es\/#website\",\"url\":\"https:\/\/vedafrance.com\/es\/\",\"name\":\"Veda France\",\"description\":\"\",\"publisher\":{\"@id\":\"https:\/\/vedafrance.com\/es\/#organization\"},\"potentialAction\":[{\"@type\":\"SearchAction\",\"target\":{\"@type\":\"EntryPoint\",\"urlTemplate\":\"https:\/\/vedafrance.com\/es\/?s={search_term_string}\"},\"query-input\":{\"@type\":\"PropertyValueSpecification\",\"valueRequired\":true,\"valueName\":\"search_term_string\"}}],\"inLanguage\":\"es\"},{\"@type\":\"Organization\",\"@id\":\"https:\/\/vedafrance.com\/es\/#organization\",\"name\":\"Veda France\",\"url\":\"https:\/\/vedafrance.com\/es\/\",\"logo\":{\"@type\":\"ImageObject\",\"inLanguage\":\"es\",\"@id\":\"https:\/\/vedafrance.com\/es\/#\/schema\/logo\/image\/\",\"url\":\"https:\/\/vedafrance.com\/wp-content\/uploads\/2020\/10\/Veda-logo-280x88-1.png\",\"contentUrl\":\"https:\/\/vedafrance.com\/wp-content\/uploads\/2020\/10\/Veda-logo-280x88-1.png\",\"width\":200,\"height\":120,\"caption\":\"Veda France\"},\"image\":{\"@id\":\"https:\/\/vedafrance.com\/es\/#\/schema\/logo\/image\/\"},\"sameAs\":[\"https:\/\/www.facebook.com\/pages\/category\/Industrial-Company\/GV2-VEDA-France-1401384223425452\/\",\"https:\/\/x.com\/gv2veda\",\"https:\/\/www.instagram.com\/veda_france\/\",\"https:\/\/fr.linkedin.com\/company\/gv2-veda-france\"]}]}<\/script>\n<!-- \/ Yoast SEO plugin. -->","yoast_head_json":{"title":"Informaci\u00f3n jur\u00eddica de VEDA FRANCE","description":"Est\u00e1 especializada en la ingenier\u00eda, fabricaci\u00f3n y suministro de juntas de dilataci\u00f3n avanzadas y soluciones de barrera contra incendios para todo tipo de edificios.","robots":{"index":"index","follow":"follow","max-snippet":"max-snippet:-1","max-image-preview":"max-image-preview:large","max-video-preview":"max-video-preview:-1"},"canonical":"https:\/\/vedafrance.com\/es\/aviso-legal\/","og_locale":"es_ES","og_type":"article","og_title":"Informaci\u00f3n jur\u00eddica de VEDA FRANCE","og_description":"Est\u00e1 especializada en la ingenier\u00eda, fabricaci\u00f3n y suministro de juntas de dilataci\u00f3n avanzadas y soluciones de barrera contra incendios para todo tipo de edificios.","og_url":"https:\/\/vedafrance.com\/es\/aviso-legal\/","og_site_name":"Veda France","article_publisher":"https:\/\/www.facebook.com\/pages\/category\/Industrial-Company\/GV2-VEDA-France-1401384223425452\/","article_modified_time":"2024-09-12T15:22:11+00:00","twitter_card":"summary_large_image","twitter_site":"@gv2veda","twitter_misc":{"Tiempo de lectura":"6 minutos"},"schema":{"@context":"https:\/\/schema.org","@graph":[{"@type":"WebPage","@id":"https:\/\/vedafrance.com\/es\/aviso-legal\/","url":"https:\/\/vedafrance.com\/es\/aviso-legal\/","name":"Informaci\u00f3n jur\u00eddica de VEDA FRANCE","isPartOf":{"@id":"https:\/\/vedafrance.com\/es\/#website"},"datePublished":"2020-06-17T18:03:36+00:00","dateModified":"2024-09-12T15:22:11+00:00","description":"Est\u00e1 especializada en la ingenier\u00eda, fabricaci\u00f3n y suministro de juntas de dilataci\u00f3n avanzadas y soluciones de barrera contra incendios para todo tipo de edificios.","breadcrumb":{"@id":"https:\/\/vedafrance.com\/es\/aviso-legal\/#breadcrumb"},"inLanguage":"es","potentialAction":[{"@type":"ReadAction","target":["https:\/\/vedafrance.com\/es\/aviso-legal\/"]}]},{"@type":"BreadcrumbList","@id":"https:\/\/vedafrance.com\/es\/aviso-legal\/#breadcrumb","itemListElement":[{"@type":"ListItem","position":1,"name":"Accueil","item":"https:\/\/vedafrance.com\/es\/"},{"@type":"ListItem","position":2,"name":"Aviso legal"}]},{"@type":"WebSite","@id":"https:\/\/vedafrance.com\/es\/#website","url":"https:\/\/vedafrance.com\/es\/","name":"Veda France","description":"","publisher":{"@id":"https:\/\/vedafrance.com\/es\/#organization"},"potentialAction":[{"@type":"SearchAction","target":{"@type":"EntryPoint","urlTemplate":"https:\/\/vedafrance.com\/es\/?s={search_term_string}"},"query-input":{"@type":"PropertyValueSpecification","valueRequired":true,"valueName":"search_term_string"}}],"inLanguage":"es"},{"@type":"Organization","@id":"https:\/\/vedafrance.com\/es\/#organization","name":"Veda France","url":"https:\/\/vedafrance.com\/es\/","logo":{"@type":"ImageObject","inLanguage":"es","@id":"https:\/\/vedafrance.com\/es\/#\/schema\/logo\/image\/","url":"https:\/\/vedafrance.com\/wp-content\/uploads\/2020\/10\/Veda-logo-280x88-1.png","contentUrl":"https:\/\/vedafrance.com\/wp-content\/uploads\/2020\/10\/Veda-logo-280x88-1.png","width":200,"height":120,"caption":"Veda France"},"image":{"@id":"https:\/\/vedafrance.com\/es\/#\/schema\/logo\/image\/"},"sameAs":["https:\/\/www.facebook.com\/pages\/category\/Industrial-Company\/GV2-VEDA-France-1401384223425452\/","https:\/\/x.com\/gv2veda","https:\/\/www.instagram.com\/veda_france\/","https:\/\/fr.linkedin.com\/company\/gv2-veda-france"]}]}},"_links":{"self":[{"href":"https:\/\/vedafrance.com\/es\/wp-json\/wp\/v2\/pages\/5996","targetHints":{"allow":["GET"]}}],"collection":[{"href":"https:\/\/vedafrance.com\/es\/wp-json\/wp\/v2\/pages"}],"about":[{"href":"https:\/\/vedafrance.com\/es\/wp-json\/wp\/v2\/types\/page"}],"author":[{"embeddable":true,"href":"https:\/\/vedafrance.com\/es\/wp-json\/wp\/v2\/users\/1"}],"replies":[{"embeddable":true,"href":"https:\/\/vedafrance.com\/es\/wp-json\/wp\/v2\/comments?post=5996"}],"version-history":[{"count":6,"href":"https:\/\/vedafrance.com\/es\/wp-json\/wp\/v2\/pages\/5996\/revisions"}],"predecessor-version":[{"id":17024,"href":"https:\/\/vedafrance.com\/es\/wp-json\/wp\/v2\/pages\/5996\/revisions\/17024"}],"wp:attachment":[{"href":"https:\/\/vedafrance.com\/es\/wp-json\/wp\/v2\/media?parent=5996"}],"curies":[{"name":"wp","href":"https:\/\/api.w.org\/{rel}","templated":true}]}}